{"id":11973,"date":"2018-10-03T09:10:55","date_gmt":"2018-10-03T07:10:55","guid":{"rendered":"https:\/\/www.havohravo.com\/kontakt\/"},"modified":"2020-03-21T22:03:04","modified_gmt":"2020-03-21T21:03:04","slug":"kontakt","status":"publish","type":"page","link":"https:\/\/www.havohravo.com\/de\/kontakt\/","title":{"rendered":"Kontakt"},"content":{"rendered":"<div class=\"wpb-content-wrapper\"><p>[vc_row type=&#8220;boxed&#8220;][vc_column offset=&#8220;vc_col-md-offset-1 vc_col-md-10&#8243;][vc_empty_space height=&#8220;48&#8243;][vc_column_text]<\/p>\n<h1>Wir freuen Uns \u00fcber deine Nachricht.<\/h1>\n<p>[\/vc_column_text][\/vc_column][\/vc_row][vc_row type=&#8220;boxed&#8220;][vc_column][vc_empty_space]\r\n\t\t\t<div class=\"nm-banner content-full image-type-fluid has-alt-image text-color-dark subtitle-below\" style=\"background-color: #eeeeee;\"><img loading=\"lazy\" decoding=\"async\" src=\"https:\/\/www.havohravo.com\/wp-content\/uploads\/2018\/10\/contact_collage.jpg\" width=\"2440\" height=\"815\" alt=\"contact_collage\" \/><img loading=\"lazy\" decoding=\"async\" src=\"https:\/\/www.havohravo.com\/wp-content\/uploads\/2018\/10\/contact_collage_small.jpg\" class=\"nm-banner-alt-image img\" width=\"1631\" height=\"815\" alt=\"contact_collage_small\" \/>\r\n\t\t\t<\/div>[vc_empty_space height=&#8220;48&#8243;][\/vc_column][\/vc_row][vc_row][vc_column width=&#8220;1\/4&#8243;][vc_column_text]<\/p>\n<h2>Schreib uns<\/h2>\n<p>Bei Fragen zu unserem Shop oder unseren Produkten kannst du uns gerne kontaktieren.[\/vc_column_text][vc_empty_space][\/vc_column][vc_column width=&#8220;1\/4&#8243;]\r\n\t\t\t<div class=\"nm-feature layout-icon_left icon-style-simple bottom-spacing-none\"><div class=\"nm-feature-icon\"><i class=\"pe-7s-mail-open-file\"><\/i><\/div>\r\n\t\t\t\t<div class=\"nm-feature-content\"><h2>Kontakt<\/h2>\r\n\t\t\t\t\t<div class=\"wpb_text_column\"><p>Tel: +43 660 692 03 22<br \/>\nE-Mail: <a href=\"mailto:info@havohravo.com\">info@havohravo.com<\/a><br \/>\nInstagram: <a href=\"https:\/\/www.instagram.com\/havohravo\/\" target=\"_blank\" rel=\"noopener noreferrer\">@havohravo<\/a><br \/>\nFacebook: <a href=\"https:\/\/www.facebook.com\/havohravo\" target=\"_blank\" rel=\"noopener noreferrer\">havohravo<\/a><\/p>\n<\/div>\r\n\t\t\t\t<\/div>\r\n\t\t\t<\/div>[vc_empty_space][\/vc_column][vc_column width=&#8220;1\/4&#8243;]\r\n\t\t\t<div class=\"nm-feature layout-icon_left icon-style-simple bottom-spacing-none\"><div class=\"nm-feature-icon\"><i class=\"pe-7s-map-marker\" style=\"color: #282828;\"><\/i><\/div>\r\n\t\t\t\t<div class=\"nm-feature-content\"><h2>Komm uns besuchen<\/h2>\r\n\t\t\t\t\t<div class=\"wpb_text_column\"><p>Du kannst unseren Stand bei verschiedenen Events in \u00d6sterreich, Slowakei und anderen europ\u00e4ischen L\u00e4ndern besuchen. Mehr Infos, wo du uns besuchen kannst, findest du auf der Seite\u00a0<a href=\"https:\/\/www.havohravo.com\/de\/veranstaltungen\/\">Veranstaltungen<\/a>.<\/p>\n<\/div>\r\n\t\t\t\t<\/div>\r\n\t\t\t<\/div>[vc_empty_space][\/vc_column][vc_column width=&#8220;1\/4&#8243;]\r\n\t\t\t<div class=\"nm-feature layout-icon_left icon-style-simple bottom-spacing-none\"><div class=\"nm-feature-icon\"><i class=\"pe-7s-mouse\"><\/i><\/div>\r\n\t\t\t\t<div class=\"nm-feature-content\"><h2>M\u00f6chtest du mit uns Zusammenarbeiten?<\/h2>\r\n\t\t\t\t\t<div class=\"wpb_text_column\"><p>Hast du einen eigenen Shop und m\u00f6chtest gerne unsere Produkte vertreiben? Mehr Informationen zu Bedingungen f\u00fcr Vertreiber findest du auf der Seite von unseren <a href=\"https:\/\/www.havohravo.com\/de\/reseller\/\">Fachh\u00e4ndlern<\/a>.<\/p>\n<\/div>\r\n\t\t\t\t<\/div>\r\n\t\t\t<\/div>[vc_empty_space][\/vc_column][\/vc_row]<\/p>\n<\/div>","protected":false},"excerpt":{"rendered":"<p>[vc_row type=&#8220;boxed&#8220;][vc_column offset=&#8220;vc_col-md-offset-1 vc_col-md-10&#8243;][vc_empty_space height=&#8220;48&#8243;][vc_column_text] Wir freuen Uns \u00fcber deine Nachricht. [\/vc_column_text][\/vc_column][\/vc_row][vc_row type=&#8220;boxed&#8220;][vc_column][vc_empty_space][vc_empty_space height=&#8220;48&#8243;][\/vc_column][\/vc_row][vc_row][vc_column width=&#8220;1\/4&#8243;][vc_column_text] Schreib uns Bei Fragen zu unserem Shop oder unseren Produkten kannst du uns gerne kontaktieren.[\/vc_column_text][vc_empty_space][\/vc_column][vc_column width=&#8220;1\/4&#8243;][vc_empty_space][\/vc_column][vc_column width=&#8220;1\/4&#8243;][vc_empty_space][\/vc_column][vc_column width=&#8220;1\/4&#8243;][vc_empty_space][\/vc_column][\/vc_row]<\/p>\n","protected":false},"author":1,"featured_media":0,"parent":0,"menu_order":0,"comment_status":"closed","ping_status":"closed","template":"","meta":{"footnotes":""},"class_list":["post-11973","page","type-page","status-publish","hentry"],"_links":{"self":[{"href":"https:\/\/www.havohravo.com\/de\/wp-json\/wp\/v2\/pages\/11973","targetHints":{"allow":["GET"]}}],"collection":[{"href":"https:\/\/www.havohravo.com\/de\/wp-json\/wp\/v2\/pages"}],"about":[{"href":"https:\/\/www.havohravo.com\/de\/wp-json\/wp\/v2\/types\/page"}],"author":[{"embeddable":true,"href":"https:\/\/www.havohravo.com\/de\/wp-json\/wp\/v2\/users\/1"}],"replies":[{"embeddable":true,"href":"https:\/\/www.havohravo.com\/de\/wp-json\/wp\/v2\/comments?post=11973"}],"version-history":[{"count":0,"href":"https:\/\/www.havohravo.com\/de\/wp-json\/wp\/v2\/pages\/11973\/revisions"}],"wp:attachment":[{"href":"https:\/\/www.havohravo.com\/de\/wp-json\/wp\/v2\/media?parent=11973"}],"curies":[{"name":"wp","href":"https:\/\/api.w.org\/{rel}","templated":true}]}}