{"id":11982,"date":"2018-10-13T13:06:08","date_gmt":"2018-10-13T11:06:08","guid":{"rendered":"https:\/\/www.havohravo.com\/wunschliste\/"},"modified":"2018-10-13T13:06:08","modified_gmt":"2018-10-13T11:06:08","slug":"wunschliste","status":"publish","type":"page","link":"https:\/\/www.havohravo.com\/de\/wunschliste\/","title":{"rendered":"Wunschliste"},"content":{"rendered":"\r\n<div id=\"nm-wishlist-empty\" class=\"show\">\r\n    <div class=\"nm-row\">\r\n        <div class=\"col-xs-12\">\r\n            <p class=\"icon\"><i class=\"nm-font nm-font-close2\"><\/i><\/p>\r\n            <h1>Deine Wunschliste enth\u00e4lt im Moment keine Produkte.<\/h1>\r\n            <p class=\"note\">Klicke auf <i class=\"nm-font nm-font-heart-o\"><\/i> Symbole um Produkte hinzuf\u00fcgen.<\/p> \r\n            <p><a href=\"https:\/\/www.havohravo.com\/de\/shop\/\" class=\"button\">Zur\u00fcck zum Shop<\/a><\/p>\r\n        <\/div>\r\n    <\/div>\r\n<\/div>\r\n\n","protected":false},"excerpt":{"rendered":"Deine Wunschliste enth\u00e4lt im Moment keine Produkte. Klicke auf Symbole um Produkte hinzuf\u00fcgen. Zur\u00fcck zum Shop","protected":false},"author":1,"featured_media":0,"parent":0,"menu_order":0,"comment_status":"closed","ping_status":"closed","template":"","meta":{"footnotes":""},"class_list":["post-11982","page","type-page","status-publish","hentry"],"_links":{"self":[{"href":"https:\/\/www.havohravo.com\/de\/wp-json\/wp\/v2\/pages\/11982","targetHints":{"allow":["GET"]}}],"collection":[{"href":"https:\/\/www.havohravo.com\/de\/wp-json\/wp\/v2\/pages"}],"about":[{"href":"https:\/\/www.havohravo.com\/de\/wp-json\/wp\/v2\/types\/page"}],"author":[{"embeddable":true,"href":"https:\/\/www.havohravo.com\/de\/wp-json\/wp\/v2\/users\/1"}],"replies":[{"embeddable":true,"href":"https:\/\/www.havohravo.com\/de\/wp-json\/wp\/v2\/comments?post=11982"}],"version-history":[{"count":0,"href":"https:\/\/www.havohravo.com\/de\/wp-json\/wp\/v2\/pages\/11982\/revisions"}],"wp:attachment":[{"href":"https:\/\/www.havohravo.com\/de\/wp-json\/wp\/v2\/media?parent=11982"}],"curies":[{"name":"wp","href":"https:\/\/api.w.org\/{rel}","templated":true}]}}