{"id":31249,"date":"2020-03-21T18:27:11","date_gmt":"2020-03-21T17:27:11","guid":{"rendered":"https:\/\/www.havohravo.com\/spielen\/"},"modified":"2020-06-13T22:10:34","modified_gmt":"2020-06-13T20:10:34","slug":"spielen","status":"publish","type":"page","link":"https:\/\/www.havohravo.com\/de\/spielen\/","title":{"rendered":"Spielen"},"content":{"rendered":"<div class=\"wpb-content-wrapper\"><p>[vc_row type=&#8220;full-nopad&#8220; min_height=&#8220;400&#8243; content_placement=&#8220;middle&#8220; css=&#8220;.vc_custom_1584818812688{margin-bottom: 0px !important;background-position: center !important;background-repeat: no-repeat !important;background-size: cover !important;}&#8220; el_id=&#8220;pagebanner&#8220;][vc_column]\r\n\t\t\t<div class=\"nm-banner content-boxed full-width-parent image-type-css has-alt-image text-color-light subtitle-below alt-mobile-layout\" style=\"\"><div class=\"nm-banner-image\" style=\" background-image:url(https:\/\/www.havohravo.com\/wp-content\/uploads\/2020\/03\/landing_banner_play2.jpg);\"><\/div><div class=\"nm-banner-image nm-banner-alt-image\" style=\"background-image:url(https:\/\/www.havohravo.com\/wp-content\/uploads\/2020\/03\/landing_banner_play2_sm.jpg);\"><\/div>\r\n\t\t\t\t<div class=\"nm-banner-content\">\r\n\t\t\t\t\t<div class=\"nm-banner-content-inner h_left v_bottom align_left\">\r\n\t\t\t\t\t\t<div class=\"nm-banner-text large\" style=\"\">\r\n\t\t\t\t\t\t\t<div class=\"nm-banner-text-inner\"><h1 class=\"nm-banner-title\">hab Spa\u00df in jeder Situation<\/h1><p class=\"nm-banner-subtitle nm-alt-font\">Unser Angebot enth\u00e4lt vor allem Spielzeug, das Motivation und Trieb im Hundesport &amp; Training steigert! Du findest bei uns kurze Zerrspielis, die man beim Training leicht einstecken kann, lange Zerrspielis die perfekt f\u00fcrs Jagen sind, weiches Pl\u00fcschspielzeug mit Quietsche bis zu Spielzeug aus echtem Kaninchen- oder Schaffell!<\/p><a href=\"https:\/\/www.havohravo.com\/de\/produkt-kategorie\/hundespielzeug\/\" class=\"nm-banner-link nm-banner-shop-link type-btn\">Alle Produkte anzeigen<\/a><\/div>\r\n\t\t\t\t\t\t<\/div>\r\n\t\t\t\t\t<\/div>\r\n\t\t\t\t<\/div>\r\n\t\t\t<\/div>[\/vc_column][\/vc_row][vc_row type=&#8220;boxed&#8220; css=&#8220;.vc_custom_1584834430841{margin-top: 48px !important;}&#8220;][vc_column width=&#8220;2\/3&#8243;][vc_column_text]<\/p>\n<h2>Empfohlene Produkte<\/h2>\n<p>Der integrierte R\u00fcckd\u00e4mpfer schont die Wirbels\u00e4ule des Hundes als auch die des Menschen bei abruptem Zug. Das Spielzeug dient zum aktiven Spiel zwischen Hundef\u00fchrer und Hund.[\/vc_column_text][\/vc_column][vc_column width=&#8220;1\/3&#8243;][\/vc_column][\/vc_row][vc_row type=&#8220;boxed&#8220; css=&#8220;.vc_custom_1584834440074{margin-top: 48px !important;margin-bottom: 64px !important;}&#8220;][vc_column]<div class=\"woocommerce columns-4 \"><ul class=\"nm-products products xsmall-block-grid-1 small-block-grid-2 medium-block-grid-3 large-block-grid-4 grid-default layout-static-buttons-on-touch attributes-position-thumbnail has-action-links\">\r\n<li class=\"product type-product post-25254 status-publish first instock product_cat-hundespielzeug product_cat-pluschtierchen product_tag-quitschi has-post-thumbnail taxable shipping-taxable purchasable product-type-simple\" data-product-id=\"25254\">\r\n\t<div class=\"nm-shop-loop-product-wrap\">\r\n        \r\n        <div class=\"nm-shop-loop-thumbnail\">\r\n                        \r\n            <a href=\"https:\/\/www.havohravo.com\/de\/produkt\/frosch\/\" class=\"nm-shop-loop-thumbnail-link woocommerce-LoopProduct-link\">\r\n            <img loading=\"lazy\" decoding=\"async\" width=\"350\" height=\"262\" src=\"https:\/\/www.havohravo.com\/wp-content\/uploads\/2019\/11\/j4p_frosch-350x262.jpg\" class=\"attachment-woocommerce_thumbnail size-woocommerce_thumbnail\" alt=\"\" srcset=\"https:\/\/www.havohravo.com\/wp-content\/uploads\/2019\/11\/j4p_frosch-350x262.jpg 350w, https:\/\/www.havohravo.com\/wp-content\/uploads\/2019\/11\/j4p_frosch-320x240.jpg 320w, https:\/\/www.havohravo.com\/wp-content\/uploads\/2019\/11\/j4p_frosch-768x576.jpg 768w, https:\/\/www.havohravo.com\/wp-content\/uploads\/2019\/11\/j4p_frosch-680x510.jpg 680w, https:\/\/www.havohravo.com\/wp-content\/uploads\/2019\/11\/j4p_frosch.jpg 1331w\" sizes=\"auto, (max-width: 350px) 100vw, 350px\" \/>            <\/a>\r\n        <\/div>\r\n        \r\n        <div class=\"nm-shop-loop-details\">\r\n            <a href=\"#\" id=\"nm-wishlist-item-25254-button\" class=\"nm-wishlist-button nm-wishlist-item-25254-button\" data-product-id=\"25254\" title=\"Zur Wunschliste hinzuf\u00fcgen\"><i class=\"nm-font nm-font-heart-o\"><\/i><\/a>\r\n            <div class=\"nm-shop-loop-title-price\">\r\n            <h3 class=\"woocommerce-loop-product__title\"><a href=\"https:\/\/www.havohravo.com\/de\/produkt\/frosch\/\" class=\"nm-shop-loop-title-link woocommerce-LoopProduct-link\">Frosch<\/a><\/h3><\/a><p class=\"price\"><span class=\"woocommerce-Price-amount amount\"><bdi><span class=\"woocommerce-Price-currencySymbol\">&euro;<\/span>&nbsp;13,00<\/bdi><\/span><\/p>\n\t\t<div class=\"wgm-info woocommerce-de_price_taxrate \"><\/div>\n\t\t<div class=\"wgm-info woocommerce_de_versandkosten\">zzgl. <a class=\"versandkosten\" href=\"https:\/\/www.havohravo.com\/de\/versandkosten-und-lieferinformationen\/\" target=\"_blank\">Versand<\/a><\/div>\n\t\t            <\/div>\r\n\r\n            <div class=\"nm-shop-loop-actions\">\r\n            <a href=\"?add-to-cart=25254\" aria-describedby=\"woocommerce_loop_add_to_cart_link_describedby_25254\" data-quantity=\"1\" class=\"button product_type_simple add_to_cart_button ajax_add_to_cart\" data-product_id=\"25254\" data-product_sku=\"frog\" aria-label=\"In den Warenkorb legen: \u201eFrosch\u201c\" rel=\"nofollow\" data-success_message=\"\u201eFrosch\u201c wurde deinem Warenkorb hinzugef\u00fcgt\">In den Warenkorb<\/a>\t<span id=\"woocommerce_loop_add_to_cart_link_describedby_25254\" class=\"screen-reader-text\">\r\n\t\t\t<\/span>\r\n            <\/div>\r\n        <\/div>\r\n        \r\n            <\/div>\r\n<\/li>\r\n<li class=\"product type-product post-6854 status-publish instock product_cat-hundespielzeug product_cat-spielzeug-mit-tuggy-griff has-post-thumbnail taxable shipping-taxable purchasable product-type-variable\" data-product-id=\"6854\">\r\n\t<div class=\"nm-shop-loop-product-wrap\">\r\n        \r\n        <div class=\"nm-shop-loop-thumbnail\">\r\n                        \r\n            <a href=\"https:\/\/www.havohravo.com\/de\/produkt\/tuggy-basic-hol-ee-roller\/\" class=\"nm-shop-loop-thumbnail-link woocommerce-LoopProduct-link\">\r\n            <img loading=\"lazy\" decoding=\"async\" width=\"350\" height=\"350\" src=\"https:\/\/www.havohravo.com\/wp-content\/uploads\/2018\/12\/B7089900-C4B0-440D-84AB-0C41C58081F1-350x350.jpg\" class=\"attachment-woocommerce_thumbnail size-woocommerce_thumbnail\" alt=\"\" srcset=\"https:\/\/www.havohravo.com\/wp-content\/uploads\/2018\/12\/B7089900-C4B0-440D-84AB-0C41C58081F1-350x350.jpg 350w, https:\/\/www.havohravo.com\/wp-content\/uploads\/2018\/12\/B7089900-C4B0-440D-84AB-0C41C58081F1-768x768.jpg 768w, https:\/\/www.havohravo.com\/wp-content\/uploads\/2018\/12\/B7089900-C4B0-440D-84AB-0C41C58081F1-680x680.jpg 680w, https:\/\/www.havohravo.com\/wp-content\/uploads\/2018\/12\/B7089900-C4B0-440D-84AB-0C41C58081F1-100x100.jpg 100w, https:\/\/www.havohravo.com\/wp-content\/uploads\/2018\/12\/B7089900-C4B0-440D-84AB-0C41C58081F1.jpg 1024w\" sizes=\"auto, (max-width: 350px) 100vw, 350px\" \/><img loading=\"lazy\" decoding=\"async\" width=\"350\" height=\"350\" src=\"https:\/\/www.havohravo.com\/wp-content\/uploads\/2018\/12\/21EC9F9D-84CE-4DC2-A481-3F63028EECCD-350x350.jpg\" class=\"attachment-woocommerce_thumbnail size-woocommerce_thumbnail nm-shop-hover-image\" alt=\"\" srcset=\"https:\/\/www.havohravo.com\/wp-content\/uploads\/2018\/12\/21EC9F9D-84CE-4DC2-A481-3F63028EECCD-350x350.jpg 350w, https:\/\/www.havohravo.com\/wp-content\/uploads\/2018\/12\/21EC9F9D-84CE-4DC2-A481-3F63028EECCD-768x768.jpg 768w, https:\/\/www.havohravo.com\/wp-content\/uploads\/2018\/12\/21EC9F9D-84CE-4DC2-A481-3F63028EECCD-680x680.jpg 680w, https:\/\/www.havohravo.com\/wp-content\/uploads\/2018\/12\/21EC9F9D-84CE-4DC2-A481-3F63028EECCD-100x100.jpg 100w, https:\/\/www.havohravo.com\/wp-content\/uploads\/2018\/12\/21EC9F9D-84CE-4DC2-A481-3F63028EECCD.jpg 1024w\" sizes=\"auto, (max-width: 350px) 100vw, 350px\" \/>            <\/a>\r\n        <\/div>\r\n        \r\n        <div class=\"nm-shop-loop-details\">\r\n            <a href=\"#\" id=\"nm-wishlist-item-6854-button\" class=\"nm-wishlist-button nm-wishlist-item-6854-button\" data-product-id=\"6854\" title=\"Zur Wunschliste hinzuf\u00fcgen\"><i class=\"nm-font nm-font-heart-o\"><\/i><\/a>\r\n            <div class=\"nm-shop-loop-title-price\">\r\n            <h3 class=\"woocommerce-loop-product__title\"><a href=\"https:\/\/www.havohravo.com\/de\/produkt\/tuggy-basic-hol-ee-roller\/\" class=\"nm-shop-loop-title-link woocommerce-LoopProduct-link\">Tuggy Basic &#038; Hol-EE-Roller<\/a><\/h3><\/a><p class=\"price\"><span class=\"woocommerce-Price-amount amount\"><bdi><span class=\"woocommerce-Price-currencySymbol\">&euro;<\/span>&nbsp;22,00<\/bdi><\/span><\/p>\n\t\t<div class=\"wgm-info woocommerce-de_price_taxrate \"><\/div>\n\t\t<div class=\"wgm-info woocommerce_de_versandkosten\">zzgl. <a class=\"versandkosten\" href=\"https:\/\/www.havohravo.com\/de\/versandkosten-und-lieferinformationen\/\" target=\"_blank\">Versand<\/a><\/div>\n\t\t            <\/div>\r\n\r\n            <div class=\"nm-shop-loop-actions\">\r\n            <a href=\"https:\/\/www.havohravo.com\/de\/produkt\/tuggy-basic-hol-ee-roller\/\" aria-describedby=\"woocommerce_loop_add_to_cart_link_describedby_6854\" data-quantity=\"1\" class=\"button product_type_variable add_to_cart_button\" data-product_id=\"6854\" data-product_sku=\"tuggy-basic-hol-ee-roller\" aria-label=\"W\u00e4hle Optionen f\u00fcr \u201eTuggy Basic &amp; Hol-EE-Roller\u201c\" rel=\"nofollow\">Ausf\u00fchrung w\u00e4hlen<\/a>\t<span id=\"woocommerce_loop_add_to_cart_link_describedby_6854\" class=\"screen-reader-text\">\r\n\t\tDieses Produkt weist mehrere Varianten auf. Die Optionen k\u00f6nnen auf der Produktseite gew\u00e4hlt werden\t<\/span>\r\n            <\/div>\r\n        <\/div>\r\n        \r\n            <\/div>\r\n<\/li>\r\n<li class=\"product type-product post-6884 status-publish instock product_cat-hundespielzeug product_cat-spielzeug-mit-tuggy-griff has-post-thumbnail taxable shipping-taxable purchasable product-type-variable\" data-product-id=\"6884\">\r\n\t<div class=\"nm-shop-loop-product-wrap\">\r\n        \r\n        <div class=\"nm-shop-loop-thumbnail\">\r\n                        \r\n            <a href=\"https:\/\/www.havohravo.com\/de\/produkt\/tuggy-basic-chuckit-ultra-ball\/\" class=\"nm-shop-loop-thumbnail-link woocommerce-LoopProduct-link\">\r\n            <img loading=\"lazy\" decoding=\"async\" width=\"350\" height=\"263\" src=\"https:\/\/www.havohravo.com\/wp-content\/uploads\/2018\/12\/hh_tuggy_basic_standard_chuckit_s-350x263.jpg\" class=\"attachment-woocommerce_thumbnail size-woocommerce_thumbnail\" alt=\"\" srcset=\"https:\/\/www.havohravo.com\/wp-content\/uploads\/2018\/12\/hh_tuggy_basic_standard_chuckit_s-350x263.jpg 350w, https:\/\/www.havohravo.com\/wp-content\/uploads\/2018\/12\/hh_tuggy_basic_standard_chuckit_s-768x576.jpg 768w, https:\/\/www.havohravo.com\/wp-content\/uploads\/2018\/12\/hh_tuggy_basic_standard_chuckit_s-680x510.jpg 680w, https:\/\/www.havohravo.com\/wp-content\/uploads\/2018\/12\/hh_tuggy_basic_standard_chuckit_s.jpg 1024w\" sizes=\"auto, (max-width: 350px) 100vw, 350px\" \/><img loading=\"lazy\" decoding=\"async\" width=\"350\" height=\"263\" src=\"https:\/\/www.havohravo.com\/wp-content\/uploads\/2018\/10\/hh_tuggy_short_chuckit_all-350x263.jpg\" class=\"attachment-woocommerce_thumbnail size-woocommerce_thumbnail nm-shop-hover-image\" alt=\"\" srcset=\"https:\/\/www.havohravo.com\/wp-content\/uploads\/2018\/10\/hh_tuggy_short_chuckit_all-350x263.jpg 350w, https:\/\/www.havohravo.com\/wp-content\/uploads\/2018\/10\/hh_tuggy_short_chuckit_all-768x576.jpg 768w, https:\/\/www.havohravo.com\/wp-content\/uploads\/2018\/10\/hh_tuggy_short_chuckit_all-680x510.jpg 680w, https:\/\/www.havohravo.com\/wp-content\/uploads\/2018\/10\/hh_tuggy_short_chuckit_all.jpg 1024w\" sizes=\"auto, (max-width: 350px) 100vw, 350px\" \/>            <\/a>\r\n        <\/div>\r\n        \r\n        <div class=\"nm-shop-loop-details\">\r\n            <a href=\"#\" id=\"nm-wishlist-item-6884-button\" class=\"nm-wishlist-button nm-wishlist-item-6884-button\" data-product-id=\"6884\" title=\"Zur Wunschliste hinzuf\u00fcgen\"><i class=\"nm-font nm-font-heart-o\"><\/i><\/a>\r\n            <div class=\"nm-shop-loop-title-price\">\r\n            <h3 class=\"woocommerce-loop-product__title\"><a href=\"https:\/\/www.havohravo.com\/de\/produkt\/tuggy-basic-chuckit-ultra-ball\/\" class=\"nm-shop-loop-title-link woocommerce-LoopProduct-link\">Tuggy Basic Chuckit Ultra Ball<\/a><\/h3><\/a><p class=\"price\"><span class=\"woocommerce-Price-amount amount\"><bdi><span class=\"woocommerce-Price-currencySymbol\">&euro;<\/span>&nbsp;22,00<\/bdi><\/span><\/p>\n\t\t<div class=\"wgm-info woocommerce-de_price_taxrate \"><\/div>\n\t\t<div class=\"wgm-info woocommerce_de_versandkosten\">zzgl. <a class=\"versandkosten\" href=\"https:\/\/www.havohravo.com\/de\/versandkosten-und-lieferinformationen\/\" target=\"_blank\">Versand<\/a><\/div>\n\t\t            <\/div>\r\n\r\n            <div class=\"nm-shop-loop-actions\">\r\n            <a href=\"https:\/\/www.havohravo.com\/de\/produkt\/tuggy-basic-chuckit-ultra-ball\/\" aria-describedby=\"woocommerce_loop_add_to_cart_link_describedby_6884\" data-quantity=\"1\" class=\"button product_type_variable add_to_cart_button\" data-product_id=\"6884\" data-product_sku=\"tuggy-basic-chuckit-ultra-ball\" aria-label=\"W\u00e4hle Optionen f\u00fcr \u201eTuggy Basic Chuckit Ultra Ball\u201c\" rel=\"nofollow\">Ausf\u00fchrung w\u00e4hlen<\/a>\t<span id=\"woocommerce_loop_add_to_cart_link_describedby_6884\" class=\"screen-reader-text\">\r\n\t\tDieses Produkt weist mehrere Varianten auf. Die Optionen k\u00f6nnen auf der Produktseite gew\u00e4hlt werden\t<\/span>\r\n            <\/div>\r\n        <\/div>\r\n        \r\n            <\/div>\r\n<\/li>\r\n<li class=\"product type-product post-7258 status-publish last outofstock product_cat-fellspielzeug product_cat-hundespielzeug product_cat-spielzeug-mit-tuggy-griff product_tag-kaninchenfell has-post-thumbnail taxable shipping-taxable purchasable product-type-simple\" data-product-id=\"7258\">\r\n\t<div class=\"nm-shop-loop-product-wrap\">\r\n        \r\n        <div class=\"nm-shop-loop-thumbnail\">\r\n                        \r\n            <a href=\"https:\/\/www.havohravo.com\/de\/produkt\/tuggy-rabbit-40-cm\/\" class=\"nm-shop-loop-thumbnail-link woocommerce-LoopProduct-link\">\r\n            <img loading=\"lazy\" decoding=\"async\" width=\"350\" height=\"263\" src=\"https:\/\/www.havohravo.com\/wp-content\/uploads\/2019\/11\/hh_tuggy_rabbit_40-350x263.jpg\" class=\"attachment-woocommerce_thumbnail size-woocommerce_thumbnail\" alt=\"\" srcset=\"https:\/\/www.havohravo.com\/wp-content\/uploads\/2019\/11\/hh_tuggy_rabbit_40-350x263.jpg 350w, https:\/\/www.havohravo.com\/wp-content\/uploads\/2019\/11\/hh_tuggy_rabbit_40-1220x915.jpg 1220w, https:\/\/www.havohravo.com\/wp-content\/uploads\/2019\/11\/hh_tuggy_rabbit_40-768x576.jpg 768w, https:\/\/www.havohravo.com\/wp-content\/uploads\/2019\/11\/hh_tuggy_rabbit_40-1536x1152.jpg 1536w, https:\/\/www.havohravo.com\/wp-content\/uploads\/2019\/11\/hh_tuggy_rabbit_40-scaled.jpg 2048w, https:\/\/www.havohravo.com\/wp-content\/uploads\/2019\/11\/hh_tuggy_rabbit_40-680x510.jpg 680w, https:\/\/www.havohravo.com\/wp-content\/uploads\/2019\/11\/hh_tuggy_rabbit_40-80x60.jpg 80w, https:\/\/www.havohravo.com\/wp-content\/uploads\/2019\/11\/hh_tuggy_rabbit_40-120x90.jpg 120w\" sizes=\"auto, (max-width: 350px) 100vw, 350px\" \/>            <\/a>\r\n        <\/div>\r\n        \r\n        <div class=\"nm-shop-loop-details\">\r\n            <a href=\"#\" id=\"nm-wishlist-item-7258-button\" class=\"nm-wishlist-button nm-wishlist-item-7258-button\" data-product-id=\"7258\" title=\"Zur Wunschliste hinzuf\u00fcgen\"><i class=\"nm-font nm-font-heart-o\"><\/i><\/a>\r\n            <div class=\"nm-shop-loop-title-price\">\r\n            <h3 class=\"woocommerce-loop-product__title\"><a href=\"https:\/\/www.havohravo.com\/de\/produkt\/tuggy-rabbit-40-cm\/\" class=\"nm-shop-loop-title-link woocommerce-LoopProduct-link\">Tuggy Rabbit 40 cm<\/a><\/h3><\/a><p class=\"price\"><span class=\"woocommerce-Price-amount amount\"><bdi><span class=\"woocommerce-Price-currencySymbol\">&euro;<\/span>&nbsp;23,50<\/bdi><\/span><\/p>\n\t\t<div class=\"wgm-info woocommerce-de_price_taxrate \"><\/div>\n\t\t<div class=\"wgm-info woocommerce_de_versandkosten\">zzgl. <a class=\"versandkosten\" href=\"https:\/\/www.havohravo.com\/de\/versandkosten-und-lieferinformationen\/\" target=\"_blank\">Versand<\/a><\/div>\n\t\t            <\/div>\r\n\r\n            <div class=\"nm-shop-loop-actions\">\r\n            <a href=\"https:\/\/www.havohravo.com\/de\/produkt\/tuggy-rabbit-40-cm\/\" aria-describedby=\"woocommerce_loop_add_to_cart_link_describedby_7258\" data-quantity=\"1\" class=\"button product_type_simple\" data-product_id=\"7258\" data-product_sku=\"tuggy-rabbit-40\" aria-label=\"Lese mehr \u00fcber &#8222;Tuggy Rabbit 40 cm&#8220;\" rel=\"nofollow\" data-success_message=\"\">Weiterlesen<\/a>\t<span id=\"woocommerce_loop_add_to_cart_link_describedby_7258\" class=\"screen-reader-text\">\r\n\t\t\t<\/span>\r\n            <\/div>\r\n        <\/div>\r\n        \r\n            <\/div>\r\n<\/li>\r\n<\/ul>\r\n<\/div>[\/vc_column][\/vc_row][vc_row][vc_column][vc_column_text]<\/p>\n<p>[\/vc_column_text][\/vc_column][\/vc_row][vc_row css=&#8220;.vc_custom_1584834413383{margin-top: 48px !important;margin-bottom: 0px !important;padding-top: 64px !important;padding-bottom: 64px !important;background-color: #ededed !important;}&#8220;][vc_column][vc_row_inner type=&#8220;boxed&#8220;][vc_column_inner width=&#8220;2\/3&#8243;][vc_column_text]<\/p>\n<h2>Mehr aus unserem Blog \u2026<\/h2>\n<p>Suchst du Hundesport-relevante Informationen? In unserem Blog findest du Tipps f\u00fcr dein Training, n\u00fctzliche Infos oder einfach nur Inspiration. Hier haben wir f\u00fcr dich ein Paar Artikel ausgesucht, die zu diesem Thema passen k\u00f6nnten.[\/vc_column_text][\/vc_column_inner][vc_column_inner width=&#8220;1\/3&#8243;][\/vc_column_inner][\/vc_row_inner][vc_row_inner type=&#8220;boxed&#8220;][vc_column_inner][vc_empty_space height=&#8220;64&#8243;][\/vc_column_inner][\/vc_row_inner][\/vc_column][\/vc_row]<\/p>\n<\/div>","protected":false},"excerpt":{"rendered":"<p>[vc_row type=&#8220;full-nopad&#8220; min_height=&#8220;400&#8243; content_placement=&#8220;middle&#8220; css=&#8220;.vc_custom_1584818812688{margin-bottom: 0px !important;background-position: center !important;background-repeat: no-repeat !important;background-size: cover !important;}&#8220; el_id=&#8220;pagebanner&#8220;][vc_column][\/vc_column][\/vc_row][vc_row type=&#8220;boxed&#8220; css=&#8220;.vc_custom_1584834430841{margin-top: 48px !important;}&#8220;][vc_column width=&#8220;2\/3&#8243;][vc_column_text] Empfohlene Produkte Der integrierte R\u00fcckd\u00e4mpfer schont die Wirbels\u00e4ule des Hundes als auch die des Menschen bei abruptem Zug. Das Spielzeug dient zum aktiven Spiel zwischen Hundef\u00fchrer und Hund.[\/vc_column_text][\/vc_column][vc_column width=&#8220;1\/3&#8243;][\/vc_column][\/vc_row][vc_row type=&#8220;boxed&#8220; css=&#8220;.vc_custom_1584834440074{margin-top: 48px !important;margin-bottom: 64px !important;}&#8220;][vc_column][\/vc_column][\/vc_row][vc_row][vc_column][vc_column_text] [\/vc_column_text][\/vc_column][\/vc_row][vc_row &hellip;<\/p>\n","protected":false},"author":1,"featured_media":0,"parent":0,"menu_order":0,"comment_status":"closed","ping_status":"closed","template":"templates\/page-full.php","meta":{"footnotes":""},"class_list":["post-31249","page","type-page","status-publish","hentry"],"_links":{"self":[{"href":"https:\/\/www.havohravo.com\/de\/wp-json\/wp\/v2\/pages\/31249","targetHints":{"allow":["GET"]}}],"collection":[{"href":"https:\/\/www.havohravo.com\/de\/wp-json\/wp\/v2\/pages"}],"about":[{"href":"https:\/\/www.havohravo.com\/de\/wp-json\/wp\/v2\/types\/page"}],"author":[{"embeddable":true,"href":"https:\/\/www.havohravo.com\/de\/wp-json\/wp\/v2\/users\/1"}],"replies":[{"embeddable":true,"href":"https:\/\/www.havohravo.com\/de\/wp-json\/wp\/v2\/comments?post=31249"}],"version-history":[{"count":0,"href":"https:\/\/www.havohravo.com\/de\/wp-json\/wp\/v2\/pages\/31249\/revisions"}],"wp:attachment":[{"href":"https:\/\/www.havohravo.com\/de\/wp-json\/wp\/v2\/media?parent=31249"}],"curies":[{"name":"wp","href":"https:\/\/api.w.org\/{rel}","templated":true}]}}