{"id":15175,"date":"2019-04-19T14:39:14","date_gmt":"2019-04-19T12:39:14","guid":{"rendered":"https:\/\/www.havohravo.com\/?post_type=product&#038;p=15175"},"modified":"2020-11-16T22:23:37","modified_gmt":"2020-11-16T21:23:37","slug":"grace-jacke-damen","status":"publish","type":"product","link":"https:\/\/www.havohravo.com\/de\/produkt\/grace-jacke-damen\/","title":{"rendered":"Grace Jacke Damen"},"content":{"rendered":"<div class=\"wpb-content-wrapper\"><p>[vc_row][vc_column][vc_empty_space][\/vc_column][\/vc_row][vc_row][vc_column width=&#8220;1\/2&#8243;][vc_column_text]<\/p>\n<h3>Grace Jacke Damen<\/h3>\n<ul>\n<li>Schwedische, leichte und taillierte Jacke.<\/li>\n<li>Das Iontex\u00ae Innenfutter kann Ihnen bei der Vorbereitung, w\u00e4hrend der Bewegung und der Regeneration helfen, wenn ihre Schulter- oder Nackenpartie verspannt ist.<\/li>\n<li>Ein Rei\u00dfverschluss vorne bietet mehr Komfort. Ein Logo aus Kunstleder auf dem linken Arm und zwei Fronttaschen mit verdecktem Rei\u00dfverschluss.<\/li>\n<li>Gen\u00e4ht aus feinem, hochwertigem Rippstop-Gewebe mit k\u00fcnstlicher DuPont-F\u00fcllung.<\/li>\n<li>Die F\u00fcllung besteht haupts\u00e4chlich aus nachwachsenden pflanzlichen Materialien und ist umweltfreundlich.<\/li>\n<\/ul>\n<p>[\/vc_column_text][vc_empty_space height=&#8220;24&#8243;][vc_single_image image=&#8220;41432&#8243; img_size=&#8220;full&#8220;][vc_empty_space height=&#8220;24&#8243;][\/vc_column][vc_column width=&#8220;1\/2&#8243;][vc_column_text]<\/p>\n<h3>Material:<\/h3>\n<p>Stoff: 100% Polyamide<br \/>\nF\u00fcllung 1: 100% Polyester<br \/>\nFutter 1: 100% Polyamide<br \/>\nFutter 2: 85% Polyester15% Elasthan<\/p>\n<h3>Waschen<\/h3>\n<p>Maschinenw\u00e4sche bei 40\u00b0, nur leicht schleudern.<br \/>\nKein Bleichmittel verwenden.<br \/>\nZum Trocknen aufh\u00e4ngen, nicht b\u00fcgeln, keine chemische Reinigung.<br \/>\nBitte keinen Weichsp\u00fcler verwenden.[\/vc_column_text][vc_empty_space height=&#8220;24&#8243;][vc_single_image image=&#8220;2144&#8243; img_size=&#8220;full&#8220;][vc_empty_space height=&#8220;24&#8243;][\/vc_column][\/vc_row][vc_row][vc_column][vc_column_text el_class=&#8220;table-container&#8220;]<\/p>\n<h3>Gr\u00f6\u00dfen<\/h3>\n<table>\n<tbody>\n<tr>\n<td width=\"25\"><\/td>\n<td width=\"113\"><strong>FRAUEN<\/strong><\/td>\n<td width=\"87\"><strong>XS<\/strong><\/td>\n<td width=\"100\"><strong>S<\/strong><\/td>\n<td width=\"100\"><strong>M<\/strong><\/td>\n<td width=\"100\"><strong>L<\/strong><\/td>\n<td width=\"100\"><strong>XL<\/strong><\/td>\n<td width=\"100\"><strong>XXL<\/strong><\/td>\n<td width=\"100\"><strong>XXXL<\/strong><\/td>\n<\/tr>\n<tr>\n<td width=\"25\"><\/td>\n<td width=\"113\"><strong>T-Shirt Gr\u00f6\u00dfe<\/strong><\/td>\n<td width=\"87\">34-36<\/td>\n<td width=\"100\">36-38<\/td>\n<td width=\"100\">38-40<\/td>\n<td width=\"100\">\n<p class=\"p1\"><span class=\"s1\">42-44<\/span><\/p>\n<\/td>\n<td width=\"100\">50-52<\/td>\n<td width=\"100\">52-54<\/td>\n<td width=\"100\"><\/td>\n<\/tr>\n<tr>\n<td width=\"25\">4<\/td>\n<td width=\"113\"><strong>T-Shirt L\u00e4nge<\/strong><\/td>\n<td width=\"87\">58 cm<\/td>\n<td width=\"100\">60 cm<\/td>\n<td width=\"100\">62 cm<\/td>\n<td width=\"100\">64 cm<\/td>\n<td width=\"100\">66 cm<\/td>\n<td width=\"100\">68 cm<\/td>\n<td width=\"100\"><\/td>\n<\/tr>\n<tr>\n<td width=\"25\">2<\/td>\n<td width=\"113\"><strong>Halsumfang<\/strong><\/td>\n<td width=\"87\">32 cm<\/td>\n<td width=\"100\">35 cm<\/td>\n<td width=\"100\">39 cm<\/td>\n<td width=\"100\">43 cm<\/td>\n<td width=\"100\">45 cm<\/td>\n<td width=\"100\">48 cm<\/td>\n<td width=\"100\"><\/td>\n<\/tr>\n<tr>\n<td width=\"25\">9<\/td>\n<td width=\"113\"><strong>Arm L\u00e4nge<\/strong><\/td>\n<td width=\"87\">48 cm<\/td>\n<td width=\"100\">49 cm<\/td>\n<td width=\"100\">50 cm<\/td>\n<td width=\"100\">51 cm<\/td>\n<td width=\"100\">52 cm<\/td>\n<td width=\"100\">53 cm<\/td>\n<td width=\"100\"><\/td>\n<\/tr>\n<tr>\n<td width=\"25\">3<\/td>\n<td width=\"113\"><strong>\u00c4rmel\u00f6ffnung<\/strong><\/td>\n<td width=\"87\">34 cm<\/td>\n<td width=\"100\">36 cm<\/td>\n<td width=\"100\">38 cm<\/td>\n<td width=\"100\">40 cm<\/td>\n<td width=\"100\">42 cm<\/td>\n<td width=\"100\">44 cm<\/td>\n<td width=\"100\"><\/td>\n<\/tr>\n<tr>\n<td width=\"25\">5<\/td>\n<td width=\"113\"><strong>Brust<\/strong><\/td>\n<td width=\"87\">84-87 cm<\/td>\n<td width=\"100\">88-91 cm<\/td>\n<td width=\"100\">92-95 cm<\/td>\n<td width=\"100\">96-99 cm<\/td>\n<td width=\"100\">100-103 cm<\/td>\n<td width=\"100\">104-107 cm<\/td>\n<td width=\"100\"><\/td>\n<\/tr>\n<tr>\n<td width=\"25\">6<\/td>\n<td width=\"113\"><strong>Taile<\/strong><\/td>\n<td width=\"87\">84-87 cm<\/td>\n<td width=\"100\">88-91 cm<\/td>\n<td width=\"100\">92-95 cm<\/td>\n<td width=\"100\">96-99 cm<\/td>\n<td width=\"100\">100-103 cm<\/td>\n<td width=\"100\">104-107 cm<\/td>\n<td width=\"100\"><\/td>\n<\/tr>\n<tr>\n<td width=\"25\">7<\/td>\n<td width=\"113\"><strong>H\u00fcftenumfang<\/strong><\/td>\n<td width=\"87\">79-85 cm<\/td>\n<td width=\"100\">86-92 cm<\/td>\n<td width=\"100\">93-99 cm<\/td>\n<td width=\"100\">100-106 cm<\/td>\n<td width=\"100\">107-113 cm<\/td>\n<td width=\"100\">114-120 cm<\/td>\n<td width=\"100\">121-126 cm<\/td>\n<\/tr>\n<tr>\n<td width=\"25\">10<\/td>\n<td width=\"113\"><strong>Beinl\u00e4nge an Innenseite<\/strong><\/td>\n<td width=\"87\">73 cm<\/td>\n<td width=\"100\">74 cm<\/td>\n<td width=\"100\">74 cm<\/td>\n<td width=\"100\">76 cm<\/td>\n<td width=\"100\">76 cm<\/td>\n<td width=\"100\">78 cm<\/td>\n<td width=\"100\">78 cm<\/td>\n<\/tr>\n<\/tbody>\n<\/table>\n<p>[\/vc_column_text][vc_empty_space height=&#8220;24&#8243;][\/vc_column][\/vc_row]<\/p>\n<\/div>","protected":false},"excerpt":{"rendered":"<p>Schwedische, leichte und taillierte Jacke.<\/p>\n","protected":false},"featured_media":41444,"template":"","meta":[],"pwb-brand":[360],"product_cat":[2183,861,887],"product_tag":[],"class_list":{"0":"post-15175","1":"product","2":"type-product","3":"status-publish","4":"has-post-thumbnail","6":"pwb-brand-back-on-track-de","7":"product_cat-jacken_gilets","8":"product_cat-fur-menschen","9":"product_cat-bekleidung","11":"first","12":"onbackorder","13":"taxable","14":"shipping-taxable","15":"purchasable","16":"product-type-variable"},"brands":[{"id":360,"name":"Back On Track","slug":"back-on-track-de"}],"_links":{"self":[{"href":"https:\/\/www.havohravo.com\/de\/wp-json\/wp\/v2\/product\/15175","targetHints":{"allow":["GET"]}}],"collection":[{"href":"https:\/\/www.havohravo.com\/de\/wp-json\/wp\/v2\/product"}],"about":[{"href":"https:\/\/www.havohravo.com\/de\/wp-json\/wp\/v2\/types\/product"}],"wp:featuredmedia":[{"embeddable":true,"href":"https:\/\/www.havohravo.com\/de\/wp-json\/wp\/v2\/media\/41444"}],"wp:attachment":[{"href":"https:\/\/www.havohravo.com\/de\/wp-json\/wp\/v2\/media?parent=15175"}],"wp:term":[{"taxonomy":"pwb-brand","embeddable":true,"href":"https:\/\/www.havohravo.com\/de\/wp-json\/wp\/v2\/pwb-brand?post=15175"},{"taxonomy":"product_cat","embeddable":true,"href":"https:\/\/www.havohravo.com\/de\/wp-json\/wp\/v2\/product_cat?post=15175"},{"taxonomy":"product_tag","embeddable":true,"href":"https:\/\/www.havohravo.com\/de\/wp-json\/wp\/v2\/product_tag?post=15175"}],"curies":[{"name":"wp","href":"https:\/\/api.w.org\/{rel}","templated":true}]}}