{"id":17189,"date":"2019-06-11T23:24:42","date_gmt":"2019-06-11T21:24:42","guid":{"rendered":"https:\/\/www.havohravo.com\/?post_type=product&#038;p=17189"},"modified":"2020-09-22T14:18:18","modified_gmt":"2020-09-22T12:18:18","slug":"ersatzseitengurte","status":"publish","type":"product","link":"https:\/\/www.havohravo.com\/de\/produkt\/ersatzseitengurte\/","title":{"rendered":"Ersatzseitengurte"},"content":{"rendered":"<div class=\"wpb-content-wrapper\"><p>[vc_row][vc_column][vc_empty_space][\/vc_column][\/vc_row][vc_row][vc_column][vc_column_text]<\/p>\n<h3>Ersatzseitengurte<\/h3>\n<p>Die Seitegirte auf dem Brustgeschirr Freemotion oder Combined k\u00f6nnen leicht ausgetauscht werden. Freemotion wird Standard mit statischen Gurten geliefert, Kombi Brustgeschirr mit elastisches Gurten. Diese k\u00f6nnen durch elastische oder statische Gurte ersetzt werden.\u00a0 Die elastische Gurte geben dem Hund den Vorteil bei seiner Bewegung, wo er bei jedem Schritt extra Zentimeter gewinnen kann. Das ist auch der Grund wieso viele eher die elastische Gurten bevorzugen.<\/p>\n<p>Mit der Zeit verlieren aber die elastische Gurte den Widerstand. Statische Gurte haben l\u00e4ngere Lebensdauer.<\/p>\n<p>Um die Gurte auszutauschen, lockern sie die Schnalle seitlich auf dem Brustgeschirr. Ziehen sie den Gurt durch die \u00d6ffnung und raus aus der Schnalle. Neuen Gurt f\u00e4deln sie durch die Plastikschnalle, durch die \u00d6ffnung und zu Schnalle.[\/vc_column_text][vc_empty_space height=&#8220;24&#8243;][\/vc_column][\/vc_row][vc_row][vc_column][vc_empty_space height=&#8220;16&#8243;][vc_video link=&#8220;https:\/\/youtu.be\/-szBe-lfbmQ&#8220;][\/vc_column][\/vc_row]<\/p>\n<\/div>","protected":false},"excerpt":{"rendered":"<p>Die Seitengurte bei den Non-Stop Dogwear Brustgeschirren k\u00f6nnen leicht ausgetauscht werden.<\/p>\n","protected":false},"featured_media":17530,"template":"","meta":[],"pwb-brand":[378],"product_cat":[1678,879,883,884],"product_tag":[],"class_list":{"0":"post-17189","1":"product","2":"type-product","3":"status-publish","4":"has-post-thumbnail","6":"pwb-brand-non-stop-dogwear-de","7":"product_cat-zugbrustgeschirre","8":"product_cat-hundemode","9":"product_cat-brustgeschirre","10":"product_cat-zubehoer","12":"first","13":"instock","14":"taxable","15":"shipping-taxable","16":"product-type-variable"},"brands":[{"id":378,"name":"Non-Stop Dogwear","slug":"non-stop-dogwear-de"}],"_links":{"self":[{"href":"https:\/\/www.havohravo.com\/de\/wp-json\/wp\/v2\/product\/17189","targetHints":{"allow":["GET"]}}],"collection":[{"href":"https:\/\/www.havohravo.com\/de\/wp-json\/wp\/v2\/product"}],"about":[{"href":"https:\/\/www.havohravo.com\/de\/wp-json\/wp\/v2\/types\/product"}],"wp:featuredmedia":[{"embeddable":true,"href":"https:\/\/www.havohravo.com\/de\/wp-json\/wp\/v2\/media\/17530"}],"wp:attachment":[{"href":"https:\/\/www.havohravo.com\/de\/wp-json\/wp\/v2\/media?parent=17189"}],"wp:term":[{"taxonomy":"pwb-brand","embeddable":true,"href":"https:\/\/www.havohravo.com\/de\/wp-json\/wp\/v2\/pwb-brand?post=17189"},{"taxonomy":"product_cat","embeddable":true,"href":"https:\/\/www.havohravo.com\/de\/wp-json\/wp\/v2\/product_cat?post=17189"},{"taxonomy":"product_tag","embeddable":true,"href":"https:\/\/www.havohravo.com\/de\/wp-json\/wp\/v2\/product_tag?post=17189"}],"curies":[{"name":"wp","href":"https:\/\/api.w.org\/{rel}","templated":true}]}}