{"id":24521,"date":"2019-11-29T22:57:55","date_gmt":"2019-11-29T21:57:55","guid":{"rendered":"https:\/\/www.havohravo.com\/?post_type=product&#038;p=24521"},"modified":"2025-02-13T14:07:54","modified_gmt":"2025-02-13T13:07:54","slug":"ratte-mit-fell","status":"publish","type":"product","link":"https:\/\/www.havohravo.com\/de\/produkt\/ratte-mit-fell\/","title":{"rendered":"Ratte mit Fell"},"content":{"rendered":"<div class=\"wpb-content-wrapper\"><p>[vc_row][vc_column][vc_empty_space][\/vc_column][\/vc_row][vc_row][vc_column width=&#8220;2\/3&#8243; offset=&#8220;vc_col-sm-offset-2 vc_col-xs-12&#8243;][vc_column_text]<\/p>\n<h3>Ratte mit Fell<\/h3>\n<p>Hunde lieben dieses kuschelige, weiche und quitschende Spielzeug! Die Kombination mit echtem Kaninchenfell macht es unwiderstehlich!<\/p>\n<p>Dieses Spielzeug ist nicht ausgestoppft, d.h. es motiviert den Hund nicht zum \u201ezupfen\u201c. Es ist gen\u00e4ht aus 2 Schichten, was es zu einem stabilen Pl\u00fcschspielzeug macht.<\/p>\n<p>Ratte mit geflochtener Rute ist ein perfektes Motivationspielzeug f\u00fcr deinen Hund beim Training. Fleecerute ist gen\u00e4ht zum K\u00f6rper, perfekt zum Zerren geeignet.<\/p>\n<p>Enth\u00e4lt 1 Plastikquitschi.<\/p>\n<p>Spielzeug wird geliefert in zuf\u00e4lliger Farbkombination von Fleece in dem Griff, abgestimmt auf die Farbe des K\u00f6rpers. Farbe des Fells kann unterschiedlich sein.<\/p>\n<p>Das Spielzeug dient zum aktiven Spiel zwischen dem Hundef\u00fchrer und dem Hund.Lassen sie den Hund nicht unbeaufsichtig damit spielen. Falls das Spielzeug besch\u00e4digt wird, nehmen sie es dem Hund weg. Es ist kein Kinderspielzeug.<\/p>\n<h4>Gr\u00f6\u00dfe:<\/h4>\n<p>K\u00f6rper: L\u00e4nge ca 18 cm, Breite ca 9cm<br \/>\nRute: L\u00e4nge 34 cm<\/p>\n<h4>Material<\/h4>\n<p>100 % Polyester<br \/>\nEnth\u00e4lt nicht-textile Teine vom tierischen Ursprung \u2013 Kaninchenfell.<\/p>\n<p>Es wird empfohlen das Spielzeug nach dem Training ordentlich trocknen lassen. Nur Handw\u00e4sche![\/vc_column_text][vc_empty_space height=&#8220;32&#8243;][\/vc_column][\/vc_row]<\/p>\n<\/div>","protected":false},"excerpt":{"rendered":"<p>Ratte mit geflochtener Rute mit Fell ist ein perfektes Motivationspielzeug f\u00fcr deinen Hund!<\/p>\n","protected":false},"featured_media":24476,"template":"","meta":[],"pwb-brand":[1009],"product_cat":[1693,1178,866],"product_tag":[936,1179],"class_list":{"0":"post-24521","1":"product","2":"type-product","3":"status-publish","4":"has-post-thumbnail","6":"pwb-brand-piskacipotvurky","7":"product_cat-fellspielzeug","8":"product_cat-pluschtierchen","9":"product_cat-hundespielzeug","10":"product_tag-kaninchenfell","11":"product_tag-quitschi","13":"first","14":"outofstock","15":"taxable","16":"shipping-taxable","17":"purchasable","18":"product-type-variable"},"brands":[{"id":1009,"name":"Piskaci Potvurky","slug":"piskacipotvurky"}],"_links":{"self":[{"href":"https:\/\/www.havohravo.com\/de\/wp-json\/wp\/v2\/product\/24521","targetHints":{"allow":["GET"]}}],"collection":[{"href":"https:\/\/www.havohravo.com\/de\/wp-json\/wp\/v2\/product"}],"about":[{"href":"https:\/\/www.havohravo.com\/de\/wp-json\/wp\/v2\/types\/product"}],"wp:featuredmedia":[{"embeddable":true,"href":"https:\/\/www.havohravo.com\/de\/wp-json\/wp\/v2\/media\/24476"}],"wp:attachment":[{"href":"https:\/\/www.havohravo.com\/de\/wp-json\/wp\/v2\/media?parent=24521"}],"wp:term":[{"taxonomy":"pwb-brand","embeddable":true,"href":"https:\/\/www.havohravo.com\/de\/wp-json\/wp\/v2\/pwb-brand?post=24521"},{"taxonomy":"product_cat","embeddable":true,"href":"https:\/\/www.havohravo.com\/de\/wp-json\/wp\/v2\/product_cat?post=24521"},{"taxonomy":"product_tag","embeddable":true,"href":"https:\/\/www.havohravo.com\/de\/wp-json\/wp\/v2\/product_tag?post=24521"}],"curies":[{"name":"wp","href":"https:\/\/api.w.org\/{rel}","templated":true}]}}