{"id":24821,"date":"2019-11-30T20:20:05","date_gmt":"2019-11-30T19:20:05","guid":{"rendered":"https:\/\/www.havohravo.com\/?post_type=product&#038;p=24821"},"modified":"2025-10-24T18:56:16","modified_gmt":"2025-10-24T16:56:16","slug":"fledermaus","status":"publish","type":"product","link":"https:\/\/www.havohravo.com\/de\/produkt\/fledermaus\/","title":{"rendered":"Fledermaus"},"content":{"rendered":"<div class=\"wpb-content-wrapper\"><p>[vc_row][vc_column][vc_empty_space][\/vc_column][\/vc_row][vc_row][vc_column width=&#8220;2\/3&#8243; offset=&#8220;vc_col-sm-offset-2 vc_col-xs-12&#8243;][vc_column_text]<\/p>\n<h3>Fledermaus<\/h3>\n<div class=\"wpb_text_column wpb_content_element \">\n<div class=\"wpb_wrapper\">\n<div class=\"wpb_text_column wpb_content_element \">\n<div class=\"wpb_wrapper\">\n<p>Lachende lustige Fledermaus, die dem Hund nicht so leicht wegfliegt! Weicher Pl\u00fcsch, Quitschi and sehr wenig F\u00fcllung (Hohlfaser) in der Mitte des Spielzeugs, Rute fest angen\u00e4ht am K\u00f6rper \u2013 ein perfektes Motivationsspiel f\u00fcr Hundetraining und Spass mit zusammen mit seinem Menschen.<\/p>\n<p>Es ist gen\u00e4ht aus 2 Schichten, was es zu einem stabilen Pl\u00fcschspielzeug macht.<\/p>\n<p>Fledermaus mit geflochtener Rute ist ein perfektes Motivationspielzeug f\u00fcr deinen Hund beim Training. Fleecerute ist gen\u00e4ht zum K\u00f6rper, perfekt zum Zerren geeignet.<\/p>\n<p>Enth\u00e4lt 1 Plastikquitschi.<\/p>\n<p>Spielzeug wird geliefert in zuf\u00e4lliger Farbkombination von Fleece in dem Griff, abgestimmt auf die Farbe des K\u00f6rpers.<\/p>\n<p>Das Spielzeug dient zum aktiven Spiel zwischen dem Hundef\u00fchrer und dem Hund.Lassen sie den Hund nicht unbeaufsichtig damit spielen. Falls das Spielzeug besch\u00e4digt wird, nehmen sie es dem Hund weg. Es ist kein Kinderspielzeug.<\/p>\n<h4>Gr\u00f6\u00dfe:<\/h4>\n<p>Small:<br \/>\nK\u00f6rper: L\u00e4nge ca 9 cm, Breite ca 19 cm<br \/>\nRute: L\u00e4nge 15 cm<\/p>\n<p>Medium:<br \/>\nK\u00f6rper: L\u00e4nge ca 13 cm, Breite ca 25 cm<br \/>\nRute: L\u00e4nge 23 cm<\/p>\n<p>Large:<br \/>\nK\u00f6rper: L\u00e4nge ca 21 cm, Breite ca 36 cm<br \/>\nRute: L\u00e4nge 34 cm<\/p>\n<h4>Material<\/h4>\n<p>100 % Polyester<\/p>\n<\/div>\n<\/div>\n<\/div>\n<\/div>\n<p>[\/vc_column_text][vc_empty_space height=&#8220;32&#8243;][\/vc_column][\/vc_row]<\/p>\n<\/div>","protected":false},"excerpt":{"rendered":"<p>Zerspielzeug f\u00fcr Hunde, die kuscheliges Spielzeug lieben!<\/p>\n","protected":false},"featured_media":24738,"template":"","meta":[],"pwb-brand":[1009],"product_cat":[1178,866],"product_tag":[1179],"class_list":{"0":"post-24821","1":"product","2":"type-product","3":"status-publish","4":"has-post-thumbnail","6":"pwb-brand-piskacipotvurky","7":"product_cat-pluschtierchen","8":"product_cat-hundespielzeug","9":"product_tag-quitschi","11":"first","12":"instock","13":"taxable","14":"shipping-taxable","15":"purchasable","16":"product-type-variable"},"brands":[{"id":1009,"name":"Piskaci Potvurky","slug":"piskacipotvurky"}],"_links":{"self":[{"href":"https:\/\/www.havohravo.com\/de\/wp-json\/wp\/v2\/product\/24821","targetHints":{"allow":["GET"]}}],"collection":[{"href":"https:\/\/www.havohravo.com\/de\/wp-json\/wp\/v2\/product"}],"about":[{"href":"https:\/\/www.havohravo.com\/de\/wp-json\/wp\/v2\/types\/product"}],"wp:featuredmedia":[{"embeddable":true,"href":"https:\/\/www.havohravo.com\/de\/wp-json\/wp\/v2\/media\/24738"}],"wp:attachment":[{"href":"https:\/\/www.havohravo.com\/de\/wp-json\/wp\/v2\/media?parent=24821"}],"wp:term":[{"taxonomy":"pwb-brand","embeddable":true,"href":"https:\/\/www.havohravo.com\/de\/wp-json\/wp\/v2\/pwb-brand?post=24821"},{"taxonomy":"product_cat","embeddable":true,"href":"https:\/\/www.havohravo.com\/de\/wp-json\/wp\/v2\/product_cat?post=24821"},{"taxonomy":"product_tag","embeddable":true,"href":"https:\/\/www.havohravo.com\/de\/wp-json\/wp\/v2\/product_tag?post=24821"}],"curies":[{"name":"wp","href":"https:\/\/api.w.org\/{rel}","templated":true}]}}