{"id":24869,"date":"2019-11-30T20:26:10","date_gmt":"2019-11-30T19:26:10","guid":{"rendered":"https:\/\/www.havohravo.com\/?post_type=product&#038;p=24869"},"modified":"2026-01-13T12:49:07","modified_gmt":"2026-01-13T11:49:07","slug":"gleithornchen","status":"publish","type":"product","link":"https:\/\/www.havohravo.com\/de\/produkt\/gleithornchen\/","title":{"rendered":"Gleith\u00f6rnchen"},"content":{"rendered":"<div class=\"wpb-content-wrapper\"><p>[vc_row][vc_column][vc_empty_space][\/vc_column][\/vc_row][vc_row][vc_column width=&#8220;2\/3&#8243; offset=&#8220;vc_col-sm-offset-2 vc_col-xs-12&#8243;][vc_column_text]<\/p>\n<h3>Gleith\u00f6rnchen<\/h3>\n<div class=\"wpb_text_column wpb_content_element \">\n<div class=\"wpb_wrapper\">\n<div class=\"wpb_text_column wpb_content_element \">\n<div class=\"wpb_wrapper\">\n<p>Weiches und kuscheliges Gleith\u00f6rnchen wird zum besten Freund deines Hundes \ud83d\ude42 Im Vergleich zu den Rochen oder Flederm\u00e4usen ist das Gleith\u00f6rnchen NICHT an den \u201cFl\u00fcgeln\u201d mit zus\u00e4tzlicher Fleeceschicht gepolstert, damit es noch weicher ist. K\u00f6rper ist gef\u00fcllt mit Hohlfasern und dieses IST gepolstert.<\/p>\n<p>Gleith\u00f6rnchen hat ein sch\u00f6nes langes Schwanz aus Kunstfell. Entlang des ganzen Spielis vom Kopf bis zur Schwanzende ist ein Gurtband eingen\u00e4ht. um es noch stabiler zu machen.<\/p>\n<p>Enth\u00e4lt 2 Plastikquitschis \u2013 eins im K\u00f6rper und eins im Schwanz.<\/p>\n<p>Das Spielzeug dient zum aktiven Spiel zwischen dem Hundef\u00fchrer und dem Hund.Lassen sie den Hund nicht unbeaufsichtig damit spielen. Falls das Spielzeug besch\u00e4digt wird, nehmen sie es dem Hund weg. Es ist kein Kinderspielzeug.<\/p>\n<h4>Gr\u00f6\u00dfe:<\/h4>\n<p>ungef\u00e4hr 60 cm \u2013 K\u00f6rperl\u00e4nge 25 cm, Schwanzl\u00e4nge 35 cm<\/p>\n<h4>Material<\/h4>\n<p>100 % Polyester<\/p>\n<\/div>\n<\/div>\n<\/div>\n<\/div>\n<p>[\/vc_column_text][vc_empty_space height=&#8220;32&#8243;][\/vc_column][\/vc_row]<\/p>\n<\/div>","protected":false},"excerpt":{"rendered":"<p>Zerspielzeug f\u00fcr Hunde, die\u00a0 kuscheliges Spielzeug lieben!<\/p>\n","protected":false},"featured_media":24905,"template":"","meta":[],"pwb-brand":[1009],"product_cat":[1178,866],"product_tag":[1926,1179],"class_list":{"0":"post-24869","1":"product","2":"type-product","3":"status-publish","4":"has-post-thumbnail","6":"pwb-brand-piskacipotvurky","7":"product_cat-pluschtierchen","8":"product_cat-hundespielzeug","9":"product_tag-kunstfell","10":"product_tag-quitschi","12":"first","13":"outofstock","14":"taxable","15":"shipping-taxable","16":"purchasable","17":"product-type-variable"},"brands":[{"id":1009,"name":"Piskaci Potvurky","slug":"piskacipotvurky"}],"_links":{"self":[{"href":"https:\/\/www.havohravo.com\/de\/wp-json\/wp\/v2\/product\/24869","targetHints":{"allow":["GET"]}}],"collection":[{"href":"https:\/\/www.havohravo.com\/de\/wp-json\/wp\/v2\/product"}],"about":[{"href":"https:\/\/www.havohravo.com\/de\/wp-json\/wp\/v2\/types\/product"}],"wp:featuredmedia":[{"embeddable":true,"href":"https:\/\/www.havohravo.com\/de\/wp-json\/wp\/v2\/media\/24905"}],"wp:attachment":[{"href":"https:\/\/www.havohravo.com\/de\/wp-json\/wp\/v2\/media?parent=24869"}],"wp:term":[{"taxonomy":"pwb-brand","embeddable":true,"href":"https:\/\/www.havohravo.com\/de\/wp-json\/wp\/v2\/pwb-brand?post=24869"},{"taxonomy":"product_cat","embeddable":true,"href":"https:\/\/www.havohravo.com\/de\/wp-json\/wp\/v2\/product_cat?post=24869"},{"taxonomy":"product_tag","embeddable":true,"href":"https:\/\/www.havohravo.com\/de\/wp-json\/wp\/v2\/product_tag?post=24869"}],"curies":[{"name":"wp","href":"https:\/\/api.w.org\/{rel}","templated":true}]}}