{"id":25105,"date":"2019-11-30T22:04:08","date_gmt":"2019-11-30T21:04:08","guid":{"rendered":"https:\/\/www.havohravo.com\/?post_type=product&#038;p=25105"},"modified":"2025-04-03T08:13:03","modified_gmt":"2025-04-03T06:13:03","slug":"rochen-m-mit-fell","status":"publish","type":"product","link":"https:\/\/www.havohravo.com\/de\/produkt\/rochen-m-mit-fell\/","title":{"rendered":"Rochen M mit Fell"},"content":{"rendered":"<div class=\"wpb-content-wrapper\"><p>[vc_row][vc_column][vc_empty_space][\/vc_column][\/vc_row][vc_row][vc_column width=&#8220;2\/3&#8243; offset=&#8220;vc_col-sm-offset-2 vc_col-xs-12&#8243;][vc_column_text]<\/p>\n<h3>Rochen M mit Fell<\/h3>\n<p>Dieses Tierchen kommt direkt aus dem Meer und ist eines der beliebtesten unter Hunden! Dein Hund wird sich sicher in das weiche Pl\u00fcsch, Quitschi verlieben und f\u00fcr Fr\u00e4uli gibt es viele m\u00f6gliche Farben \ud83d\ude42 Die Kombination mit echtem Kaninchenfell macht es unwiderstehlich!<\/p>\n<p>Mittleres Teil vom Spieli ist ausgestoppft mit Hohlfasern. Fl\u00fcgel sind ohne F\u00fcllung.<\/p>\n<p>Rochen mit geflochtener Rute ist ein perfektes Motivationspielzeug f\u00fcr deinen Hund beim Training. Fleecerute ist gen\u00e4ht zum K\u00f6rper, perfekt zum Zerren geeignet.<\/p>\n<p>Enth\u00e4lt 1 Plastikquitschi.<\/p>\n<p>Spielzeug wird geliefert in zuf\u00e4lliger Farbkombination von Fleece in dem Griff, abgestimmt auf die Farbe des K\u00f6rpers.<\/p>\n<p>Das Spielzeug dient zum aktiven Spiel zwischen dem Hundef\u00fchrer und dem Hund.Lassen sie den Hund nicht unbeaufsichtig damit spielen. Falls das Spielzeug besch\u00e4digt wird, nehmen sie es dem Hund weg. Es ist kein Kinderspielzeug.<\/p>\n<h4>Gr\u00f6\u00dfe:<\/h4>\n<p>K\u00f6rper: L\u00e4nge ca 16 cm, Breite ca 25 cm<br \/>\nRute: L\u00e4nge 45 cm<\/p>\n<h4>Material<\/h4>\n<p>100 % Polyester<\/p>\n<p>Enth\u00e4lt nicht-textile Teine vom tierischen Ursprung \u2013 Kaninchenfell.<\/p>\n<p>Es wird empfohlen das Spielzeug nach dem Training ordentlich trocknen lassen. Nur Handw\u00e4sche![\/vc_column_text][vc_empty_space height=&#8220;32&#8243;][\/vc_column][\/vc_row]<\/p>\n<\/div>","protected":false},"excerpt":{"rendered":"<p>Rochen mit geflochtener Rute mit Fell ist ein perfektes Motivationspielzeug f\u00fcr deinen Hund!<\/p>\n","protected":false},"featured_media":24961,"template":"","meta":[],"pwb-brand":[1009],"product_cat":[1693,1178,866],"product_tag":[936,1179],"class_list":{"0":"post-25105","1":"product","2":"type-product","3":"status-publish","4":"has-post-thumbnail","6":"pwb-brand-piskacipotvurky","7":"product_cat-fellspielzeug","8":"product_cat-pluschtierchen","9":"product_cat-hundespielzeug","10":"product_tag-kaninchenfell","11":"product_tag-quitschi","13":"first","14":"instock","15":"taxable","16":"shipping-taxable","17":"purchasable","18":"product-type-variable"},"brands":[{"id":1009,"name":"Piskaci Potvurky","slug":"piskacipotvurky"}],"_links":{"self":[{"href":"https:\/\/www.havohravo.com\/de\/wp-json\/wp\/v2\/product\/25105","targetHints":{"allow":["GET"]}}],"collection":[{"href":"https:\/\/www.havohravo.com\/de\/wp-json\/wp\/v2\/product"}],"about":[{"href":"https:\/\/www.havohravo.com\/de\/wp-json\/wp\/v2\/types\/product"}],"wp:featuredmedia":[{"embeddable":true,"href":"https:\/\/www.havohravo.com\/de\/wp-json\/wp\/v2\/media\/24961"}],"wp:attachment":[{"href":"https:\/\/www.havohravo.com\/de\/wp-json\/wp\/v2\/media?parent=25105"}],"wp:term":[{"taxonomy":"pwb-brand","embeddable":true,"href":"https:\/\/www.havohravo.com\/de\/wp-json\/wp\/v2\/pwb-brand?post=25105"},{"taxonomy":"product_cat","embeddable":true,"href":"https:\/\/www.havohravo.com\/de\/wp-json\/wp\/v2\/product_cat?post=25105"},{"taxonomy":"product_tag","embeddable":true,"href":"https:\/\/www.havohravo.com\/de\/wp-json\/wp\/v2\/product_tag?post=25105"}],"curies":[{"name":"wp","href":"https:\/\/api.w.org\/{rel}","templated":true}]}}