{"id":25216,"date":"2019-11-30T22:43:52","date_gmt":"2019-11-30T21:43:52","guid":{"rendered":"https:\/\/www.havohravo.com\/?post_type=product&#038;p=25216"},"modified":"2025-04-26T11:04:54","modified_gmt":"2025-04-26T09:04:54","slug":"wespe","status":"publish","type":"product","link":"https:\/\/www.havohravo.com\/de\/produkt\/wespe\/","title":{"rendered":"Wespe"},"content":{"rendered":"<div class=\"wpb-content-wrapper\"><p>[vc_row][vc_column][vc_empty_space][\/vc_column][\/vc_row][vc_row][vc_column width=&#8220;2\/3&#8243; offset=&#8220;vc_col-sm-offset-2 vc_col-xs-12&#8243;][vc_column_text]<\/p>\n<h3>Wespe<\/h3>\n<p>Die nervige Sommerinsekten d\u00fcrfen bei den Pl\u00fcschtierchen nicht fehlen! Dieses musst du aber nicht vertreiben, dein Hund wird sich sicher gerne darum k\u00fcmmern ohne Angst vor Stich.<\/p>\n<p>Wespe ist ideal f\u00fcr kleine Hunde und Welpen. Es enth\u00e4lt nur minimale Menge an F\u00fcllung.<\/p>\n<p>Wespe mit geflochtener Rute ist ein perfektes Motivationspielzeug f\u00fcr deinen Hund beim Training. Fleecerute ist gen\u00e4ht zum K\u00f6rper, perfekt zum Zerren geeignet.<\/p>\n<p>Enth\u00e4lt 1 Plastikquitschi.<\/p>\n<p>Spielzeug wird geliefert in zuf\u00e4lliger Farbkombination von Fleece in dem Griff, abgestimmt auf die Farbe des K\u00f6rpers.<\/p>\n<p>Das Spielzeug dient zum aktiven Spiel zwischen dem Hundef\u00fchrer und dem Hund.Lassen sie den Hund nicht unbeaufsichtig damit spielen. Falls das Spielzeug besch\u00e4digt wird, nehmen sie es dem Hund weg. Es ist kein Kinderspielzeug.<\/p>\n<h4>Gr\u00f6\u00dfe:<\/h4>\n<p>Small:<br \/>\nK\u00f6rper: L\u00e4nge ca 12 cm, Breite ca 7 cm<br \/>\nRute: L\u00e4nge 21 cm<\/p>\n<p>Medium:<br \/>\nK\u00f6rper: L\u00e4nge ca 18 cm, Breite ca 9 cm<br \/>\nRute: L\u00e4nge 34 cm<\/p>\n<h4>Material<\/h4>\n<p>100 % Polyester[\/vc_column_text][vc_empty_space height=&#8220;32&#8243;][\/vc_column][\/vc_row]<\/p>\n<\/div>","protected":false},"excerpt":{"rendered":"<p>Zerspielzeug f\u00fcr Hunde, die\u00a0 kuscheliges Spielzeug lieben!<\/p>\n","protected":false},"featured_media":25203,"template":"","meta":[],"pwb-brand":[1009],"product_cat":[1178,866],"product_tag":[1179],"class_list":{"0":"post-25216","1":"product","2":"type-product","3":"status-publish","4":"has-post-thumbnail","6":"pwb-brand-piskacipotvurky","7":"product_cat-pluschtierchen","8":"product_cat-hundespielzeug","9":"product_tag-quitschi","11":"first","12":"outofstock","13":"taxable","14":"shipping-taxable","15":"purchasable","16":"product-type-variable"},"brands":[{"id":1009,"name":"Piskaci Potvurky","slug":"piskacipotvurky"}],"_links":{"self":[{"href":"https:\/\/www.havohravo.com\/de\/wp-json\/wp\/v2\/product\/25216","targetHints":{"allow":["GET"]}}],"collection":[{"href":"https:\/\/www.havohravo.com\/de\/wp-json\/wp\/v2\/product"}],"about":[{"href":"https:\/\/www.havohravo.com\/de\/wp-json\/wp\/v2\/types\/product"}],"wp:featuredmedia":[{"embeddable":true,"href":"https:\/\/www.havohravo.com\/de\/wp-json\/wp\/v2\/media\/25203"}],"wp:attachment":[{"href":"https:\/\/www.havohravo.com\/de\/wp-json\/wp\/v2\/media?parent=25216"}],"wp:term":[{"taxonomy":"pwb-brand","embeddable":true,"href":"https:\/\/www.havohravo.com\/de\/wp-json\/wp\/v2\/pwb-brand?post=25216"},{"taxonomy":"product_cat","embeddable":true,"href":"https:\/\/www.havohravo.com\/de\/wp-json\/wp\/v2\/product_cat?post=25216"},{"taxonomy":"product_tag","embeddable":true,"href":"https:\/\/www.havohravo.com\/de\/wp-json\/wp\/v2\/product_tag?post=25216"}],"curies":[{"name":"wp","href":"https:\/\/api.w.org\/{rel}","templated":true}]}}