{"id":25254,"date":"2019-11-30T22:55:21","date_gmt":"2019-11-30T21:55:21","guid":{"rendered":"https:\/\/www.havohravo.com\/?post_type=product&#038;p=25254"},"modified":"2026-01-23T12:31:35","modified_gmt":"2026-01-23T11:31:35","slug":"frosch","status":"publish","type":"product","link":"https:\/\/www.havohravo.com\/de\/produkt\/frosch\/","title":{"rendered":"Frosch"},"content":{"rendered":"<div class=\"wpb-content-wrapper\"><p>[vc_row][vc_column][vc_empty_space][\/vc_column][\/vc_row][vc_row][vc_column width=&#8220;2\/3&#8243; offset=&#8220;vc_col-sm-offset-2 vc_col-xs-12&#8243;][vc_column_text]<\/p>\n<h3>Frosch<\/h3>\n<p>Lustiges Frosch ideal f\u00fcr kleine und mittlere Hunde. Es ist ausgestoppft mit Hohlfasern und enth\u00e4lt ein Quitschi.<\/p>\n<p>Frosch mit geflochtener Rute ist ein perfektes Motivationspielzeug f\u00fcr deinen Hund beim Training. Fleecerute ist gen\u00e4ht zum K\u00f6rper, perfekt zum Zerren geeignet.<\/p>\n<p>Spielzeug wird geliefert in zuf\u00e4lliger Farbkombination von Fleece in dem Griff, abgestimmt auf die Farbe des K\u00f6rpers.<\/p>\n<p>Das Spielzeug dient zum aktiven Spiel zwischen dem Hundef\u00fchrer und dem Hund.Lassen sie den Hund nicht unbeaufsichtig damit spielen. Falls das Spielzeug besch\u00e4digt wird, nehmen sie es dem Hund weg. Es ist kein Kinderspielzeug.<\/p>\n<h4>Gr\u00f6\u00dfe:<\/h4>\n<p>K\u00f6rper: L\u00e4nge ca 12 cm, Breite ca 13 cm<br \/>\nRute: L\u00e4nge 23 cm<\/p>\n<h4>Material<\/h4>\n<p>100 % Polyester[\/vc_column_text][vc_empty_space height=&#8220;32&#8243;][\/vc_column][\/vc_row]<\/p>\n<\/div>","protected":false},"excerpt":{"rendered":"<p>Zerspielzeug f\u00fcr Hunde, die\u00a0 kuscheliges Spielzeug lieben!<\/p>\n","protected":false},"featured_media":25271,"template":"","meta":[],"pwb-brand":[1009],"product_cat":[1178,866],"product_tag":[1179],"class_list":{"0":"post-25254","1":"product","2":"type-product","3":"status-publish","4":"has-post-thumbnail","6":"pwb-brand-piskacipotvurky","7":"product_cat-pluschtierchen","8":"product_cat-hundespielzeug","9":"product_tag-quitschi","11":"first","12":"instock","13":"taxable","14":"shipping-taxable","15":"purchasable","16":"product-type-simple"},"brands":[{"id":1009,"name":"Piskaci Potvurky","slug":"piskacipotvurky"}],"_links":{"self":[{"href":"https:\/\/www.havohravo.com\/de\/wp-json\/wp\/v2\/product\/25254","targetHints":{"allow":["GET"]}}],"collection":[{"href":"https:\/\/www.havohravo.com\/de\/wp-json\/wp\/v2\/product"}],"about":[{"href":"https:\/\/www.havohravo.com\/de\/wp-json\/wp\/v2\/types\/product"}],"wp:featuredmedia":[{"embeddable":true,"href":"https:\/\/www.havohravo.com\/de\/wp-json\/wp\/v2\/media\/25271"}],"wp:attachment":[{"href":"https:\/\/www.havohravo.com\/de\/wp-json\/wp\/v2\/media?parent=25254"}],"wp:term":[{"taxonomy":"pwb-brand","embeddable":true,"href":"https:\/\/www.havohravo.com\/de\/wp-json\/wp\/v2\/pwb-brand?post=25254"},{"taxonomy":"product_cat","embeddable":true,"href":"https:\/\/www.havohravo.com\/de\/wp-json\/wp\/v2\/product_cat?post=25254"},{"taxonomy":"product_tag","embeddable":true,"href":"https:\/\/www.havohravo.com\/de\/wp-json\/wp\/v2\/product_tag?post=25254"}],"curies":[{"name":"wp","href":"https:\/\/api.w.org\/{rel}","templated":true}]}}