{"id":27322,"date":"2020-01-31T00:17:12","date_gmt":"2020-01-30T23:17:12","guid":{"rendered":"https:\/\/www.havohravo.com\/?post_type=product&#038;p=27322"},"modified":"2022-09-06T07:40:59","modified_gmt":"2022-09-06T05:40:59","slug":"halsband-crag","status":"publish","type":"product","link":"https:\/\/www.havohravo.com\/de\/produkt\/halsband-crag\/","title":{"rendered":"Halsband Crag\u2122"},"content":{"rendered":"<div class=\"wpb-content-wrapper\"><p>[vc_row][vc_column][vc_empty_space][\/vc_column][\/vc_row][vc_row][vc_column width=&#8220;1\/2&#8243;][vc_column_text]<\/p>\n<h3>Halsband Crag\u2122<\/h3>\n<p class=\"p1\">Halsband f\u00fcr Alltag mit Steckschnalle, die man einfach auf und zumachen kann. Es hat integrierte reflektierende Elemente f\u00fcr bessere Sichtbarkeit in dunklen Lichtverh\u00e4ltnissen.<\/p>\n<h4>Breite<\/h4>\n<p>S: 20 mm<br \/>\nM, L: 25 mm<\/p>\n<h4 class=\"p1\">Gr\u00f6\u00dfen<\/h4>\n<p class=\"p1\">Small: 28 &#8211; 36 cm<br \/>\nMedium: 36 &#8211; 51 cm<br \/>\nLarge: 51 &#8211; 66 cm<\/p>\n<p>[\/vc_column_text][vc_empty_space height=&#8220;24&#8243;][\/vc_column][vc_column width=&#8220;5\/12&#8243; offset=&#8220;vc_col-sm-offset-1&#8243;][vc_column_text]<\/p>\n<h3>Pflegeanleitung<\/h3>\n<ul>\n<li>Handw\u00e4sche<\/li>\n<li>Verwenden sie\u00a0mildes Waschmittel<\/li>\n<li>Lufttrocknung<\/li>\n<\/ul>\n<p>[\/vc_column_text][vc_empty_space height=&#8220;24&#8243;][\/vc_column][\/vc_row]<\/p>\n<\/div>","protected":false},"excerpt":{"rendered":"<p>Weiches Halsband mit reflektierenden Elementen.<\/p>\n","protected":false},"featured_media":27364,"template":"","meta":[],"pwb-brand":[86,388],"product_cat":[16,879,17,882],"product_tag":[],"class_list":{"0":"post-27322","1":"product","2":"type-product","3":"status-publish","4":"has-post-thumbnail","6":"pwb-brand-ruffwear","7":"pwb-brand-ruffwear-de","8":"product_cat-dogwear","9":"product_cat-hundemode","10":"product_cat-collars","11":"product_cat-halsbander","13":"first","14":"instock","15":"taxable","16":"shipping-taxable","17":"purchasable","18":"product-type-variable"},"brands":[{"id":86,"name":"Ruffwear","slug":"ruffwear"},{"id":388,"name":"Ruffwear","slug":"ruffwear-de"}],"_links":{"self":[{"href":"https:\/\/www.havohravo.com\/de\/wp-json\/wp\/v2\/product\/27322","targetHints":{"allow":["GET"]}}],"collection":[{"href":"https:\/\/www.havohravo.com\/de\/wp-json\/wp\/v2\/product"}],"about":[{"href":"https:\/\/www.havohravo.com\/de\/wp-json\/wp\/v2\/types\/product"}],"wp:featuredmedia":[{"embeddable":true,"href":"https:\/\/www.havohravo.com\/de\/wp-json\/wp\/v2\/media\/27364"}],"wp:attachment":[{"href":"https:\/\/www.havohravo.com\/de\/wp-json\/wp\/v2\/media?parent=27322"}],"wp:term":[{"taxonomy":"pwb-brand","embeddable":true,"href":"https:\/\/www.havohravo.com\/de\/wp-json\/wp\/v2\/pwb-brand?post=27322"},{"taxonomy":"product_cat","embeddable":true,"href":"https:\/\/www.havohravo.com\/de\/wp-json\/wp\/v2\/product_cat?post=27322"},{"taxonomy":"product_tag","embeddable":true,"href":"https:\/\/www.havohravo.com\/de\/wp-json\/wp\/v2\/product_tag?post=27322"}],"curies":[{"name":"wp","href":"https:\/\/api.w.org\/{rel}","templated":true}]}}