{"id":30625,"date":"2020-03-10T22:11:38","date_gmt":"2020-03-10T21:11:38","guid":{"rendered":"https:\/\/www.havohravo.com\/?post_type=product&#038;p=30625"},"modified":"2026-01-13T12:49:04","modified_gmt":"2026-01-13T11:49:04","slug":"marienkafer","status":"publish","type":"product","link":"https:\/\/www.havohravo.com\/de\/produkt\/marienkafer\/","title":{"rendered":"Marienk\u00e4fer"},"content":{"rendered":"<div class=\"wpb-content-wrapper\"><p>[vc_row][vc_column][vc_empty_space][\/vc_column][\/vc_row][vc_row][vc_column width=&#8220;2\/3&#8243; offset=&#8220;vc_col-sm-offset-2 vc_col-xs-12&#8243;][vc_column_text]<\/p>\n<h3>Marienk\u00e4fer<\/h3>\n<p>Weiches Marienk\u00e4fer f\u00fcr Extra Gl\u00fcck.<\/p>\n<div class=\"wpb_text_column wpb_content_element \">\n<div class=\"wpb_wrapper\">\n<p>Dieses lustige Spielzeug wird sicher kleine als auch gro\u00dfe Hundehelden ansprechen.<\/p>\n<p>Dieses Spielzeug ist nicht gef\u00fcllt. K\u00f6rper ist gepolstert mit Extrastoffschicht f\u00fcr bessere Haltbarkeit. Schwanz ist vern\u00e4hnt mit K\u00f6rper und es besteht aus geflochtenem Pl\u00fcsch \u2013 perfekt als Zerrspielzeug.<\/p>\n<p>Das Spielzeug dient zum aktiven Spiel zwischen dem Hundef\u00fchrer und dem Hund.Lassen sie den Hund nicht unbeaufsichtig damit spielen. Falls das Spielzeug besch\u00e4digt wird, nehmen sie es dem Hund weg. Es ist kein Kinderspielzeug.<\/p>\n<h4>Gr\u00f6\u00dfe:<\/h4>\n<p>K\u00f6rperl\u00e4nge: 16 cm<br \/>\nK\u00f6rperbreite: 11 cm<br \/>\nSchwanzl\u00e4nge: ca 30 cm<\/p>\n<p>Enth\u00e4lt 1 Quitschie<\/p>\n<h4>Material<\/h4>\n<p>100 % Polyester<\/p>\n<\/div>\n<\/div>\n<p>[\/vc_column_text][vc_empty_space height=&#8220;32&#8243;][\/vc_column][\/vc_row]<\/p>\n<\/div>","protected":false},"excerpt":{"rendered":"<p>Weiches Marienk\u00e4fer f\u00fcr Extra Gl\u00fcck.<\/p>\n","protected":false},"featured_media":30666,"template":"","meta":[],"pwb-brand":[1009],"product_cat":[1178,866],"product_tag":[1179],"class_list":{"0":"post-30625","1":"product","2":"type-product","3":"status-publish","4":"has-post-thumbnail","6":"pwb-brand-piskacipotvurky","7":"product_cat-pluschtierchen","8":"product_cat-hundespielzeug","9":"product_tag-quitschi","11":"first","12":"outofstock","13":"taxable","14":"shipping-taxable","15":"purchasable","16":"product-type-simple"},"brands":[{"id":1009,"name":"Piskaci Potvurky","slug":"piskacipotvurky"}],"_links":{"self":[{"href":"https:\/\/www.havohravo.com\/de\/wp-json\/wp\/v2\/product\/30625","targetHints":{"allow":["GET"]}}],"collection":[{"href":"https:\/\/www.havohravo.com\/de\/wp-json\/wp\/v2\/product"}],"about":[{"href":"https:\/\/www.havohravo.com\/de\/wp-json\/wp\/v2\/types\/product"}],"wp:featuredmedia":[{"embeddable":true,"href":"https:\/\/www.havohravo.com\/de\/wp-json\/wp\/v2\/media\/30666"}],"wp:attachment":[{"href":"https:\/\/www.havohravo.com\/de\/wp-json\/wp\/v2\/media?parent=30625"}],"wp:term":[{"taxonomy":"pwb-brand","embeddable":true,"href":"https:\/\/www.havohravo.com\/de\/wp-json\/wp\/v2\/pwb-brand?post=30625"},{"taxonomy":"product_cat","embeddable":true,"href":"https:\/\/www.havohravo.com\/de\/wp-json\/wp\/v2\/product_cat?post=30625"},{"taxonomy":"product_tag","embeddable":true,"href":"https:\/\/www.havohravo.com\/de\/wp-json\/wp\/v2\/product_tag?post=30625"}],"curies":[{"name":"wp","href":"https:\/\/api.w.org\/{rel}","templated":true}]}}