{"id":32110,"date":"2020-04-09T14:56:39","date_gmt":"2020-04-09T12:56:39","guid":{"rendered":"https:\/\/www.havohravo.com\/?post_type=product&#038;p=32110"},"modified":"2025-11-25T18:51:09","modified_gmt":"2025-11-25T17:51:09","slug":"mr-schneemann","status":"publish","type":"product","link":"https:\/\/www.havohravo.com\/de\/produkt\/mr-schneemann\/","title":{"rendered":"Mr. Schneemann"},"content":{"rendered":"<div class=\"wpb-content-wrapper\"><p>[vc_row][vc_column][vc_empty_space][\/vc_column][\/vc_row][vc_row][vc_column width=&#8220;2\/3&#8243; offset=&#8220;vc_col-sm-offset-2 vc_col-xs-12&#8243;][vc_column_text css=&#8220;&#8220;]<\/p>\n<h3>Mr. Schneemann<\/h3>\n<p>Spielzeug jetzt vref\u00fcgbar in 2 Gr\u00f6\u00dfen. Auch ohne Schnee ist im Winter ein Riesenspa\u00df garantiert.<\/p>\n<p>Der K\u00f6rper ist gepolstert und gef\u00fcllt f\u00fcr zus\u00e4tzliche Strapazierf\u00e4higkeit.<\/p>\n<p>Es ist f\u00fcr ein aktives Spiel zwischen dem Hundef\u00fchrer und seinem Hund konzipiert. Lass den Hund mit dem Spielzeug nicht unbeaufsichtigt. Nimm das Spielzeug weg, wenn es besch\u00e4digt ist. Nicht f\u00fcr Kinder bestimmt.<\/p>\n<h4>Gr\u00f6\u00dfe:<\/h4>\n<p>Small: H\u00f6he: 17 cm, Max. Breite: 8 cm<br \/>\nLarge: H\u00f6he 21 cm, Max Breite 12 cm<\/p>\n<p>Enth\u00e4lt 1 Quietschie<\/p>\n<h4>Material<\/h4>\n<p>100 % Polyester[\/vc_column_text][vc_empty_space height=&#8220;32&#8243;][\/vc_column][\/vc_row]<\/p>\n<\/div>","protected":false},"excerpt":{"rendered":"<p>Weiches Spielzeug auch f\u00fcr Hunde die kein Schnee m\u00f6gen!<\/p>\n","protected":false},"featured_media":85251,"template":"","meta":[],"pwb-brand":[374],"product_cat":[1178,866],"product_tag":[1179,2046],"class_list":{"0":"post-32110","1":"product","2":"type-product","3":"status-publish","4":"has-post-thumbnail","6":"pwb-brand-havohravo-de","7":"product_cat-pluschtierchen","8":"product_cat-hundespielzeug","9":"product_tag-quitschi","10":"product_tag-weihnachten","12":"first","13":"instock","14":"featured","15":"taxable","16":"shipping-taxable","17":"purchasable","18":"product-type-variable"},"brands":[{"id":374,"name":"havohravo","slug":"havohravo-de"}],"_links":{"self":[{"href":"https:\/\/www.havohravo.com\/de\/wp-json\/wp\/v2\/product\/32110","targetHints":{"allow":["GET"]}}],"collection":[{"href":"https:\/\/www.havohravo.com\/de\/wp-json\/wp\/v2\/product"}],"about":[{"href":"https:\/\/www.havohravo.com\/de\/wp-json\/wp\/v2\/types\/product"}],"wp:featuredmedia":[{"embeddable":true,"href":"https:\/\/www.havohravo.com\/de\/wp-json\/wp\/v2\/media\/85251"}],"wp:attachment":[{"href":"https:\/\/www.havohravo.com\/de\/wp-json\/wp\/v2\/media?parent=32110"}],"wp:term":[{"taxonomy":"pwb-brand","embeddable":true,"href":"https:\/\/www.havohravo.com\/de\/wp-json\/wp\/v2\/pwb-brand?post=32110"},{"taxonomy":"product_cat","embeddable":true,"href":"https:\/\/www.havohravo.com\/de\/wp-json\/wp\/v2\/product_cat?post=32110"},{"taxonomy":"product_tag","embeddable":true,"href":"https:\/\/www.havohravo.com\/de\/wp-json\/wp\/v2\/product_tag?post=32110"}],"curies":[{"name":"wp","href":"https:\/\/api.w.org\/{rel}","templated":true}]}}