{"id":35765,"date":"2020-04-21T13:11:03","date_gmt":"2020-04-21T11:11:03","guid":{"rendered":"https:\/\/www.havohravo.com\/?post_type=product&#038;p=35765"},"modified":"2025-11-28T19:49:09","modified_gmt":"2025-11-28T18:49:09","slug":"zerodc-brustgeschirr-faster","status":"publish","type":"product","link":"https:\/\/www.havohravo.com\/de\/produkt\/zerodc-brustgeschirr-faster\/","title":{"rendered":"ZeroDC Brustgeschirr Faster"},"content":{"rendered":"<div class=\"wpb-content-wrapper\"><p>[vc_row][vc_column][vc_column_text]<\/p>\n<h3>Charakteristik<\/h3>\n<table>\n<tbody>\n<tr>\n<td width=\"301\"><strong>Brustgeschirrtyp:<\/strong><\/td>\n<td width=\"301\">V-Back, langes Zuggeschirr<\/td>\n<\/tr>\n<tr>\n<td width=\"301\"><strong>Passt f\u00fcr:<\/strong><\/td>\n<td width=\"301\">Erfahrene Zughunde und kr\u00e4ftig gebaute Hunde mit tiefem Brustkorb<\/td>\n<\/tr>\n<tr>\n<td width=\"301\"><strong>Verstellbar:<\/strong><\/td>\n<td width=\"301\">nein<\/td>\n<\/tr>\n<tr>\n<td width=\"301\"><strong>Geeignete Anwendung:<\/strong><\/td>\n<td width=\"301\">Zugsport wo der Zug von Richtung oben kommt (Laufgurt, Bike\/Trettroller). Nicht geeignet f\u00fcr Weight-Pulling, wo der Zug von unten kommt.<\/td>\n<\/tr>\n<\/tbody>\n<\/table>\n<p>[\/vc_column_text][vc_empty_space height=&#8220;24px&#8220;][\/vc_column][\/vc_row][vc_row][vc_column][vc_column_text]<\/p>\n<h3>ZeroDC Brustgeschirr Faster<\/h3>\n<p>Dieses Brustgeschirr eignet sich nur f\u00fcr Zughundesport. Es liegt eng am K\u00f6rper des Hundes an. Die Zugkraft wird gleichm\u00e4\u00dfig verteilt \u00fcber Brust und Schulter. Es erm\u00f6glicht die volle Bewegungsfreiheit der Beinen und des R\u00fcckens beim Hund \u2013 es verrutscht nicht in Kurven und verursacht keine Reibungen. Dieses Brustgeschirr empfehlen wir f\u00fcr starke zugmotivierte Hunde. Es funktioniert am besten wenn die Leine kontinuierlich unter Zug steht. Es ist nicht unbedingt die beste Wahl f\u00fcr Anf\u00e4nger, da sich manche Hunde am Anfang mit dem freien R\u00fccken im Zug schwer tun.[\/vc_column_text][vc_empty_space height=&#8220;24&#8243;][\/vc_column][\/vc_row][vc_row][vc_column][vc_single_image image=&#8220;34685&#8243; img_size=&#8220;full&#8220; alignment=&#8220;center&#8220;][\/vc_column][\/vc_row][vc_row][vc_column][vc_empty_space height=&#8220;24&#8243;][vc_column_text]<\/p>\n<table>\n<tbody>\n<tr>\n<td>GR\u00d6\u00dfE<\/td>\n<td>HALSUMFANG (cm)<\/td>\n<td>BRUSTUMFANG (cm)<\/td>\n<td>R\u00dcCKENL\u00c4NGE (cm)<\/td>\n<\/tr>\n<tr>\n<td>MINI I<\/td>\n<td>25 \u2013 27<\/td>\n<td>45 \u2013 50<\/td>\n<td>33 \u2013 36<\/td>\n<\/tr>\n<tr>\n<td>MINI II<\/td>\n<td>27 \u2013 32<\/td>\n<td>49 \u2013 53<\/td>\n<td>36 \u2013 39<\/td>\n<\/tr>\n<tr>\n<td>MINI III<\/td>\n<td>30 \u2013 35<\/td>\n<td>52 \u2013 57<\/td>\n<td>39 \u2013 44<\/td>\n<\/tr>\n<tr>\n<td>SX<\/td>\n<td>35 \u2013 39<\/td>\n<td>55 \u2013 60<\/td>\n<td>40 \u2013 45<\/td>\n<\/tr>\n<tr>\n<td>SL<\/td>\n<td>37 \u2013 40<\/td>\n<td>59 \u2013 62<\/td>\n<td>45 \u2013 50<\/td>\n<\/tr>\n<tr>\n<td>S<\/td>\n<td>39 \u2013 43<\/td>\n<td>61 \u2013 64<\/td>\n<td>50 \u2013 56<\/td>\n<\/tr>\n<tr>\n<td>M<\/td>\n<td>39 \u2013 43<\/td>\n<td>64 \u2013 70<\/td>\n<td>52 \u2013 57<\/td>\n<\/tr>\n<tr>\n<td>L<\/td>\n<td>40 \u2013 44<\/td>\n<td>70 \u2013 78<\/td>\n<td>55 \u2013 60<\/td>\n<\/tr>\n<tr>\n<td>XL<\/td>\n<td>43 \u2013 45<\/td>\n<td>78 \u2013 85<\/td>\n<td>60 \u2013 66<\/td>\n<\/tr>\n<tr>\n<td>XXL<\/td>\n<td>44 \u2013 47<\/td>\n<td>85 \u2013 92<\/td>\n<td>66 \u2013 70<\/td>\n<\/tr>\n<tr>\n<td>XXXL<\/td>\n<td>46 \u2013 49<\/td>\n<td>92 \u2013 100<\/td>\n<td>70 \u2013 76<\/td>\n<\/tr>\n<\/tbody>\n<\/table>\n<p>[\/vc_column_text][vc_empty_space height=&#8220;24&#8243;][vc_column_text]<\/p>\n<h3>Richtige Gr\u00f6\u00dfe bestimmen<\/h3>\n<h4>Wie soll ich messen?<\/h4>\n<p><strong>Hals\u00a0(B)<\/strong><\/p>\n<p>Umfang an dem mittleren Bereich des Halses (finde den Brustbein im vorderen Bereich und beginne zu messen ungef\u00e4hr 2 Finger \u00fcber diesen Punkt entlang dem Schulterblatt um den Hals herum zur\u00fcck bis zum Startpunkt).<\/p>\n<p><strong>Brust (C)<\/strong><\/p>\n<p>Umfang an der breitesten Stelle der Brust gleich hinter den vorderen Pfoten<\/p>\n<p><strong>R\u00fccken (A)<\/strong><\/p>\n<p>Messen ab Schultern bis zum Ruteansatz. Der Hund soll m\u00f6glichst gerade stehen. Bewege deine Hand entlang der Linie, die knapp hinter den Vorderpfoten beginnt Richtung aufw\u00e4rts zum R\u00fccken. Finder dort den Punkt, wo sich die Schulterbl\u00e4tter treffen. Beginne das Messen der R\u00fcckenl\u00e4nge von dieser Stelle bis zum Rutenansatz (falls du nicht sicher bisst, messe 3 Mal und nehme den Durchschnittswert).[\/vc_column_text][vc_empty_space height=&#8220;24&#8243;][vc_single_image image=&#8220;53999&#8243; img_size=&#8220;large&#8220; alignment=&#8220;center&#8220;][vc_empty_space height=&#8220;24&#8243;][\/vc_column][\/vc_row]<\/p>\n<\/div>","protected":false},"excerpt":{"rendered":"<p>Zuggeschirr FASTER erm\u00f6glicht die volle Bewegungsfreiheit der Beinen und des R\u00fcckens beim Hund.<\/p>\n","protected":false},"featured_media":34773,"template":"","meta":[],"pwb-brand":[1162],"product_cat":[1678,879,883],"product_tag":[],"class_list":{"0":"post-35765","1":"product","2":"type-product","3":"status-publish","4":"has-post-thumbnail","6":"pwb-brand-zerodc-de","7":"product_cat-zugbrustgeschirre","8":"product_cat-hundemode","9":"product_cat-brustgeschirre","11":"first","12":"instock","13":"taxable","14":"shipping-taxable","15":"purchasable","16":"product-type-variable"},"brands":[{"id":1162,"name":"ZeroDC","slug":"zerodc-de"}],"_links":{"self":[{"href":"https:\/\/www.havohravo.com\/de\/wp-json\/wp\/v2\/product\/35765","targetHints":{"allow":["GET"]}}],"collection":[{"href":"https:\/\/www.havohravo.com\/de\/wp-json\/wp\/v2\/product"}],"about":[{"href":"https:\/\/www.havohravo.com\/de\/wp-json\/wp\/v2\/types\/product"}],"wp:featuredmedia":[{"embeddable":true,"href":"https:\/\/www.havohravo.com\/de\/wp-json\/wp\/v2\/media\/34773"}],"wp:attachment":[{"href":"https:\/\/www.havohravo.com\/de\/wp-json\/wp\/v2\/media?parent=35765"}],"wp:term":[{"taxonomy":"pwb-brand","embeddable":true,"href":"https:\/\/www.havohravo.com\/de\/wp-json\/wp\/v2\/pwb-brand?post=35765"},{"taxonomy":"product_cat","embeddable":true,"href":"https:\/\/www.havohravo.com\/de\/wp-json\/wp\/v2\/product_cat?post=35765"},{"taxonomy":"product_tag","embeddable":true,"href":"https:\/\/www.havohravo.com\/de\/wp-json\/wp\/v2\/product_tag?post=35765"}],"curies":[{"name":"wp","href":"https:\/\/api.w.org\/{rel}","templated":true}]}}