{"id":36157,"date":"2020-04-21T20:09:32","date_gmt":"2020-04-21T18:09:32","guid":{"rendered":"https:\/\/www.havohravo.com\/?post_type=product&#038;p=36157"},"modified":"2023-10-18T00:01:29","modified_gmt":"2023-10-17T22:01:29","slug":"loype-gurtel","status":"publish","type":"product","link":"https:\/\/www.havohravo.com\/de\/produkt\/loype-gurtel\/","title":{"rendered":"L\u00d8ype G\u00fcrtel"},"content":{"rendered":"<div class=\"wpb-content-wrapper\"><p>[vc_row][vc_column][vc_empty_space][vc_column_text]<\/p>\n<table>\n<tbody>\n<tr>\n<td width=\"301\"><strong>Geeignet f\u00fcr:<\/strong><\/td>\n<td width=\"301\">Skij\u00f6ring, Wandern<\/td>\n<\/tr>\n<tr>\n<td width=\"301\"><strong>Zugverteilung:<\/strong><\/td>\n<td width=\"301\">unten \u00fcber Hintern<\/td>\n<\/tr>\n<tr>\n<td width=\"301\"><strong>Verstellbar:<\/strong><\/td>\n<td width=\"301\">ja<\/td>\n<\/tr>\n<tr>\n<td width=\"301\"><strong>Befestigung der Leine<\/strong><\/td>\n<td width=\"301\">Panik-Snap<\/td>\n<\/tr>\n<tr>\n<td width=\"301\"><strong>Verf\u00fcgbare Gr\u00f6\u00dfen:<\/strong><\/td>\n<td width=\"301\">S, M, L<\/td>\n<\/tr>\n<\/tbody>\n<\/table>\n<p>[\/vc_column_text][\/vc_column][\/vc_row][vc_row][vc_column width=&#8220;1\/2&#8243;][vc_column_text]<\/p>\n<h3>L\u00f8ype G\u00fcrtel<\/h3>\n<p>Input und Tests der weltbesten Skij\u00f6ring-Athleten legten den Grundstein f\u00fcr die Entwicklung des Gurtes. Die Gurtform b\u00fcndelt die Zugkraft um die H\u00fcften und sorgt gleichzeitig f\u00fcr freie Bewegung im Bereich der H\u00fcften beim Skaten. Dieses Design entlastet den unteren R\u00fccken vor \u00fcberm\u00e4ssiger Belastung.<\/p>\n<p>Die Bungee-Leine ist nahe am K\u00f6rper befestigt, um einen st\u00e4ndigen Kontakt mit dem Hund zu gew\u00e4hrleisten. Dies macht es einfacher, das Gleichgewicht beim Skaten zu halten. Verstellbare Riemen machen den G\u00fcrtel f\u00fcr jede K\u00f6rperform passend.<\/p>\n<p>Der G\u00fcrtel kommt mit einem Panic Snap Karabiner, welcher es erm\u00f6glicht, den Hund im Bedarfsfall schnell vom Gurt zu befreien. Das Kernmaterial des L\u00f8ype Belts besteht aus unserem robustem HexiVent; ein dreifaches Mesh-Gewebe mit aussergew\u00f6hnlichen Bel\u00fcftungseigenschaften, das schnell trocknet. Der G\u00fcrtel ist superleicht, ideal f\u00fcr professionelle Rennen und sehr angenehm zu tragen. Stabile Aluminiumschnallen und Hypalon-Verst\u00e4rkung an den stark beanspruchten Stellen sorgen f\u00fcr Langlebigkeit bei allen Winterbedingungen. Die kleinen Schlaufen am Gurt sind dazu da, eine Leine, Doggy Bags oder andere leichte Ger\u00e4tschaften mit einem Gewicht von bis zu 0,5 kg zu befestigen. Auf der R\u00fcckseite befindet sich eine Aufbewahrungstasche mit Platz f\u00fcr ein Smartphone, Schl\u00fcssel und einen Energieriegel. Die R\u00fcckseite hat reflektierende Details f\u00fcr hohe Sichtbarkeit im Dunkeln.[\/vc_column_text][vc_empty_space height=&#8220;24&#8243;][\/vc_column][vc_column width=&#8220;5\/12&#8243; offset=&#8220;vc_col-sm-offset-1&#8243;][vc_column_text]<\/p>\n<h3>Technische Spezifikation<\/h3>\n<ul>\n<li>Tasche: 11 cm x 17 cm x 2 cm<\/li>\n<li>HexiVent<\/li>\n<li>Hypalon-Verst\u00e4rkungen<\/li>\n<li>Nylon-Band<\/li>\n<li>Aluminiumschnallen<\/li>\n<li>Panik Snap Karabiner<\/li>\n<li>Zwei Befestigungsschleifen<\/li>\n<li>Beinriemen<\/li>\n<li>Reflektierender Druck<\/li>\n<\/ul>\n<p>[\/vc_column_text][vc_empty_space height=&#8220;24&#8243;][vc_column_text]<\/p>\n<h3>Gr\u00f6\u00dfentabelle<\/h3>\n<table>\n<tbody>\n<tr>\n<td>\n<h4>Gr\u00f6\u00dfe<\/h4>\n<\/td>\n<td>\n<h4>H\u00fcftenumfang<\/h4>\n<\/td>\n<\/tr>\n<tr>\n<td>S<\/td>\n<td>68-100 cm<\/td>\n<\/tr>\n<tr>\n<td>M<\/td>\n<td>81-120 cm<\/td>\n<\/tr>\n<\/tbody>\n<\/table>\n<p>[\/vc_column_text][vc_empty_space height=&#8220;24&#8243;][\/vc_column][\/vc_row][vc_row][vc_column][vc_video link=&#8220;https:\/\/www.youtube.com\/watch?v=v9KCNA4s9M8&#8243; align=&#8220;center&#8220;][vc_empty_space height=&#8220;24&#8243;][\/vc_column][\/vc_row]<\/p>\n<\/div>","protected":false},"excerpt":{"rendered":"<p>Dieser H\u00fcftgurt ist speziell f\u00fcr das Skij\u00f6ring mit Hunden konzipiert und f\u00f6rdert die optimale Skitechnik. Es kann auch f\u00fcr Laufen mit Hund verwendet werden.<\/p>\n","protected":false},"featured_media":36174,"template":"","meta":[],"pwb-brand":[378],"product_cat":[861,862],"product_tag":[],"class_list":{"0":"post-36157","1":"product","2":"type-product","3":"status-publish","4":"has-post-thumbnail","6":"pwb-brand-non-stop-dogwear-de","7":"product_cat-fur-menschen","8":"product_cat-laufgurte","10":"first","11":"onbackorder","12":"taxable","13":"shipping-taxable","14":"purchasable","15":"product-type-variable"},"brands":[{"id":378,"name":"Non-Stop Dogwear","slug":"non-stop-dogwear-de"}],"_links":{"self":[{"href":"https:\/\/www.havohravo.com\/de\/wp-json\/wp\/v2\/product\/36157","targetHints":{"allow":["GET"]}}],"collection":[{"href":"https:\/\/www.havohravo.com\/de\/wp-json\/wp\/v2\/product"}],"about":[{"href":"https:\/\/www.havohravo.com\/de\/wp-json\/wp\/v2\/types\/product"}],"wp:featuredmedia":[{"embeddable":true,"href":"https:\/\/www.havohravo.com\/de\/wp-json\/wp\/v2\/media\/36174"}],"wp:attachment":[{"href":"https:\/\/www.havohravo.com\/de\/wp-json\/wp\/v2\/media?parent=36157"}],"wp:term":[{"taxonomy":"pwb-brand","embeddable":true,"href":"https:\/\/www.havohravo.com\/de\/wp-json\/wp\/v2\/pwb-brand?post=36157"},{"taxonomy":"product_cat","embeddable":true,"href":"https:\/\/www.havohravo.com\/de\/wp-json\/wp\/v2\/product_cat?post=36157"},{"taxonomy":"product_tag","embeddable":true,"href":"https:\/\/www.havohravo.com\/de\/wp-json\/wp\/v2\/product_tag?post=36157"}],"curies":[{"name":"wp","href":"https:\/\/api.w.org\/{rel}","templated":true}]}}