{"id":36192,"date":"2020-04-22T14:35:08","date_gmt":"2020-04-22T12:35:08","guid":{"rendered":"https:\/\/www.havohravo.com\/?post_type=product&#038;p=36192"},"modified":"2024-11-25T16:58:53","modified_gmt":"2024-11-25T15:58:53","slug":"jw-hol-ee-roller-xs","status":"publish","type":"product","link":"https:\/\/www.havohravo.com\/de\/produkt\/jw-hol-ee-roller-xs\/","title":{"rendered":"JW Hol-ee-Roller XS"},"content":{"rendered":"<div class=\"wpb-content-wrapper\"><p>[vc_row][vc_column][vc_empty_space][\/vc_column][\/vc_row][vc_row][vc_column width=&#8220;2\/3&#8243; offset=&#8220;vc_col-sm-offset-2 vc_col-xs-12&#8243;][vc_column_text]<\/p>\n<h3>JW Hol-EE- Roller XS<\/h3>\n<p>Gitterball aus Naturgummi. Dieser Ball ist stabiles, lustiges und vielseitiges Spielzeug f\u00fcr deinen Hund.<\/p>\n<p>Es besteht aus Naturkautschuk, der gleichzeitig sehr angenehm und weich f\u00fcr Hunde ist. Du kannst den Gitterball mit Leckerlis oder kleinem Spielzeug bef\u00fcllen. Es eignet sich perfekt f\u00fcrs Apportieren, Zerren als auch Kauen.<\/p>\n<p>Dieses Spielzeug wurde aus zertifiziertem ungiftigem Material hergestellt.<\/p>\n<h4>Verf\u00fcgbare Gr\u00f6\u00dfen:<\/h4>\n<p>XS\u00a0\u00a0\u00a0\u00a0 5 cm<br \/>\nS\u00a0\u00a0\u00a0\u00a0\u00a0\u00a0 8 cm<br \/>\nM\u00a0\u00a0\u00a0\u00a0\u00a0\u00a0 11 cm<br \/>\nL\u00a0\u00a0\u00a0\u00a0\u00a0\u00a0 13 cm<br \/>\nXL\u00a0\u00a0\u00a0\u00a0 18 cm[\/vc_column_text][vc_empty_space height=&#8220;32&#8243;][\/vc_column][\/vc_row]<\/p>\n<\/div>","protected":false},"excerpt":{"rendered":"<p>Lustiges vielseitiges Spielzeug!<\/p>\n","protected":false},"featured_media":36237,"template":"","meta":[],"pwb-brand":[1374],"product_cat":[866,868],"product_tag":[],"class_list":{"0":"post-36192","1":"product","2":"type-product","3":"status-publish","4":"has-post-thumbnail","6":"pwb-brand-jw-pet-de","7":"product_cat-hundespielzeug","8":"product_cat-baelle","10":"first","11":"instock","12":"taxable","13":"shipping-taxable","14":"purchasable","15":"product-type-variable"},"brands":[{"id":1374,"name":"JW Pet","slug":"jw-pet-de"}],"_links":{"self":[{"href":"https:\/\/www.havohravo.com\/de\/wp-json\/wp\/v2\/product\/36192","targetHints":{"allow":["GET"]}}],"collection":[{"href":"https:\/\/www.havohravo.com\/de\/wp-json\/wp\/v2\/product"}],"about":[{"href":"https:\/\/www.havohravo.com\/de\/wp-json\/wp\/v2\/types\/product"}],"wp:featuredmedia":[{"embeddable":true,"href":"https:\/\/www.havohravo.com\/de\/wp-json\/wp\/v2\/media\/36237"}],"wp:attachment":[{"href":"https:\/\/www.havohravo.com\/de\/wp-json\/wp\/v2\/media?parent=36192"}],"wp:term":[{"taxonomy":"pwb-brand","embeddable":true,"href":"https:\/\/www.havohravo.com\/de\/wp-json\/wp\/v2\/pwb-brand?post=36192"},{"taxonomy":"product_cat","embeddable":true,"href":"https:\/\/www.havohravo.com\/de\/wp-json\/wp\/v2\/product_cat?post=36192"},{"taxonomy":"product_tag","embeddable":true,"href":"https:\/\/www.havohravo.com\/de\/wp-json\/wp\/v2\/product_tag?post=36192"}],"curies":[{"name":"wp","href":"https:\/\/api.w.org\/{rel}","templated":true}]}}