{"id":36412,"date":"2020-04-22T18:29:50","date_gmt":"2020-04-22T16:29:50","guid":{"rendered":"https:\/\/www.havohravo.com\/?post_type=product&#038;p=36412"},"modified":"2020-11-17T14:29:41","modified_gmt":"2020-11-17T13:29:41","slug":"jw-hol-ee-football-l","status":"publish","type":"product","link":"https:\/\/www.havohravo.com\/de\/produkt\/jw-hol-ee-football-l\/","title":{"rendered":"JW Hol-ee-Football L"},"content":{"rendered":"<div class=\"wpb-content-wrapper\"><p>[vc_row][vc_column][vc_empty_space][\/vc_column][\/vc_row][vc_row][vc_column width=&#8220;2\/3&#8243; offset=&#8220;vc_col-sm-offset-2 vc_col-xs-12&#8243;][vc_column_text]<\/p>\n<h3>JW Hol-EE-Football<\/h3>\n<p>Gitterball aus Naturgummi. Dieser Ball ist stabiles, lustiges und vielseitiges Spielzeug f\u00fcr deinen Hund.<\/p>\n<p>Es besteht aus Naturkautschuk, der gleichzeitig sehr angenehm und weich f\u00fcr Hunde ist. Du kannst den Gitterball mit Leckerlis oder kleinem Spielzeug bef\u00fcllen. Es eignet sich perfekt f\u00fcrs Apportieren, Zerren als auch Kauen.<\/p>\n<p>Dieses Spielzeug wurde aus zertifiziertem ungiftigem Material hergestellt.<\/p>\n<h4>Verf\u00fcgbare Gr\u00f6\u00dfen:<\/h4>\n<p>XS \u00a0\u00a0\u00a0 9 x 5 cm<br \/>\nS\u00a0\u00a0\u00a0\u00a0\u00a0\u00a0 11 x 6 cm<br \/>\nM\u00a0\u00a0\u00a0\u00a0\u00a0\u00a0 14 x 7,5 cm<br \/>\nL\u00a0\u00a0\u00a0\u00a0\u00a0\u00a0 20 x 12 cm[\/vc_column_text][vc_empty_space height=&#8220;32&#8243;][\/vc_column][\/vc_row]<\/p>\n<\/div>","protected":false},"excerpt":{"rendered":"<p>Lustiges vielseitiges Spielzeug!<\/p>\n","protected":false},"featured_media":36219,"template":"","meta":[],"pwb-brand":[1374],"product_cat":[866,868],"product_tag":[],"class_list":{"0":"post-36412","1":"product","2":"type-product","3":"status-publish","4":"has-post-thumbnail","6":"pwb-brand-jw-pet-de","7":"product_cat-hundespielzeug","8":"product_cat-baelle","10":"first","11":"instock","12":"taxable","13":"shipping-taxable","14":"purchasable","15":"product-type-variable"},"brands":[{"id":1374,"name":"JW Pet","slug":"jw-pet-de"}],"_links":{"self":[{"href":"https:\/\/www.havohravo.com\/de\/wp-json\/wp\/v2\/product\/36412","targetHints":{"allow":["GET"]}}],"collection":[{"href":"https:\/\/www.havohravo.com\/de\/wp-json\/wp\/v2\/product"}],"about":[{"href":"https:\/\/www.havohravo.com\/de\/wp-json\/wp\/v2\/types\/product"}],"wp:featuredmedia":[{"embeddable":true,"href":"https:\/\/www.havohravo.com\/de\/wp-json\/wp\/v2\/media\/36219"}],"wp:attachment":[{"href":"https:\/\/www.havohravo.com\/de\/wp-json\/wp\/v2\/media?parent=36412"}],"wp:term":[{"taxonomy":"pwb-brand","embeddable":true,"href":"https:\/\/www.havohravo.com\/de\/wp-json\/wp\/v2\/pwb-brand?post=36412"},{"taxonomy":"product_cat","embeddable":true,"href":"https:\/\/www.havohravo.com\/de\/wp-json\/wp\/v2\/product_cat?post=36412"},{"taxonomy":"product_tag","embeddable":true,"href":"https:\/\/www.havohravo.com\/de\/wp-json\/wp\/v2\/product_tag?post=36412"}],"curies":[{"name":"wp","href":"https:\/\/api.w.org\/{rel}","templated":true}]}}