{"id":36488,"date":"2020-04-24T22:00:05","date_gmt":"2020-04-24T20:00:05","guid":{"rendered":"https:\/\/www.havohravo.com\/?post_type=product&#038;p=36488"},"modified":"2021-07-05T20:28:59","modified_gmt":"2021-07-05T18:28:59","slug":"wasserspielzeug-amphibious-bumper","status":"publish","type":"product","link":"https:\/\/www.havohravo.com\/de\/produkt\/wasserspielzeug-amphibious-bumper\/","title":{"rendered":"Wasserspielzeug Amphibious Bumper"},"content":{"rendered":"<div class=\"wpb-content-wrapper\"><p>[vc_row][vc_column][vc_empty_space][\/vc_column][\/vc_row][vc_row][vc_column width=&#8220;2\/3&#8243; offset=&#8220;vc_col-sm-offset-2 vc_col-xs-12&#8243;][vc_column_text]<\/p>\n<h3>Wasserspielzeug Amphibious Bumper<\/h3>\n<p>Unsinkbar, sehr robust und gut sichtbar.<\/p>\n<p>Das Wasserspielzeug Amphibious Bumper von Chuckit zeichnet sich aus durch gute Sichtbarkeit und eignet sich perfekt als Wasser- und Apportierspielzeug. Es schwimmt, fliegt perfekt durch die Luft und ist sanft f\u00fcr Maul des Hundes.<\/p>\n<p>Es besteht aus robusten Nylon, Gummi und Memory-Schaum. Der Hund kann es im Wasser als auch am Land sehr gut aufnehmen.<\/p>\n<p>Verf\u00fcgbare Gr\u00f6\u00dfen:<\/p>\n<p>S: 17 cm x 4,5 cm<br \/>\nM: 23,5 cm x 5,5 cm[\/vc_column_text][vc_empty_space height=&#8220;32&#8243;][\/vc_column][\/vc_row]<\/p>\n<\/div>","protected":false},"excerpt":{"rendered":"<p>Ideales Wasserspielzeug f\u00fcr deinen Hund!<\/p>\n","protected":false},"featured_media":36507,"template":"","meta":[],"pwb-brand":[1377,1379],"product_cat":[1696,1695,34,866],"product_tag":[],"class_list":{"0":"post-36488","1":"product","2":"type-product","3":"status-publish","4":"has-post-thumbnail","6":"pwb-brand-chuckit","7":"pwb-brand-chuckit-de","8":"product_cat-anderes-spielzeug","9":"product_cat-other-toys","10":"product_cat-dogtoys","11":"product_cat-hundespielzeug","13":"first","14":"instock","15":"taxable","16":"shipping-taxable","17":"product-type-variable"},"brands":[{"id":1377,"name":"chuckit!","slug":"chuckit"},{"id":1379,"name":"chuckit!","slug":"chuckit-de"}],"_links":{"self":[{"href":"https:\/\/www.havohravo.com\/de\/wp-json\/wp\/v2\/product\/36488","targetHints":{"allow":["GET"]}}],"collection":[{"href":"https:\/\/www.havohravo.com\/de\/wp-json\/wp\/v2\/product"}],"about":[{"href":"https:\/\/www.havohravo.com\/de\/wp-json\/wp\/v2\/types\/product"}],"wp:featuredmedia":[{"embeddable":true,"href":"https:\/\/www.havohravo.com\/de\/wp-json\/wp\/v2\/media\/36507"}],"wp:attachment":[{"href":"https:\/\/www.havohravo.com\/de\/wp-json\/wp\/v2\/media?parent=36488"}],"wp:term":[{"taxonomy":"pwb-brand","embeddable":true,"href":"https:\/\/www.havohravo.com\/de\/wp-json\/wp\/v2\/pwb-brand?post=36488"},{"taxonomy":"product_cat","embeddable":true,"href":"https:\/\/www.havohravo.com\/de\/wp-json\/wp\/v2\/product_cat?post=36488"},{"taxonomy":"product_tag","embeddable":true,"href":"https:\/\/www.havohravo.com\/de\/wp-json\/wp\/v2\/product_tag?post=36488"}],"curies":[{"name":"wp","href":"https:\/\/api.w.org\/{rel}","templated":true}]}}