{"id":36930,"date":"2020-05-09T20:52:08","date_gmt":"2020-05-09T18:52:08","guid":{"rendered":"https:\/\/www.havohravo.com\/?post_type=product&#038;p=36930"},"modified":"2025-04-28T22:02:00","modified_gmt":"2025-04-28T20:02:00","slug":"leine-mit-ruckdampfer-opale-190-cm","status":"publish","type":"product","link":"https:\/\/www.havohravo.com\/de\/produkt\/leine-mit-ruckdampfer-opale-190-cm\/","title":{"rendered":"Leine mit R\u00fcckd\u00e4mpfer OPALE 190 cm"},"content":{"rendered":"<div class=\"wpb-content-wrapper\"><p>[vc_row][vc_column][vc_empty_space][\/vc_column][\/vc_row][vc_row][vc_column width=&#8220;1\/2&#8243;][vc_column_text]<\/p>\n<h3>Leine mit R\u00fcckd\u00e4mpfer Opale<\/h3>\n<p>Bei der Auswahl des Typs der zu verwendenden Zugleine sollten zwei Kriterien besonders ber\u00fccksichtigt werden\u00a0:<\/p>\n<ul>\n<li>Das Gewicht des Hundes<\/li>\n<li>Zugkraft des Hundes<\/li>\n<\/ul>\n<p>Maximale L\u00e4nge 190 cm (elastisch auf 100% gedehnt) eignet sich f\u00fcr den Einsatz im Canicross und Canitrail<\/p>\n<h3>Charakteristik &amp; Vorteile<\/h3>\n<ul>\n<li>Der verwendete Karabiner ist ultraleicht (28g), was das Ph\u00e4nomen des Pendelns der Traktionsleine verhindert und einen geradlinigen Zug w\u00e4hrend des Rennens gew\u00e4hrleistet.<\/li>\n<li>Die OPALE-Traktionsleine hat auf der Karabinerhakenseite einen Eingriff, damit Sie Ihren Hund an der Leine so nah wie m\u00f6glich bei sich f\u00fchren k\u00f6nnen, besonders beim Start im Wettbewerb.<\/li>\n<\/ul>\n<p>[\/vc_column_text][vc_empty_space height=&#8220;24&#8243;][\/vc_column][vc_column width=&#8220;5\/12&#8243; offset=&#8220;vc_col-sm-offset-1&#8243;][vc_column_text]<\/p>\n<h3>Verf\u00fcgbare Versionen<\/h3>\n<ul>\n<li><strong>OPALE SMALL DOG<\/strong><\/li>\n<li>geringes elastisches Widerstand<\/li>\n<li>ideal f\u00fcr den Einsatz mit einem Hund mit einem Gewicht zwischen 10 kg und 20 kg und in Abh\u00e4ngigkeit von der von ihm abgegebenen Zugkraft<\/li>\n<li><strong>OPALE MEDIUM DOG <\/strong><\/li>\n<li>mittleres Widerstand<\/li>\n<li>ideal f\u00fcr den Einsatz mit einem Hund zwischen 15 kg und 35 kg und in Abh\u00e4ngigkeit seiner abgegebenen Zugkraft<\/li>\n<li><strong>OPALE STRONG DOG <\/strong><\/li>\n<li>hoher Elastizit\u00e4tswiderstand<\/li>\n<li>ideal f\u00fcr den Einsatz mit einem Hund zwischen 25 kg und 50 kg und in Abh\u00e4ngigkeit von der von ihm aufgebrachten Zugkraft.<\/li>\n<\/ul>\n<p>Komplette Produktrezension findest du\u00a0<a href=\"https:\/\/www.havohravo.com\/de\/i-dog-alm-series-test\/\" target=\"_blank\" rel=\"noopener noreferrer\">hier<\/a>.[\/vc_column_text][vc_empty_space height=&#8220;24&#8243;][\/vc_column][\/vc_row][vc_row][vc_column][vc_empty_space][vc_video link=&#8220;https:\/\/youtu.be\/VQpRUrlO9rQ&#8220; align=&#8220;center&#8220;][vc_empty_space][vc_video link=&#8220;https:\/\/youtu.be\/0KqUtoOitIo&#8220; align=&#8220;center&#8220;][vc_empty_space][\/vc_column][\/vc_row]<\/p>\n<\/div>","protected":false},"excerpt":{"rendered":"<p>Leine mit R\u00fcckd\u00e4mpfer ideal f\u00fcr Canicross oder Dogtrekking.<\/p>\n","protected":false},"featured_media":36945,"template":"","meta":[],"pwb-brand":[1383],"product_cat":[1681,879,860],"product_tag":[],"class_list":{"0":"post-36930","1":"product","2":"type-product","3":"status-publish","4":"has-post-thumbnail","6":"pwb-brand-i-dog-de","7":"product_cat-mit-rueckdaempfer","8":"product_cat-hundemode","9":"product_cat-leinen","11":"first","12":"instock","13":"taxable","14":"shipping-taxable","15":"purchasable","16":"product-type-variable"},"brands":[{"id":1383,"name":"i-dog","slug":"i-dog-de"}],"_links":{"self":[{"href":"https:\/\/www.havohravo.com\/de\/wp-json\/wp\/v2\/product\/36930","targetHints":{"allow":["GET"]}}],"collection":[{"href":"https:\/\/www.havohravo.com\/de\/wp-json\/wp\/v2\/product"}],"about":[{"href":"https:\/\/www.havohravo.com\/de\/wp-json\/wp\/v2\/types\/product"}],"wp:featuredmedia":[{"embeddable":true,"href":"https:\/\/www.havohravo.com\/de\/wp-json\/wp\/v2\/media\/36945"}],"wp:attachment":[{"href":"https:\/\/www.havohravo.com\/de\/wp-json\/wp\/v2\/media?parent=36930"}],"wp:term":[{"taxonomy":"pwb-brand","embeddable":true,"href":"https:\/\/www.havohravo.com\/de\/wp-json\/wp\/v2\/pwb-brand?post=36930"},{"taxonomy":"product_cat","embeddable":true,"href":"https:\/\/www.havohravo.com\/de\/wp-json\/wp\/v2\/product_cat?post=36930"},{"taxonomy":"product_tag","embeddable":true,"href":"https:\/\/www.havohravo.com\/de\/wp-json\/wp\/v2\/product_tag?post=36930"}],"curies":[{"name":"wp","href":"https:\/\/api.w.org\/{rel}","templated":true}]}}