{"id":38019,"date":"2020-06-25T23:23:26","date_gmt":"2020-06-25T21:23:26","guid":{"rendered":"https:\/\/www.havohravo.com\/?post_type=product&#038;p=38019"},"modified":"2021-06-04T00:27:19","modified_gmt":"2021-06-03T22:27:19","slug":"dog-puller-mini","status":"publish","type":"product","link":"https:\/\/www.havohravo.com\/de\/produkt\/dog-puller-mini\/","title":{"rendered":"Dog Puller Mini"},"content":{"rendered":"<div class=\"wpb-content-wrapper\"><p>[vc_row][vc_column][vc_empty_space][\/vc_column][\/vc_row][vc_row][vc_column width=&#8220;1\/2&#8243;][vc_column_text]<\/p>\n<h3>Dog Puller Mini<\/h3>\n<p>PULLER ist ein innovatives Hundefitness-Tool. Es wird empfohlen, beide Ringe f\u00fcr die \u00dcbungen zu verwenden. Mit PULLER kann man den Hund entsprechend k\u00f6rperlich belasten, um Energie loszuwerden. PULLER-Training kann mit t\u00e4glichen Spazierg\u00e4ngen kombiniert werden. PULLER eignet sich f\u00fcr speziellen \u00dcbungen \u2013 Laufen, Springen, Zerren.<\/p>\n<p>Perfekt f\u00fcr: Zwergschnauzer, Zwergpinscher, Mops, Yorkshire Terrier, Dackel, Cockerspaniel und andere.<\/p>\n<h3>Dimensionen<\/h3>\n<p>Durchmesser 18 cm \u0445 2 cm<br \/>\nSet von 2 Ringen[\/vc_column_text][vc_empty_space height=&#8220;32&#8243;][\/vc_column][vc_column width=&#8220;5\/12&#8243; offset=&#8220;vc_col-sm-offset-1&#8243;][vc_column_text]<\/p>\n<h3>Charakteristik<\/h3>\n<ul>\n<li><strong>Leicht<\/strong><br \/>\nEs erm\u00f6glicht dem Besitzer, den Hund f\u00fcr eine l\u00e4ngere Zeit zu trainieren. Auch Frauen und Kinder f\u00fchlen sich bei dem Umgang mit PULLER wohl.<\/li>\n<li><strong>Schwimmt<\/strong><br \/>\nPULLER besteht aus einem einzigartigen Material, das es gut sichtbar macht und es schwebt am Wasser.<\/li>\n<li><strong>Geruchlos<\/strong><br \/>\nPULLER hinterl\u00e4sst keinen besonderen Geruch an den H\u00e4nden<\/li>\n<li><strong>Sicher<\/strong><br \/>\nDer Hund verletzt sich bei Training mit PULLER nicht an Z\u00e4hnen oder Zahnfleisch.<\/li>\n<\/ul>\n<p>ACHTUNG! PULLER ist kein Kauspielzeug, lasse den Hund damit nie alleine unbeaufsichtigt. Es ist sicher f\u00fcr die Gesundheit der Hunde, aber der Hund kann den PULLER schnell zerst\u00f6ren.[\/vc_column_text][vc_empty_space height=&#8220;24&#8243;][\/vc_column][\/vc_row][vc_row][vc_column][vc_empty_space][vc_video link=&#8220;https:\/\/www.youtube.com\/watch?v=Tx5lxuxqUGQ&#8220; align=&#8220;center&#8220;][\/vc_column][\/vc_row]<\/p>\n<\/div>","protected":false},"excerpt":{"rendered":"<p>PULLER Mini wurde speziell f\u00fcr kleine Rassen entwickelt. Es wird empfohlen, zwei Ringe f\u00fcr Training zu verwenden. PULLER Mini ist leicht und praktisch.<\/p>\n","protected":false},"featured_media":38072,"template":"","meta":[],"pwb-brand":[1421],"product_cat":[1696,866],"product_tag":[1990],"class_list":{"0":"post-38019","1":"product","2":"type-product","3":"status-publish","4":"has-post-thumbnail","6":"pwb-brand-collar-de","7":"product_cat-anderes-spielzeug","8":"product_cat-hundespielzeug","9":"product_tag-sommer","11":"first","12":"instock","13":"taxable","14":"shipping-taxable","15":"purchasable","16":"product-type-simple"},"brands":[{"id":1421,"name":"Collar","slug":"collar-de"}],"_links":{"self":[{"href":"https:\/\/www.havohravo.com\/de\/wp-json\/wp\/v2\/product\/38019","targetHints":{"allow":["GET"]}}],"collection":[{"href":"https:\/\/www.havohravo.com\/de\/wp-json\/wp\/v2\/product"}],"about":[{"href":"https:\/\/www.havohravo.com\/de\/wp-json\/wp\/v2\/types\/product"}],"wp:featuredmedia":[{"embeddable":true,"href":"https:\/\/www.havohravo.com\/de\/wp-json\/wp\/v2\/media\/38072"}],"wp:attachment":[{"href":"https:\/\/www.havohravo.com\/de\/wp-json\/wp\/v2\/media?parent=38019"}],"wp:term":[{"taxonomy":"pwb-brand","embeddable":true,"href":"https:\/\/www.havohravo.com\/de\/wp-json\/wp\/v2\/pwb-brand?post=38019"},{"taxonomy":"product_cat","embeddable":true,"href":"https:\/\/www.havohravo.com\/de\/wp-json\/wp\/v2\/product_cat?post=38019"},{"taxonomy":"product_tag","embeddable":true,"href":"https:\/\/www.havohravo.com\/de\/wp-json\/wp\/v2\/product_tag?post=38019"}],"curies":[{"name":"wp","href":"https:\/\/api.w.org\/{rel}","templated":true}]}}