{"id":40276,"date":"2020-09-05T18:56:41","date_gmt":"2020-09-05T16:56:41","guid":{"rendered":"https:\/\/www.havohravo.com\/?post_type=product&#038;p=40276"},"modified":"2022-10-31T11:13:57","modified_gmt":"2022-10-31T10:13:57","slug":"orbiloc-reflective-clip-kit","status":"publish","type":"product","link":"https:\/\/www.havohravo.com\/de\/produkt\/orbiloc-reflective-clip-kit\/","title":{"rendered":"Orbiloc Reflective Clip Kit"},"content":{"rendered":"<div class=\"wpb-content-wrapper\"><p>[vc_row][vc_column][vc_empty_space][\/vc_column][\/vc_row][vc_row][vc_column width=&#8220;1\/2&#8243;][vc_column_text]<\/p>\n<h3>Orbiloc Reflective Clip<\/h3>\n<p>Der Reflective Clip besteht aus unserer Clip-Befestigung und einem Reflektor.<\/p>\n<p>Wie der Name bereits sagt, reflektiert der Reflective Clip Licht aus fremden Lichtquellen, wodurch er hell aufleuchtet und auf sich aufmerksam macht. Der Reflective Clip eignet sich deshalb perfekt als Erg\u00e4nzung zu unserem Safety Light \u2013 sowohl auf dem Land, wo es sehr dunkel sein kann, als auch in der Stadt, wo Fu\u00dfg\u00e4nger, Fahrradfahrer und andere ungesch\u00fctzte Verkehrsteilnehmer leicht vor lauter Schildern und Reklamen \u00fcbersehen werden k\u00f6nnen.[\/vc_column_text][vc_empty_space height=&#8220;24&#8243;][\/vc_column][vc_column width=&#8220;1\/2&#8243;][vc_column_text]<\/p>\n<h3 class=\"p1\"><span class=\"s1\">Packungsinhalt<\/span><\/h3>\n<ul style=\"font-weight: 400;\">\n<li>1 Orbiloc Clip<\/li>\n<li>1 Orbiloc Reflektor<\/li>\n<\/ul>\n<p>[\/vc_column_text][vc_empty_space height=&#8220;24&#8243;][\/vc_column][\/vc_row]<\/p>\n<\/div>","protected":false},"excerpt":{"rendered":"<p>Reflektor unterst\u00fctzt das Sicherheitslicht indem es Licht aus fremden Lichtquellen reflektiert.<\/p>\n","protected":false},"featured_media":40279,"template":"","meta":[],"pwb-brand":[380],"product_cat":[2109,879],"product_tag":[925],"class_list":{"0":"post-40276","1":"product","2":"type-product","3":"status-publish","4":"has-post-thumbnail","6":"pwb-brand-orbiloc-de","7":"product_cat-sicherheitslicht_shirts","8":"product_cat-hundemode","9":"product_tag-sicherheit","11":"first","12":"instock","13":"taxable","14":"shipping-taxable","15":"purchasable","16":"product-type-simple"},"brands":[{"id":380,"name":"orbiloc","slug":"orbiloc-de"}],"_links":{"self":[{"href":"https:\/\/www.havohravo.com\/de\/wp-json\/wp\/v2\/product\/40276","targetHints":{"allow":["GET"]}}],"collection":[{"href":"https:\/\/www.havohravo.com\/de\/wp-json\/wp\/v2\/product"}],"about":[{"href":"https:\/\/www.havohravo.com\/de\/wp-json\/wp\/v2\/types\/product"}],"wp:featuredmedia":[{"embeddable":true,"href":"https:\/\/www.havohravo.com\/de\/wp-json\/wp\/v2\/media\/40279"}],"wp:attachment":[{"href":"https:\/\/www.havohravo.com\/de\/wp-json\/wp\/v2\/media?parent=40276"}],"wp:term":[{"taxonomy":"pwb-brand","embeddable":true,"href":"https:\/\/www.havohravo.com\/de\/wp-json\/wp\/v2\/pwb-brand?post=40276"},{"taxonomy":"product_cat","embeddable":true,"href":"https:\/\/www.havohravo.com\/de\/wp-json\/wp\/v2\/product_cat?post=40276"},{"taxonomy":"product_tag","embeddable":true,"href":"https:\/\/www.havohravo.com\/de\/wp-json\/wp\/v2\/product_tag?post=40276"}],"curies":[{"name":"wp","href":"https:\/\/api.w.org\/{rel}","templated":true}]}}