{"id":43421,"date":"2021-01-04T22:29:28","date_gmt":"2021-01-04T21:29:28","guid":{"rendered":"https:\/\/www.havohravo.com\/?post_type=product&#038;p=43421"},"modified":"2022-12-08T21:52:10","modified_gmt":"2022-12-08T20:52:10","slug":"protector-snow","status":"publish","type":"product","link":"https:\/\/www.havohravo.com\/de\/produkt\/protector-snow\/","title":{"rendered":"Protector Snow"},"content":{"rendered":"<div class=\"wpb-content-wrapper\"><p>[vc_row][vc_column][vc_empty_space][\/vc_column][\/vc_row][vc_row][vc_column width=&#8220;1\/2&#8243;][vc_column_text]<\/p>\n<h3>Protector Snow<\/h3>\n<p>Einige Hunde k\u00e4mpfen im Winter damit, dass Schnee und Eis in ihrem Fell verklumpt. Mit diesem Ganzk\u00f6rper-Anzug kann Ihr Hund die verschneiten Wintermonate \u00fcberwinden und mit Ihnen das n\u00e4chste Winterabenteuer geniessen. Dazu kommt, dass das Fell des Hundes besser isoliert, wenn es frei von Schnee und Eis ist. Um die Bewegungsfreiheit nicht zu beeintr\u00e4chtigen, ist das Anzugmaterial in alle Richtungen elastisch.<\/p>\n<p>Der Protector snow kommt in einer m\u00e4nnlichen und weiblichen Version. Der Anzug hat \u00d6ffnungen, so dass der Hund auf den Ruf der Natur reagieren kann. Diese \u00d6ffnungen sind mit einem vorgefertigten Schneidmuster f\u00fcr individuelle Anpassung ausgestattet. Die m\u00e4nnliche Ausgabe kommt mit einem innerem Fleece-Futter, um die Weichteile zu sch\u00fctzen.<\/p>\n<p>Der Anzug kommt in schwarz und oranger Farbe. Der reflektierende Aufdruck unterst\u00fctzt die Sichtbarkeit im Dunkeln.[\/vc_column_text][vc_empty_space height=&#8220;24&#8243;][\/vc_column][vc_column width=&#8220;5\/12&#8243; offset=&#8220;vc_col-sm-offset-1&#8243;][vc_column_text]<\/p>\n<h3>Features and Benefits<\/h3>\n<ul>\n<li>Elastisches Material<\/li>\n<li>Reflektierende Aufdrucke<\/li>\n<li>Klettverschluss<\/li>\n<li>Reissverschluss<\/li>\n<li>Fleece (m\u00e4nnliches Hundemodell)<\/li>\n<li>Langlebige N\u00e4hte um \u00d6ffnungen<\/li>\n<\/ul>\n<p>[\/vc_column_text][vc_empty_space height=&#8220;24&#8243;][vc_single_image image=&#8220;43452&#8243; img_size=&#8220;full&#8220;][vc_empty_space height=&#8220;24&#8243;][\/vc_column][\/vc_row][vc_row][vc_column][vc_empty_space height=&#8220;32&#8243;][vc_column_text]<\/p>\n<table cellspacing=\"0\" cellpadding=\"0\">\n<tbody>\n<tr>\n<td valign=\"bottom\"><strong>Gr\u00f6\u00dfe<\/strong><\/td>\n<td valign=\"bottom\"><strong>R\u00fcckenl\u00e4nge<\/strong><\/td>\n<td valign=\"bottom\"><strong>Hinterbeinl\u00e4nge<\/strong><\/td>\n<\/tr>\n<tr>\n<td valign=\"bottom\">XXS<\/td>\n<td valign=\"bottom\">40-44 cm<\/td>\n<td valign=\"bottom\">32 cm<\/td>\n<\/tr>\n<tr>\n<td valign=\"bottom\">XS<\/td>\n<td valign=\"bottom\">44-46 cm<\/td>\n<td valign=\"bottom\">37 cm<\/td>\n<\/tr>\n<tr>\n<td valign=\"bottom\">S<\/td>\n<td valign=\"bottom\">46-48 cm<\/td>\n<td valign=\"bottom\">38 cm<\/td>\n<\/tr>\n<tr>\n<td valign=\"bottom\">M<\/td>\n<td valign=\"bottom\">48-51 cm<\/td>\n<td valign=\"bottom\">41 cm<\/td>\n<\/tr>\n<tr>\n<td valign=\"bottom\">L<\/td>\n<td valign=\"bottom\">51-54 cm<\/td>\n<td valign=\"bottom\">44 cm<\/td>\n<\/tr>\n<tr>\n<td valign=\"bottom\">XL<\/td>\n<td valign=\"bottom\">54-60 cm<\/td>\n<td valign=\"bottom\">46 cm<\/td>\n<\/tr>\n<\/tbody>\n<\/table>\n<p>[\/vc_column_text][vc_empty_space height=&#8220;24&#8243;][\/vc_column][\/vc_row][vc_row][vc_column][vc_empty_space height=&#8220;24px&#8220;][vc_video link=&#8220;https:\/\/www.youtube.com\/watch?v=wIB66rO6gUo&amp;list=PLS64m0v2Yrtoi8sHSxG14Dir-5XlQajGe&amp;index=3&#8243;][vc_empty_space height=&#8220;24px&#8220;][\/vc_column][\/vc_row]<\/p>\n<\/div>","protected":false},"excerpt":{"rendered":"<p>Dieser elastische Hundeanzug sch\u00fctzt vor Schnee, Eis, K\u00e4lte und Wind. Auch h\u00e4lt dieser das Fell Ihres Hundes davon ab, sich mit Schnee zu verklumpen. Trotz allem wird die Bewegungsfreiheit nicht eingeschr\u00e4nkt.<\/p>\n","protected":false},"featured_media":43461,"template":"","meta":[],"pwb-brand":[378],"product_cat":[2165,879,881],"product_tag":[],"class_list":{"0":"post-43421","1":"product","2":"type-product","3":"status-publish","4":"has-post-thumbnail","6":"pwb-brand-non-stop-dogwear-de","7":"product_cat-basiclayer-de","8":"product_cat-hundemode","9":"product_cat-mantel-und-jacken","11":"first","12":"instock","13":"taxable","14":"shipping-taxable","15":"purchasable","16":"product-type-variable"},"brands":[{"id":378,"name":"Non-Stop Dogwear","slug":"non-stop-dogwear-de"}],"_links":{"self":[{"href":"https:\/\/www.havohravo.com\/de\/wp-json\/wp\/v2\/product\/43421","targetHints":{"allow":["GET"]}}],"collection":[{"href":"https:\/\/www.havohravo.com\/de\/wp-json\/wp\/v2\/product"}],"about":[{"href":"https:\/\/www.havohravo.com\/de\/wp-json\/wp\/v2\/types\/product"}],"wp:featuredmedia":[{"embeddable":true,"href":"https:\/\/www.havohravo.com\/de\/wp-json\/wp\/v2\/media\/43461"}],"wp:attachment":[{"href":"https:\/\/www.havohravo.com\/de\/wp-json\/wp\/v2\/media?parent=43421"}],"wp:term":[{"taxonomy":"pwb-brand","embeddable":true,"href":"https:\/\/www.havohravo.com\/de\/wp-json\/wp\/v2\/pwb-brand?post=43421"},{"taxonomy":"product_cat","embeddable":true,"href":"https:\/\/www.havohravo.com\/de\/wp-json\/wp\/v2\/product_cat?post=43421"},{"taxonomy":"product_tag","embeddable":true,"href":"https:\/\/www.havohravo.com\/de\/wp-json\/wp\/v2\/product_tag?post=43421"}],"curies":[{"name":"wp","href":"https:\/\/api.w.org\/{rel}","templated":true}]}}