{"id":45719,"date":"2021-02-25T08:02:54","date_gmt":"2021-02-25T07:02:54","guid":{"rendered":"https:\/\/www.havohravo.com\/?post_type=product&#038;p=45719"},"modified":"2021-05-03T14:18:26","modified_gmt":"2021-05-03T12:18:26","slug":"verstellbare-leine-switchbak","status":"publish","type":"product","link":"https:\/\/www.havohravo.com\/de\/produkt\/verstellbare-leine-switchbak\/","title":{"rendered":"Verstellbare Leine Switchbak\u2122"},"content":{"rendered":"<div class=\"wpb-content-wrapper\"><p>[vc_row][vc_column][vc_empty_space][\/vc_column][\/vc_row][vc_row][vc_column width=&#8220;1\/2&#8243;][vc_column_text]<\/p>\n<h3>Verstellbare Leine Switchback\u2122<\/h3>\n<p class=\"p1\">Die Switchbak-Leine passt sich an die sich st\u00e4ndig \u00e4ndernden Bed\u00fcrfnisse deines Hundes w\u00e4hrend Aktivit\u00e4ten an der Leine an. Wenn sich die Bedingungen \u00e4ndern, kannst du diese Leine mit Karabiner an jeder Ende im Handumdrehen verstellen. Das leichte Gurtband sorgt f\u00fcr einfache Einstellungen und einen bequemen Griff. Die verstellbare V-Ringe von Ruffwear bieten nahtlose \u00dcberg\u00e4nge zwischen den verschiedenen Leinenkonfigurationen: um die Taile getragen, \u00fcber die Schulter, in der Hand, als Koppelleine und mehr.<\/p>\n<p class=\"p1\">L\u00e4nge: 0,7 &#8211; 2,1 m<\/p>\n<p>Breite: 20 mm[\/vc_column_text][vc_empty_space height=&#8220;24&#8243;][\/vc_column][vc_column width=&#8220;5\/12&#8243; offset=&#8220;vc_col-sm-offset-1&#8243;][vc_column_text]<\/p>\n<h3>Pflegeanleitung<\/h3>\n<ul>\n<li>Handw\u00e4sche<\/li>\n<li>Verwenden sie\u00a0mildes Waschmittel<\/li>\n<li>Lufttrocknung<\/li>\n<\/ul>\n<p>[\/vc_column_text][vc_empty_space height=&#8220;24&#8243;][vc_single_image image=&#8220;45752&#8243; img_size=&#8220;full&#8220;][vc_empty_space height=&#8220;24&#8243;][\/vc_column][\/vc_row][vc_row][vc_column][vc_empty_space height=&#8220;24&#8243;][vc_video link=&#8220;https:\/\/www.youtube.com\/watch?v=EWVWcR4Jnbo&#8220;][vc_empty_space height=&#8220;24&#8243;][vc_video link=&#8220;https:\/\/www.youtube.com\/watch?v=vHrHCwzQV8Y&#8220;][vc_empty_space height=&#8220;24&#8243;][\/vc_column][\/vc_row]<\/p>\n<\/div>","protected":false},"excerpt":{"rendered":"<p>Verstellbare Leine f\u00fcr t\u00e4gliche Anwendung.<\/p>\n","protected":false},"featured_media":77766,"template":"","meta":[],"pwb-brand":[388],"product_cat":[1684,879,860],"product_tag":[],"class_list":{"0":"post-45719","1":"product","2":"type-product","3":"status-publish","4":"has-post-thumbnail","6":"pwb-brand-ruffwear-de","7":"product_cat-fuehrleinen","8":"product_cat-hundemode","9":"product_cat-leinen","11":"first","12":"instock","13":"taxable","14":"shipping-taxable","15":"purchasable","16":"product-type-variable"},"brands":[{"id":388,"name":"Ruffwear","slug":"ruffwear-de"}],"_links":{"self":[{"href":"https:\/\/www.havohravo.com\/de\/wp-json\/wp\/v2\/product\/45719","targetHints":{"allow":["GET"]}}],"collection":[{"href":"https:\/\/www.havohravo.com\/de\/wp-json\/wp\/v2\/product"}],"about":[{"href":"https:\/\/www.havohravo.com\/de\/wp-json\/wp\/v2\/types\/product"}],"wp:featuredmedia":[{"embeddable":true,"href":"https:\/\/www.havohravo.com\/de\/wp-json\/wp\/v2\/media\/77766"}],"wp:attachment":[{"href":"https:\/\/www.havohravo.com\/de\/wp-json\/wp\/v2\/media?parent=45719"}],"wp:term":[{"taxonomy":"pwb-brand","embeddable":true,"href":"https:\/\/www.havohravo.com\/de\/wp-json\/wp\/v2\/pwb-brand?post=45719"},{"taxonomy":"product_cat","embeddable":true,"href":"https:\/\/www.havohravo.com\/de\/wp-json\/wp\/v2\/product_cat?post=45719"},{"taxonomy":"product_tag","embeddable":true,"href":"https:\/\/www.havohravo.com\/de\/wp-json\/wp\/v2\/product_tag?post=45719"}],"curies":[{"name":"wp","href":"https:\/\/api.w.org\/{rel}","templated":true}]}}