{"id":45990,"date":"2021-03-07T10:18:01","date_gmt":"2021-03-07T09:18:01","guid":{"rendered":"https:\/\/www.havohravo.com\/?post_type=product&#038;p=45990"},"modified":"2021-10-07T13:48:15","modified_gmt":"2021-10-07T11:48:15","slug":"leine-mit-ruckdampfer-fur-hunde-uber-10-kg","status":"publish","type":"product","link":"https:\/\/www.havohravo.com\/de\/produkt\/leine-mit-ruckdampfer-fur-hunde-uber-10-kg\/","title":{"rendered":"Leine mit R\u00fcckd\u00e4mpfer f\u00fcr Hunde \u00fcber 10 kg"},"content":{"rendered":"<div class=\"wpb-content-wrapper\"><p>[vc_row][vc_column][vc_empty_space][\/vc_column][\/vc_row][vc_row][vc_column width=&#8220;1\/2&#8243;][vc_column_text]<\/p>\n<h3>Leine mit R\u00fcckd\u00e4mpfer f\u00fcr Hunde \u00fcber 10 kg<\/h3>\n<p>Diese Leine wird laut unsere eigene Spezifikation produziert. Maximale L\u00e4nge ist 190 cm (gestreckt auf 100%) eignet sich perfekt f\u00fcr Canicross und Wandern.<\/p>\n<h3>Charakteristik und Vorteile<\/h3>\n<ul>\n<li>Leine wird mit einem Messingkarabiner geliefert (80 mm), der bei Bedarf leicht und schnell ersetzt werden kann.<\/li>\n<li>Gurtbandbreite 25 mm<\/li>\n<li>Der R\u00fcckd\u00e4mpfer befindet sich nah an Hundef\u00fchrer und der l\u00e4ngere &#8222;nicht elastische&#8220; Teil befindet sich n\u00e4her zum Hund &#8211; so kann man den R\u00fcckd\u00e4mpfer leicht &#8222;ausser Betrieb&#8220; setzen und den Hund bei Bedarf kurz bei sich f\u00fchren (z.B. Start bei Wettkampf, \u00fcberqueren der Stra\u00dfe, usw.)<\/li>\n<\/ul>\n<p>[\/vc_column_text][vc_empty_space height=&#8220;24&#8243;][\/vc_column][vc_column width=&#8220;5\/12&#8243; offset=&#8220;vc_col-sm-offset-1&#8243;][vc_column_text]<\/p>\n<h3>Verf\u00fcgbare Versionen<\/h3>\n<ul>\n<li>Diese Leine eignet sich f\u00fcr Hunde mit K\u00f6rpergewicht \u00fcber 10 kg.<\/li>\n<li>F\u00fcr Hunde mit K\u00f6rpergewicht weniger als 10 kg empfehlen wir die Variante mit schw\u00e4cherem R\u00fcckd\u00e4mpfer.<\/li>\n<\/ul>\n<p>[\/vc_column_text][vc_empty_space height=&#8220;24&#8243;][vc_single_image image=&#8220;45999&#8243; img_size=&#8220;full&#8220;][vc_empty_space height=&#8220;24&#8243;][\/vc_column][\/vc_row]<\/p>\n<\/div>","protected":false},"excerpt":{"rendered":"<p>Leine mit R\u00fcckd\u00e4mpfer ideal f\u00fcr Canicross oder Dogtrekking.<\/p>\n","protected":false},"featured_media":46044,"template":"","meta":[],"pwb-brand":[1138,1162],"product_cat":[1680,1681,16,879,30,860],"product_tag":[],"class_list":{"0":"post-45990","1":"product","2":"type-product","3":"status-publish","4":"has-post-thumbnail","6":"pwb-brand-zerodc","7":"pwb-brand-zerodc-de","8":"product_cat-bungee-leashes","9":"product_cat-mit-rueckdaempfer","10":"product_cat-dogwear","11":"product_cat-hundemode","12":"product_cat-leashes","13":"product_cat-leinen","15":"first","16":"instock","17":"featured","18":"taxable","19":"shipping-taxable","20":"product-type-variable"},"brands":[{"id":1138,"name":"ZeroDC","slug":"zerodc"},{"id":1162,"name":"ZeroDC","slug":"zerodc-de"}],"_links":{"self":[{"href":"https:\/\/www.havohravo.com\/de\/wp-json\/wp\/v2\/product\/45990","targetHints":{"allow":["GET"]}}],"collection":[{"href":"https:\/\/www.havohravo.com\/de\/wp-json\/wp\/v2\/product"}],"about":[{"href":"https:\/\/www.havohravo.com\/de\/wp-json\/wp\/v2\/types\/product"}],"wp:featuredmedia":[{"embeddable":true,"href":"https:\/\/www.havohravo.com\/de\/wp-json\/wp\/v2\/media\/46044"}],"wp:attachment":[{"href":"https:\/\/www.havohravo.com\/de\/wp-json\/wp\/v2\/media?parent=45990"}],"wp:term":[{"taxonomy":"pwb-brand","embeddable":true,"href":"https:\/\/www.havohravo.com\/de\/wp-json\/wp\/v2\/pwb-brand?post=45990"},{"taxonomy":"product_cat","embeddable":true,"href":"https:\/\/www.havohravo.com\/de\/wp-json\/wp\/v2\/product_cat?post=45990"},{"taxonomy":"product_tag","embeddable":true,"href":"https:\/\/www.havohravo.com\/de\/wp-json\/wp\/v2\/product_tag?post=45990"}],"curies":[{"name":"wp","href":"https:\/\/api.w.org\/{rel}","templated":true}]}}