{"id":46161,"date":"2021-03-14T12:24:53","date_gmt":"2021-03-14T11:24:53","guid":{"rendered":"https:\/\/www.havohravo.com\/?post_type=product&#038;p=46161"},"modified":"2021-12-13T12:47:48","modified_gmt":"2021-12-13T11:47:48","slug":"flexiness-step","status":"publish","type":"product","link":"https:\/\/www.havohravo.com\/de\/produkt\/flexiness-step\/","title":{"rendered":"Flexiness\u00ae Step"},"content":{"rendered":"<div class=\"wpb-content-wrapper\"><p>[vc_row][vc_column][vc_empty_space][\/vc_column][\/vc_row][vc_row][vc_column width=&#8220;2\/3&#8243;][vc_column_text]<\/p>\n<h3>Flexiness\u00ae Step<\/h3>\n<ul>\n<li>stabile Plattform<\/li>\n<li>leicht stossd\u00e4mpfende \u201aF\u00fcsse\u2018<\/li>\n<li>gerillte Oberfl\u00e4che (f\u00fcr noch mehr Grip empfehlen wir die SensiMats zu nutzen)<\/li>\n<li>f\u00fcr mehr H\u00f6he k\u00f6nnen auch 2 Steps aufeinandergestapelt werden.<\/li>\n<li>kann problemlos gereinigt werden<\/li>\n<\/ul>\n<h3>Gr\u00f6\u00dfe<\/h3>\n<p>60 x 60 x 12 cm[\/vc_column_text][\/vc_column][vc_column width=&#8220;1\/3&#8243;][vc_empty_space height=&#8220;16&#8243;][vc_single_image image=&#8220;46333&#8243; img_size=&#8220;full&#8220;][vc_empty_space height=&#8220;16&#8243;][\/vc_column][\/vc_row]<\/p>\n<\/div>","protected":false},"excerpt":{"rendered":"<p>Der Step ist die ideale Plattform welche die Bed\u00fcrfnisse von Hunde- und HundeFitness-Training vereint.<\/p>\n","protected":false},"featured_media":46339,"template":"","meta":[],"pwb-brand":[1672],"product_cat":[874,2157],"product_tag":[],"class_list":{"0":"post-46161","1":"product","2":"type-product","3":"status-publish","4":"has-post-thumbnail","6":"pwb-brand-flexiness-de","7":"product_cat-hundefitness","8":"product_cat-platformen-matten","10":"first","11":"outofstock","12":"featured","13":"taxable","14":"shipping-taxable","15":"purchasable","16":"product-type-simple"},"brands":[{"id":1672,"name":"Flexiness","slug":"flexiness-de"}],"_links":{"self":[{"href":"https:\/\/www.havohravo.com\/de\/wp-json\/wp\/v2\/product\/46161","targetHints":{"allow":["GET"]}}],"collection":[{"href":"https:\/\/www.havohravo.com\/de\/wp-json\/wp\/v2\/product"}],"about":[{"href":"https:\/\/www.havohravo.com\/de\/wp-json\/wp\/v2\/types\/product"}],"wp:featuredmedia":[{"embeddable":true,"href":"https:\/\/www.havohravo.com\/de\/wp-json\/wp\/v2\/media\/46339"}],"wp:attachment":[{"href":"https:\/\/www.havohravo.com\/de\/wp-json\/wp\/v2\/media?parent=46161"}],"wp:term":[{"taxonomy":"pwb-brand","embeddable":true,"href":"https:\/\/www.havohravo.com\/de\/wp-json\/wp\/v2\/pwb-brand?post=46161"},{"taxonomy":"product_cat","embeddable":true,"href":"https:\/\/www.havohravo.com\/de\/wp-json\/wp\/v2\/product_cat?post=46161"},{"taxonomy":"product_tag","embeddable":true,"href":"https:\/\/www.havohravo.com\/de\/wp-json\/wp\/v2\/product_tag?post=46161"}],"curies":[{"name":"wp","href":"https:\/\/api.w.org\/{rel}","templated":true}]}}