{"id":46237,"date":"2021-03-14T14:55:35","date_gmt":"2021-03-14T13:55:35","guid":{"rendered":"https:\/\/www.havohravo.com\/?post_type=product&#038;p=46237"},"modified":"2024-12-12T14:34:52","modified_gmt":"2024-12-12T13:34:52","slug":"flexiness-sensipeanut","status":"publish","type":"product","link":"https:\/\/www.havohravo.com\/de\/produkt\/flexiness-sensipeanut\/","title":{"rendered":"Flexiness\u00ae SensiPeanut"},"content":{"rendered":"<div class=\"wpb-content-wrapper\"><p>[vc_row][vc_column][vc_empty_space][\/vc_column][\/vc_row][vc_row][vc_column width=&#8220;2\/3&#8243;][vc_column_text]<\/p>\n<h3>Flexiness\u00ae SensiPeanut<\/h3>\n<ul>\n<li>Tool f\u00fcr Einsteiger &amp; Fortgeschrittene<\/li>\n<li>Wird mit einem Einf\u00fchrungsplan geliefert<\/li>\n<li>Das Ger\u00e4t auf die angegebene Gr\u00f6sse (H\u00f6he) aufpumpen, ein Tag ruhen lassen und nach ca. 4 Wochen nachpumpen. Die Luftmenge hat Einfluss auf die Stabilit\u00e4t des Ger\u00e4ts. Je weniger Luft desto gr\u00f6sser die Herausforderung f\u00fcr den Hund.<\/li>\n<li>Nervenstimulation durch Noppen<\/li>\n<li>Das Ger\u00e4t kann beidseitig genutzt werden. Glatte Seite \/ Sensi Seite mit Noppen<\/li>\n<\/ul>\n<h3>Gr\u00f6\u00dfe<\/h3>\n<p>45 x 90 cm[\/vc_column_text][\/vc_column][vc_column width=&#8220;1\/3&#8243;][vc_empty_space height=&#8220;16&#8243;][vc_single_image image=&#8220;46247&#8243; img_size=&#8220;full&#8220;][vc_empty_space height=&#8220;16&#8243;][\/vc_column][\/vc_row]<\/p>\n<\/div>","protected":false},"excerpt":{"rendered":"<p>Tool f\u00fcr Einsteiger &#038; Fortgeschrittene!<\/p>\n","protected":false},"featured_media":46247,"template":"","meta":[],"pwb-brand":[1672],"product_cat":[2155,874],"product_tag":[],"class_list":{"0":"post-46237","1":"product","2":"type-product","3":"status-publish","4":"has-post-thumbnail","6":"pwb-brand-flexiness-de","7":"product_cat-donuts-erdnussbaelle","8":"product_cat-hundefitness","10":"first","11":"instock","12":"taxable","13":"shipping-taxable","14":"purchasable","15":"product-type-simple"},"brands":[{"id":1672,"name":"Flexiness","slug":"flexiness-de"}],"_links":{"self":[{"href":"https:\/\/www.havohravo.com\/de\/wp-json\/wp\/v2\/product\/46237","targetHints":{"allow":["GET"]}}],"collection":[{"href":"https:\/\/www.havohravo.com\/de\/wp-json\/wp\/v2\/product"}],"about":[{"href":"https:\/\/www.havohravo.com\/de\/wp-json\/wp\/v2\/types\/product"}],"wp:featuredmedia":[{"embeddable":true,"href":"https:\/\/www.havohravo.com\/de\/wp-json\/wp\/v2\/media\/46247"}],"wp:attachment":[{"href":"https:\/\/www.havohravo.com\/de\/wp-json\/wp\/v2\/media?parent=46237"}],"wp:term":[{"taxonomy":"pwb-brand","embeddable":true,"href":"https:\/\/www.havohravo.com\/de\/wp-json\/wp\/v2\/pwb-brand?post=46237"},{"taxonomy":"product_cat","embeddable":true,"href":"https:\/\/www.havohravo.com\/de\/wp-json\/wp\/v2\/product_cat?post=46237"},{"taxonomy":"product_tag","embeddable":true,"href":"https:\/\/www.havohravo.com\/de\/wp-json\/wp\/v2\/product_tag?post=46237"}],"curies":[{"name":"wp","href":"https:\/\/api.w.org\/{rel}","templated":true}]}}