{"id":46453,"date":"2021-03-20T10:29:45","date_gmt":"2021-03-20T09:29:45","guid":{"rendered":"https:\/\/www.havohravo.com\/?post_type=product&#038;p=46453"},"modified":"2023-11-07T20:44:25","modified_gmt":"2023-11-07T19:44:25","slug":"home-trail-hip-pack","status":"publish","type":"product","link":"https:\/\/www.havohravo.com\/de\/produkt\/home-trail-hip-pack\/","title":{"rendered":"Home Trail Hip Pack\u2122"},"content":{"rendered":"<div class=\"wpb-content-wrapper\"><p>[vc_row][vc_column][vc_empty_space][\/vc_column][\/vc_row][vc_row][vc_column width=&#8220;1\/2&#8243;][vc_column_text]<\/p>\n<h3>Home Trail Hip Pack\u2122<\/h3>\n<p>Das Home Trail Hip Pack ist die praktische Tasche f\u00fcr Alltag, in der du das Wesentliche f\u00fcr dich und deinen Hund transportiert werden. So bleiben deine H\u00e4nde frei, um Spielzeug zu werfen und Leckereien zu verteilen. Es hat zwei F\u00e4cher mit Rei\u00dfverschluss und einen verstellbaren G\u00fcrtel zum Tragen um die H\u00fcfte oder als Crossbody-Tasche.<\/p>\n<p>Das komfortable, flache Design ist f\u00fcr den Menschen gedacht, bei den Details wurde an die Hunde gedacht. Eine interne &#8222;Schmutz-Tasche&#8220; h\u00e4lt Leckereien oder schmutziges Spielzeug von anderen Inhalten getrennt. Gassi-Beutel befinden sich in einer Au\u00dfentasche aus Mesh, und es gibt noch viel Platz f\u00fcr eine Leine, eine kleine Sch\u00fcssel und andere Notwendigkeiten. Die versteckte Tasche auf der R\u00fcckseite bietet schnellen Zugriff zum Handy.<\/p>\n<h3>Dimensionen<\/h3>\n<p><strong>One Size mit verstellbarem G\u00fcrtel:\u00a0<\/strong>38-137 cm<\/p>\n<p><strong>Volumen:\u00a0<\/strong>1,8 l<\/p>\n<p><strong>Tasche f\u00fcr Handy:<\/strong>\u00a0B 21 cm x H 12 cm[\/vc_column_text][vc_empty_space height=&#8220;32&#8243;][vc_single_image image=&#8220;74686&#8243; img_size=&#8220;full&#8220;][vc_empty_space height=&#8220;24&#8243;][\/vc_column][vc_column width=&#8220;5\/12&#8243; offset=&#8220;vc_col-sm-offset-1&#8243;][vc_column_text]<\/p>\n<h3>Charakteristik &amp; Vorteile<\/h3>\n<ul>\n<li>Kann um die H\u00fcfte oder \u00fcber die Schulter getragen werden<\/li>\n<li>Verstellbarer G\u00fcrtel mit Steckschnalle<\/li>\n<li>Die zusammenklappbare Tasche im Hauptfach mit Rei\u00dfverschluss h\u00e4lt Leckereien oder ein kleines Spielzeug von anderen Gegenst\u00e4nden getrennt<\/li>\n<li>Das vordere Fach mit Rei\u00dfverschluss enth\u00e4lt einen Schl\u00fcsselhaken und Platz f\u00fcr kleine Dinge<\/li>\n<li>Praktische Handytasche auf der R\u00fcckseite<\/li>\n<li>Externe Stretch-Netztasche f\u00fcr Gassi-Beutel<\/li>\n<li>Externe Schlaufen f\u00fcr Clicker oder kleine Clip-On-Artikel<\/li>\n<\/ul>\n<p>[\/vc_column_text][vc_empty_space height=&#8220;24&#8243;][vc_single_image image=&#8220;46471&#8243; img_size=&#8220;full&#8220;][vc_empty_space height=&#8220;24&#8243;][vc_column_text]<\/p>\n<h3>Pflegeanleitung<\/h3>\n<ul>\n<li>Handw\u00e4sche<\/li>\n<li>Verwenden sie\u00a0mildes Waschmittel<\/li>\n<li>Lufttrocknung<\/li>\n<\/ul>\n<p>[\/vc_column_text][\/vc_column][\/vc_row][vc_row][vc_column][vc_empty_space][vc_video link=&#8220;https:\/\/www.youtube.com\/watch?v=VyDWOzeHNQo&#8220;][\/vc_column][\/vc_row]<\/p>\n<\/div>","protected":false},"excerpt":{"rendered":"<p>Eine praktische Tasche f\u00fcr Alltag-Abenteuer.<\/p>\n","protected":false},"featured_media":74688,"template":"","meta":[],"pwb-brand":[388],"product_cat":[861,885],"product_tag":[],"class_list":{"0":"post-46453","1":"product","2":"type-product","3":"status-publish","4":"has-post-thumbnail","6":"pwb-brand-ruffwear-de","7":"product_cat-fur-menschen","8":"product_cat-taschen-und-futterbeutel","10":"first","11":"instock","12":"taxable","13":"shipping-taxable","14":"purchasable","15":"product-type-variable"},"brands":[{"id":388,"name":"Ruffwear","slug":"ruffwear-de"}],"_links":{"self":[{"href":"https:\/\/www.havohravo.com\/de\/wp-json\/wp\/v2\/product\/46453","targetHints":{"allow":["GET"]}}],"collection":[{"href":"https:\/\/www.havohravo.com\/de\/wp-json\/wp\/v2\/product"}],"about":[{"href":"https:\/\/www.havohravo.com\/de\/wp-json\/wp\/v2\/types\/product"}],"wp:featuredmedia":[{"embeddable":true,"href":"https:\/\/www.havohravo.com\/de\/wp-json\/wp\/v2\/media\/74688"}],"wp:attachment":[{"href":"https:\/\/www.havohravo.com\/de\/wp-json\/wp\/v2\/media?parent=46453"}],"wp:term":[{"taxonomy":"pwb-brand","embeddable":true,"href":"https:\/\/www.havohravo.com\/de\/wp-json\/wp\/v2\/pwb-brand?post=46453"},{"taxonomy":"product_cat","embeddable":true,"href":"https:\/\/www.havohravo.com\/de\/wp-json\/wp\/v2\/product_cat?post=46453"},{"taxonomy":"product_tag","embeddable":true,"href":"https:\/\/www.havohravo.com\/de\/wp-json\/wp\/v2\/product_tag?post=46453"}],"curies":[{"name":"wp","href":"https:\/\/api.w.org\/{rel}","templated":true}]}}