{"id":46685,"date":"2021-03-27T15:49:48","date_gmt":"2021-03-27T14:49:48","guid":{"rendered":"https:\/\/www.havohravo.com\/?post_type=product&#038;p=46685"},"modified":"2024-06-10T13:34:21","modified_gmt":"2024-06-10T11:34:21","slug":"halsband-rock-collar-schwarz","status":"publish","type":"product","link":"https:\/\/www.havohravo.com\/de\/produkt\/halsband-rock-collar-schwarz\/","title":{"rendered":"Halsband Rock Collar Schwarz"},"content":{"rendered":"<div class=\"wpb-content-wrapper\"><p>[vc_row][vc_column][vc_empty_space][\/vc_column][\/vc_row][vc_row][vc_column width=&#8220;1\/2&#8243;][vc_column_text]<\/p>\n<h3>Halsband Rock Collar<\/h3>\n<p>Rock Collar ist ein strapazierf\u00e4higes Halsband mit geringem Gewicht f\u00fcr Sport und Freizeit. Die extrem atmungsaktive Polsterung tr\u00e4gt in jeder Umgebung zum Komfort bei, w\u00e4hrend 3M Reflektoren den Hund im Dunkeln sichtbar machen. Das Halsband hat eine Zugstopp-Funktion, wenn diese f\u00fcr zus\u00e4tzliche Kontrolle erforderlich ist.[\/vc_column_text][vc_empty_space height=&#8220;24&#8243;][\/vc_column][vc_column width=&#8220;5\/12&#8243; offset=&#8220;vc_col-sm-offset-1&#8243;][vc_column_text]<\/p>\n<h3>Charakteristik und Vorteile<\/h3>\n<ul>\n<li>Hypalon-Verst\u00e4rkung<\/li>\n<li>Atmungsf\u00e4hige Meshpolsterung<\/li>\n<li>Nylongurtband<\/li>\n<li>Bronze D-Ring<\/li>\n<li>3M Reflektoren<\/li>\n<li>Gewicht\u00a0 50g bei Gr\u00f6\u00dfe 45<\/li>\n<\/ul>\n<p>[\/vc_column_text][vc_empty_space height=&#8220;24&#8243;][\/vc_column][\/vc_row][vc_row][vc_column width=&#8220;1\/2&#8243;][vc_empty_space height=&#8220;32&#8243;][vc_column_text]<\/p>\n<div class=\"wpb_text_column wpb_content_element \">\n<div class=\"wpb_wrapper\">\n<table>\n<tbody>\n<tr>\n<td valign=\"bottom\"><strong>Gr\u00f6\u00dfe<\/strong><\/td>\n<td valign=\"bottom\"><strong>Umfang \u201ezu\u201c<\/strong><\/td>\n<td valign=\"bottom\"><strong>Umfang \u201elocker\u201c<\/strong><\/td>\n<\/tr>\n<tr>\n<td>XXS<\/td>\n<td>30 cm<\/td>\n<td>34 cm<\/td>\n<\/tr>\n<tr>\n<td>XS<\/td>\n<td>32,5 cm<\/td>\n<td>37 cm<\/td>\n<\/tr>\n<tr>\n<td>S<\/td>\n<td>35 cm<\/td>\n<td>40 cm<\/td>\n<\/tr>\n<tr>\n<td valign=\"bottom\">M<\/td>\n<td valign=\"bottom\">39,5 cm<\/td>\n<td>45 cm<\/td>\n<\/tr>\n<tr>\n<td valign=\"bottom\">L<\/td>\n<td valign=\"bottom\">44 cm<\/td>\n<td>50 cm<\/td>\n<\/tr>\n<tr>\n<td valign=\"bottom\">XL<\/td>\n<td valign=\"bottom\">48,5 cm<\/td>\n<td>55 cm<\/td>\n<\/tr>\n<tr>\n<td valign=\"bottom\">XXL<\/td>\n<td valign=\"bottom\">53 cm<\/td>\n<td>60 cm<\/td>\n<\/tr>\n<tr>\n<td valign=\"bottom\">XXXL<\/td>\n<td valign=\"bottom\">56,5 cm<\/td>\n<td>65 cm<\/td>\n<\/tr>\n<\/tbody>\n<\/table>\n<\/div>\n<\/div>\n<p>[\/vc_column_text][vc_empty_space height=&#8220;24&#8243;][\/vc_column][vc_column width=&#8220;1\/2&#8243;][vc_empty_space height=&#8220;24px&#8220;][vc_single_image image=&#8220;46710&#8243; img_size=&#8220;full&#8220;][vc_empty_space height=&#8220;24px&#8220;][\/vc_column][\/vc_row][vc_row][vc_column][vc_empty_space height=&#8220;24&#8243;][vc_video link=&#8220;https:\/\/www.youtube.com\/watch?v=wIB66rO6gUo&#8220;][vc_empty_space height=&#8220;24&#8243;][\/vc_column][\/vc_row]<\/p>\n<\/div>","protected":false},"excerpt":{"rendered":"<p>Rock Collar ist ein strapazierf\u00e4higes Halsband mit geringem Gewicht f\u00fcr Sport und Freizeit.<\/p>\n","protected":false},"featured_media":46704,"template":"","meta":[],"pwb-brand":[378],"product_cat":[879,882],"product_tag":[],"class_list":{"0":"post-46685","1":"product","2":"type-product","3":"status-publish","4":"has-post-thumbnail","6":"pwb-brand-non-stop-dogwear-de","7":"product_cat-hundemode","8":"product_cat-halsbander","10":"first","11":"onbackorder","12":"taxable","13":"shipping-taxable","14":"purchasable","15":"product-type-variable"},"brands":[{"id":378,"name":"Non-Stop Dogwear","slug":"non-stop-dogwear-de"}],"_links":{"self":[{"href":"https:\/\/www.havohravo.com\/de\/wp-json\/wp\/v2\/product\/46685","targetHints":{"allow":["GET"]}}],"collection":[{"href":"https:\/\/www.havohravo.com\/de\/wp-json\/wp\/v2\/product"}],"about":[{"href":"https:\/\/www.havohravo.com\/de\/wp-json\/wp\/v2\/types\/product"}],"wp:featuredmedia":[{"embeddable":true,"href":"https:\/\/www.havohravo.com\/de\/wp-json\/wp\/v2\/media\/46704"}],"wp:attachment":[{"href":"https:\/\/www.havohravo.com\/de\/wp-json\/wp\/v2\/media?parent=46685"}],"wp:term":[{"taxonomy":"pwb-brand","embeddable":true,"href":"https:\/\/www.havohravo.com\/de\/wp-json\/wp\/v2\/pwb-brand?post=46685"},{"taxonomy":"product_cat","embeddable":true,"href":"https:\/\/www.havohravo.com\/de\/wp-json\/wp\/v2\/product_cat?post=46685"},{"taxonomy":"product_tag","embeddable":true,"href":"https:\/\/www.havohravo.com\/de\/wp-json\/wp\/v2\/product_tag?post=46685"}],"curies":[{"name":"wp","href":"https:\/\/api.w.org\/{rel}","templated":true}]}}