{"id":46739,"date":"2021-03-27T16:49:07","date_gmt":"2021-03-27T15:49:07","guid":{"rendered":"https:\/\/www.havohravo.com\/?post_type=product&#038;p=46739"},"modified":"2021-03-27T17:16:07","modified_gmt":"2021-03-27T16:16:07","slug":"halsband-tumble-collar","status":"publish","type":"product","link":"https:\/\/www.havohravo.com\/de\/produkt\/halsband-tumble-collar\/","title":{"rendered":"Halsband Tumble Collar"},"content":{"rendered":"<div class=\"wpb-content-wrapper\"><p>[vc_row][vc_column][vc_empty_space][\/vc_column][\/vc_row][vc_row][vc_column width=&#8220;1\/2&#8243;][vc_column_text]<\/p>\n<h3>Halsband Tumble Collar<\/h3>\n<p>Das Tumble Halsband ist ein Welpenhalsband, das nicht nur sehr anpassungsf\u00e4hig ist, sondern sich auch sehr angenehm f\u00fcr den Hund anf\u00fchlt. Das Halsband ist in zwei Gr\u00f6\u00dfen erh\u00e4ltlich. Das Tumble collar ist auch eine gute Wahl f\u00fcr kleine Hunde, die ein hochwertiges Halsband ben\u00f6tigen. Die Leine des Hundes wird an einem Aluminium-D-Ring befestigt, der haltbar und leicht ist. Das Halsband l\u00e4sst sich mit Duraflex \u00ae-Schnallen leicht an- und ablegen.<\/p>\n<p>Erh\u00e4ltlich in zwei Farben erh\u00e4ltlich: violett und blau.[\/vc_column_text][vc_empty_space height=&#8220;24&#8243;][\/vc_column][vc_column width=&#8220;5\/12&#8243; offset=&#8220;vc_col-sm-offset-1&#8243;][vc_column_text]<\/p>\n<h3>Charakteristik<\/h3>\n<ul>\n<li>Duraflex\u00ae-Schnallen<\/li>\n<li>Aluminium-D-Ring<\/li>\n<li>Nylongewebe<\/li>\n<li>Reflektierende Details<\/li>\n<li>Farben: violett und blau<\/li>\n<\/ul>\n<p>[\/vc_column_text][vc_empty_space height=&#8220;24&#8243;][\/vc_column][\/vc_row][vc_row][vc_column width=&#8220;1\/2&#8243;][vc_empty_space height=&#8220;32&#8243;][vc_column_text]<\/p>\n<table style=\"width: 100%;\">\n<tbody>\n<tr style=\"height: 24px;\">\n<td style=\"width: 63px; height: 48px;\" valign=\"bottom\"><strong>Gr\u00f6\u00dfe<\/strong><\/td>\n<td style=\"width: 151px; height: 48px;\" valign=\"bottom\"><strong>Halsumfang<\/strong><\/td>\n<\/tr>\n<tr style=\"height: 24px;\">\n<td style=\"width: 63px; height: 24px;\">XXS<\/td>\n<td style=\"width: 151px; height: 24px;\">21 &#8211; 29 cm<\/td>\n<\/tr>\n<tr style=\"height: 24px;\">\n<td style=\"width: 63px; height: 24px;\">XS<\/td>\n<td style=\"width: 151px; height: 24px;\">25 &#8211; 35 cm<\/td>\n<\/tr>\n<\/tbody>\n<\/table>\n<p>[\/vc_column_text][vc_empty_space height=&#8220;24&#8243;][\/vc_column][vc_column width=&#8220;1\/2&#8243;][vc_empty_space height=&#8220;24px&#8220;][vc_single_image image=&#8220;46770&#8243; img_size=&#8220;full&#8220;][vc_empty_space height=&#8220;24px&#8220;][\/vc_column][\/vc_row][vc_row][vc_column][vc_empty_space height=&#8220;24&#8243;][vc_video link=&#8220;https:\/\/www.youtube.com\/watch?v=gw6x7KPkWIE&#8220;][vc_empty_space height=&#8220;24&#8243;][\/vc_column][\/vc_row]<\/p>\n<\/div>","protected":false},"excerpt":{"rendered":"<p>Ein leichtes und anpassbares Halsband f\u00fcr Welpen und kleine Hunde.<\/p>\n","protected":false},"featured_media":46776,"template":"","meta":[],"pwb-brand":[378],"product_cat":[879,882],"product_tag":[],"class_list":{"0":"post-46739","1":"product","2":"type-product","3":"status-publish","4":"has-post-thumbnail","6":"pwb-brand-non-stop-dogwear-de","7":"product_cat-hundemode","8":"product_cat-halsbander","10":"first","11":"instock","12":"featured","13":"taxable","14":"shipping-taxable","15":"purchasable","16":"product-type-variable"},"brands":[{"id":378,"name":"Non-Stop Dogwear","slug":"non-stop-dogwear-de"}],"_links":{"self":[{"href":"https:\/\/www.havohravo.com\/de\/wp-json\/wp\/v2\/product\/46739","targetHints":{"allow":["GET"]}}],"collection":[{"href":"https:\/\/www.havohravo.com\/de\/wp-json\/wp\/v2\/product"}],"about":[{"href":"https:\/\/www.havohravo.com\/de\/wp-json\/wp\/v2\/types\/product"}],"wp:featuredmedia":[{"embeddable":true,"href":"https:\/\/www.havohravo.com\/de\/wp-json\/wp\/v2\/media\/46776"}],"wp:attachment":[{"href":"https:\/\/www.havohravo.com\/de\/wp-json\/wp\/v2\/media?parent=46739"}],"wp:term":[{"taxonomy":"pwb-brand","embeddable":true,"href":"https:\/\/www.havohravo.com\/de\/wp-json\/wp\/v2\/pwb-brand?post=46739"},{"taxonomy":"product_cat","embeddable":true,"href":"https:\/\/www.havohravo.com\/de\/wp-json\/wp\/v2\/product_cat?post=46739"},{"taxonomy":"product_tag","embeddable":true,"href":"https:\/\/www.havohravo.com\/de\/wp-json\/wp\/v2\/product_tag?post=46739"}],"curies":[{"name":"wp","href":"https:\/\/api.w.org\/{rel}","templated":true}]}}