{"id":46795,"date":"2021-03-27T17:26:15","date_gmt":"2021-03-27T16:26:15","guid":{"rendered":"https:\/\/www.havohravo.com\/?post_type=product&#038;p=46795"},"modified":"2021-03-27T17:48:03","modified_gmt":"2021-03-27T16:48:03","slug":"halsband-cruise","status":"publish","type":"product","link":"https:\/\/www.havohravo.com\/de\/produkt\/halsband-cruise\/","title":{"rendered":"Halsband Cruise"},"content":{"rendered":"<div class=\"wpb-content-wrapper\"><p>[vc_row][vc_column][vc_empty_space][\/vc_column][\/vc_row][vc_row][vc_column width=&#8220;1\/2&#8243;][vc_column_text]<\/p>\n<h3>Halsband Cruise<\/h3>\n<p>Ein robustes und komfortables Zugstopp-Halsband. Diese Art von Halsband ist einfach anzulegen und abzunehmen und ist sanft zum Fell.<\/p>\n<p>F\u00fcr die Sicherheit Deines Hundes ist das Cruise collar mit zwei 3M reflektierenden Paspeln um den gesamten gepolsterten Teil ausgestattet. So ist Dein Hund aus verschiedenen Blickwinkeln sichtbar. Es verf\u00fcgt auch \u00fcber einen Befestigungspunkt f\u00fcr ein Licht vorgesehen, der mit Hypalon verst\u00e4rkt ist.[\/vc_column_text][vc_empty_space height=&#8220;24&#8243;][\/vc_column][vc_column width=&#8220;5\/12&#8243; offset=&#8220;vc_col-sm-offset-1&#8243;][vc_column_text]<\/p>\n<h3>Charakteristik<\/h3>\n<ul>\n<li>Webband: Nylon<\/li>\n<li>Polsterung:\u202fNeopren<\/li>\n<li>Faden: Nylon<\/li>\n<li>Aluminum\u202fD-Ring<\/li>\n<li>Hypalon<\/li>\n<li>3M\u2122 \u202freflektierende Elemente<\/li>\n<li>Farbe: schwarz,\u202forange<\/li>\n<\/ul>\n<p>[\/vc_column_text][vc_empty_space height=&#8220;24&#8243;][\/vc_column][\/vc_row][vc_row][vc_column width=&#8220;1\/2&#8243;][vc_empty_space height=&#8220;32&#8243;][vc_column_text]<\/p>\n<table style=\"width: 100%; height: 240px;\">\n<tbody>\n<tr style=\"height: 24px;\">\n<td style=\"width: 63px; height: 48px;\" valign=\"bottom\"><strong>Gr\u00f6\u00dfe<\/strong><\/td>\n<td style=\"width: 151px; height: 48px;\" valign=\"bottom\"><strong>Halsumfang &#8222;zu&#8220;<\/strong><\/td>\n<td style=\"width: 151px; height: 48px;\" valign=\"bottom\"><strong>Halsumfang &#8222;locker&#8220;<\/strong><\/td>\n<td style=\"width: 151px; height: 48px;\" valign=\"bottom\"><strong>Breite<\/strong><\/td>\n<\/tr>\n<tr style=\"height: 24px;\">\n<td style=\"width: 63px; height: 24px;\">XXS<\/td>\n<td style=\"width: 151px; height: 24px;\">27 cm<\/td>\n<td style=\"width: 151px; height: 24px;\">32 cm<\/td>\n<td style=\"width: 151px; height: 24px;\">2,1 cm<\/td>\n<\/tr>\n<tr style=\"height: 24px;\">\n<td style=\"width: 63px; height: 24px;\">XS<\/td>\n<td style=\"width: 151px; height: 24px;\">31 cm<\/td>\n<td style=\"width: 151px; height: 24px;\">36 cm<\/td>\n<td style=\"width: 151px; height: 24px;\">2,1 cm<\/td>\n<\/tr>\n<tr style=\"height: 24px;\">\n<td style=\"width: 63px; height: 24px;\">S<\/td>\n<td style=\"width: 151px; height: 24px;\">35 cm<\/td>\n<td style=\"width: 151px; height: 24px;\">40 cm<\/td>\n<td style=\"width: 151px; height: 24px;\">2,8 cm<\/td>\n<\/tr>\n<tr style=\"height: 24px;\">\n<td style=\"width: 63px; height: 24px;\" valign=\"bottom\">M<\/td>\n<td style=\"width: 151px; height: 24px;\" valign=\"bottom\">39 cm<\/td>\n<td style=\"width: 151px; height: 24px;\">45 cm<\/td>\n<td style=\"width: 151px; height: 24px;\">2,8 cm<\/td>\n<\/tr>\n<tr style=\"height: 24px;\">\n<td style=\"width: 63px; height: 24px;\" valign=\"bottom\">L<\/td>\n<td style=\"width: 151px; height: 24px;\" valign=\"bottom\">44 cm<\/td>\n<td style=\"width: 151px; height: 24px;\">50 cm<\/td>\n<td style=\"width: 151px; height: 24px;\">3,5 cm<\/td>\n<\/tr>\n<tr style=\"height: 24px;\">\n<td style=\"width: 63px; height: 24px;\" valign=\"bottom\">XL<\/td>\n<td style=\"width: 151px; height: 24px;\" valign=\"bottom\">48 cm<\/td>\n<td style=\"width: 151px; height: 24px;\">55 cm<\/td>\n<td style=\"width: 151px; height: 24px;\">3,5 cm<\/td>\n<\/tr>\n<tr style=\"height: 24px;\">\n<td style=\"width: 63px; height: 24px;\" valign=\"bottom\">XXL<\/td>\n<td style=\"width: 151px; height: 24px;\" valign=\"bottom\">53 cm<\/td>\n<td style=\"width: 151px; height: 24px;\">60 cm<\/td>\n<td style=\"width: 151px; height: 24px;\">3,5 cm<\/td>\n<\/tr>\n<tr style=\"height: 24px;\">\n<td style=\"width: 63px; height: 24px;\" valign=\"bottom\">XXXL<\/td>\n<td style=\"width: 151px; height: 24px;\" valign=\"bottom\">58 cm<\/td>\n<td style=\"width: 151px; height: 24px;\">65 cm<\/td>\n<td style=\"width: 151px; height: 24px;\">3,5 cm<\/td>\n<\/tr>\n<\/tbody>\n<\/table>\n<p>[\/vc_column_text][vc_empty_space height=&#8220;24&#8243;][\/vc_column][vc_column width=&#8220;1\/2&#8243;][vc_empty_space height=&#8220;24px&#8220;][vc_single_image image=&#8220;46817&#8243; img_size=&#8220;full&#8220;][vc_empty_space height=&#8220;24px&#8220;][\/vc_column][\/vc_row][vc_row][vc_column][vc_empty_space height=&#8220;24&#8243;][vc_video link=&#8220;https:\/\/www.youtube.com\/watch?v=gw6x7KPkWIE&#8220;][vc_empty_space height=&#8220;24&#8243;][\/vc_column][\/vc_row]<\/p>\n<\/div>","protected":false},"excerpt":{"rendered":"<p>Ein gut gepolstertes Hundehalsband mit Zugstopp-Funktion, das ideal f\u00fcr den aktiven Alltag mit Hund ist.<\/p>\n","protected":false},"featured_media":46814,"template":"","meta":[],"pwb-brand":[378],"product_cat":[879,882],"product_tag":[],"class_list":{"0":"post-46795","1":"product","2":"type-product","3":"status-publish","4":"has-post-thumbnail","6":"pwb-brand-non-stop-dogwear-de","7":"product_cat-hundemode","8":"product_cat-halsbander","10":"first","11":"instock","12":"featured","13":"taxable","14":"shipping-taxable","15":"purchasable","16":"product-type-variable"},"brands":[{"id":378,"name":"Non-Stop Dogwear","slug":"non-stop-dogwear-de"}],"_links":{"self":[{"href":"https:\/\/www.havohravo.com\/de\/wp-json\/wp\/v2\/product\/46795","targetHints":{"allow":["GET"]}}],"collection":[{"href":"https:\/\/www.havohravo.com\/de\/wp-json\/wp\/v2\/product"}],"about":[{"href":"https:\/\/www.havohravo.com\/de\/wp-json\/wp\/v2\/types\/product"}],"wp:featuredmedia":[{"embeddable":true,"href":"https:\/\/www.havohravo.com\/de\/wp-json\/wp\/v2\/media\/46814"}],"wp:attachment":[{"href":"https:\/\/www.havohravo.com\/de\/wp-json\/wp\/v2\/media?parent=46795"}],"wp:term":[{"taxonomy":"pwb-brand","embeddable":true,"href":"https:\/\/www.havohravo.com\/de\/wp-json\/wp\/v2\/pwb-brand?post=46795"},{"taxonomy":"product_cat","embeddable":true,"href":"https:\/\/www.havohravo.com\/de\/wp-json\/wp\/v2\/product_cat?post=46795"},{"taxonomy":"product_tag","embeddable":true,"href":"https:\/\/www.havohravo.com\/de\/wp-json\/wp\/v2\/product_tag?post=46795"}],"curies":[{"name":"wp","href":"https:\/\/api.w.org\/{rel}","templated":true}]}}