{"id":52445,"date":"2021-04-28T14:23:57","date_gmt":"2021-04-28T12:23:57","guid":{"rendered":"https:\/\/www.havohravo.com\/?post_type=product&#038;p=52445"},"modified":"2026-04-10T15:26:54","modified_gmt":"2026-04-10T13:26:54","slug":"float-coat","status":"publish","type":"product","link":"https:\/\/www.havohravo.com\/de\/produkt\/float-coat\/","title":{"rendered":"Float Coat\u2122"},"content":{"rendered":"<div class=\"wpb-content-wrapper\"><p>[vc_row][vc_column][vc_empty_space][\/vc_column][\/vc_row][vc_row][vc_column width=&#8220;1\/2&#8243;][vc_column_text]<\/p>\n<h3>Float Coat\u2122<\/h3>\n<p>ist das ultimative Produkt f\u00fcr Schwimmen und Sicherheit im Wasser f\u00fcr Hunde, die gerne ihre Menschen beim Rafting, Kayaking, Boating, Surfing und Paddleboarding begleiten. Diese Schwimmveste ist geeignet f\u00fcr alle Gr\u00f6\u00dfen und Rassen von Hunden. Die Schwimmveste ist gut durchgedacht mit Details wie fester Griff ideal platziert um den Hund aus dem Wasser zu tragen und ein reflektierendes Streifen\u00a0 f\u00fcr h\u00f6here Sichtbarkeit im Wasser oder am Ufer.<\/p>\n<p>Brauchst du Hilfe mit Schwimmtraining f\u00fcr deinen Hund? Hier findest du Tipps zum\u00a0<a href=\"https:\/\/www.havohravo.com\/de\/intensives-schwimmtraining-fur-hunde\/\" target=\"_blank\" rel=\"noopener noreferrer\">Intensiven Schwimmtraining f\u00fcr Hunde<\/a>.<\/p>\n<h3>Richtige Gr\u00f6\u00dfe<\/h3>\n<p>Messen sie an der breitesten Stelle des Brustkorbes.<br \/>\n<strong>Zwischen zwei Gr\u00f6\u00dfen?<\/strong>\u00a0W\u00e4hlen sie die kleine Gr\u00f6\u00dfe.[\/vc_column_text][vc_empty_space height=&#8220;32&#8243;][vc_single_image image=&#8220;52496&#8243; img_size=&#8220;full&#8220;][vc_empty_space height=&#8220;24&#8243;][vc_column_text]<\/p>\n<h3>Gr\u00f6\u00dfen<\/h3>\n<ul>\n<li>XX-Small: 33\u201343cm<\/li>\n<li>X-Small: 43\u201356cm<\/li>\n<li>Small: 56\u201369cm<\/li>\n<li>Medium: 69\u201381cm<\/li>\n<li>Large: 81\u201391cm<\/li>\n<li>X-Large: 91\u2013107cm<\/li>\n<\/ul>\n<p>[\/vc_column_text][\/vc_column][vc_column width=&#8220;5\/12&#8243; offset=&#8220;vc_col-sm-offset-1&#8243;][vc_column_text]<\/p>\n<h3>Charakteristik<\/h3>\n<ul>\n<li>Verstellbare Hals\u00f6ffnung ist anpassbar f\u00fcr verschiedene Hundegr\u00f6\u00dfen und ist\u00a0 fest zugemacht und sicher.<\/li>\n<li>Es erm\u00f6glich die nat\u00fcrliche Stellung beim Schwimmen durch strategisch platzierte dichtzelligem Schaumstoffpanele.<\/li>\n<li>Stabiler Griff ist richtig platziert um den Hund aus dem Wasser hochzuheben.<\/li>\n<li>Einfach verschlie\u00dfbare Steckschnallen halten die Gurte fest am richtigen Platz.<\/li>\n<li>Verwendetes Gurtband bleibt stabil auch in nasser Umgebung.<\/li>\n<li>Sichtbar auch bei schlechten Lichtverh\u00e4ltnissen dank reflektierenden Streifen und Lichtschlaufe f\u00fcr befestigen vom Sicherheitslicht Beacon\u2122.<\/li>\n<\/ul>\n<p>[\/vc_column_text][vc_empty_space height=&#8220;24&#8243;][vc_single_image image=&#8220;52499&#8243; img_size=&#8220;full&#8220;][vc_empty_space height=&#8220;24&#8243;][vc_column_text]<\/p>\n<h3>Pflegeanleitung<\/h3>\n<ul>\n<li>Steckschnallen verschlie\u00dfen<\/li>\n<li>Waschen im kalten Wasser<\/li>\n<li>Verwenden sie mildes Waschmittel.<\/li>\n<li>Zum trocknen aufh\u00e4ngen.<\/li>\n<li>Nicht bleichen, b\u00fcgeln und nicht geeignet f\u00fcr Trockner.<\/li>\n<\/ul>\n<p>[\/vc_column_text][\/vc_column][\/vc_row][vc_row][vc_column width=&#8220;1\/2&#8243;][vc_empty_space height=&#8220;32&#8243;][vc_single_image image=&#8220;52493&#8243; img_size=&#8220;full&#8220;][\/vc_column][vc_column width=&#8220;5\/12&#8243; offset=&#8220;vc_col-sm-offset-1&#8243;][vc_empty_space height=&#8220;24&#8243;][vc_column_text]<\/p>\n<div class=\"wpb_text_column wpb_content_element \">\n<div class=\"wpb_wrapper\">\n<table cellspacing=\"0\" cellpadding=\"0\">\n<tbody>\n<tr>\n<td valign=\"bottom\"><strong>L\u00e4nge (A)<\/strong><\/td>\n<td valign=\"bottom\"><strong>Halsumfang (B)\u00a0<\/strong><\/td>\n<td valign=\"bottom\"><strong>Gr\u00f6\u00dfe<\/strong><\/td>\n<\/tr>\n<tr>\n<td valign=\"bottom\">18,5 cm<\/td>\n<td valign=\"bottom\">27 &#8211; 32,5 cm<\/td>\n<td valign=\"bottom\">XXS<\/td>\n<\/tr>\n<tr>\n<td valign=\"bottom\">26 cm<\/td>\n<td valign=\"bottom\">31 &#8211; 41 cm<\/td>\n<td valign=\"bottom\">XS<\/td>\n<\/tr>\n<tr>\n<td valign=\"bottom\">30 cm<\/td>\n<td valign=\"bottom\">38 &#8211; 50 cm<\/td>\n<td valign=\"bottom\">S<\/td>\n<\/tr>\n<tr>\n<td valign=\"bottom\">38 cm<\/td>\n<td valign=\"bottom\">45 &#8211; 59 cm<\/td>\n<td valign=\"bottom\">M<\/td>\n<\/tr>\n<tr>\n<td valign=\"bottom\">41,5 cm<\/td>\n<td valign=\"bottom\">53 &#8211; 68 cm<\/td>\n<td valign=\"bottom\">L<\/td>\n<\/tr>\n<tr>\n<td valign=\"bottom\">49 cm<\/td>\n<td valign=\"bottom\">58 &#8211; 75 cm<\/td>\n<td valign=\"bottom\">XL<\/td>\n<\/tr>\n<\/tbody>\n<\/table>\n<\/div>\n<\/div>\n<p>[\/vc_column_text][\/vc_column][\/vc_row][vc_row][vc_column][vc_video link=&#8220;https:\/\/youtu.be\/LpuMRkvgapo&#8220;][vc_empty_space height=&#8220;10px&#8220;][vc_video link=&#8220;https:\/\/youtu.be\/ps3KDn-4AlY&#8220;][\/vc_column][\/vc_row]<\/p>\n<\/div>","protected":false},"excerpt":{"rendered":"<p>F\u00fcr Hunde, die gerne ihre Menschen beim Rafting, Kayaking, Boating, Surfing und Paddleboarding begleiten. Diese Schwimmveste ist geeignet f\u00fcr alle Gr\u00f6\u00dfen und Rassen von Hunden.<\/p>\n","protected":false},"featured_media":52484,"template":"","meta":[],"pwb-brand":[388],"product_cat":[1937,879],"product_tag":[925,1990],"class_list":{"0":"post-52445","1":"product","2":"type-product","3":"status-publish","4":"has-post-thumbnail","6":"pwb-brand-ruffwear-de","7":"product_cat-schwimmwesten-rucksaecke","8":"product_cat-hundemode","9":"product_tag-sicherheit","10":"product_tag-sommer","12":"first","13":"instock","14":"taxable","15":"shipping-taxable","16":"purchasable","17":"product-type-variable","18":"has-default-attributes"},"brands":[{"id":388,"name":"Ruffwear","slug":"ruffwear-de"}],"_links":{"self":[{"href":"https:\/\/www.havohravo.com\/de\/wp-json\/wp\/v2\/product\/52445","targetHints":{"allow":["GET"]}}],"collection":[{"href":"https:\/\/www.havohravo.com\/de\/wp-json\/wp\/v2\/product"}],"about":[{"href":"https:\/\/www.havohravo.com\/de\/wp-json\/wp\/v2\/types\/product"}],"wp:featuredmedia":[{"embeddable":true,"href":"https:\/\/www.havohravo.com\/de\/wp-json\/wp\/v2\/media\/52484"}],"wp:attachment":[{"href":"https:\/\/www.havohravo.com\/de\/wp-json\/wp\/v2\/media?parent=52445"}],"wp:term":[{"taxonomy":"pwb-brand","embeddable":true,"href":"https:\/\/www.havohravo.com\/de\/wp-json\/wp\/v2\/pwb-brand?post=52445"},{"taxonomy":"product_cat","embeddable":true,"href":"https:\/\/www.havohravo.com\/de\/wp-json\/wp\/v2\/product_cat?post=52445"},{"taxonomy":"product_tag","embeddable":true,"href":"https:\/\/www.havohravo.com\/de\/wp-json\/wp\/v2\/product_tag?post=52445"}],"curies":[{"name":"wp","href":"https:\/\/api.w.org\/{rel}","templated":true}]}}