{"id":54936,"date":"2021-05-11T10:00:32","date_gmt":"2021-05-11T08:00:32","guid":{"rendered":"https:\/\/www.havohravo.com\/?post_type=product&#038;p=54936"},"modified":"2026-04-01T13:36:49","modified_gmt":"2026-04-01T11:36:49","slug":"pylon-15-cm","status":"publish","type":"product","link":"https:\/\/www.havohravo.com\/de\/produkt\/pylon-15-cm\/","title":{"rendered":"Pylon 15 cm"},"content":{"rendered":"<div class=\"wpb-content-wrapper\"><p>[vc_row][vc_column][vc_empty_space][\/vc_column][\/vc_row][vc_row][vc_column][vc_column_text]<\/p>\n<h3>Pylon<\/h3>\n<p>Robustes Pylon hergestellt aus recycled Plastik. Recycled Plastik kann manchmal kleine Stellen mit Farbenflecken verursachen &#8211; die Qualit\u00e4t und Funktion wird dadurch nicht beeinflu\u00dft. Wir glauben, dass das \u00f6kologische Aspekt in diesem Fall bedeutender ist.<\/p>\n<p>Verf\u00fcgbar in verschiedenen Farben.[\/vc_column_text][vc_empty_space height=&#8220;24&#8243;][\/vc_column][\/vc_row][vc_row][vc_column width=&#8220;1\/2&#8243;][vc_column_text]<strong>Pylongr\u00f6\u00dfe:<\/strong> 15 cm<br \/>\n<strong>Pylongewicht:<\/strong> 250 g<br \/>\nVerf\u00fcgbare Farben: rot, orange, neon pink, gelb, blau, neon gr\u00fcn, weiss und lila.[\/vc_column_text][vc_empty_space height=&#8220;24&#8243;][\/vc_column][vc_column width=&#8220;1\/2&#8243;][vc_single_image image=&#8220;54347&#8243; img_size=&#8220;medium&#8220;][vc_empty_space height=&#8220;24&#8243;][\/vc_column][\/vc_row][vc_row][vc_column][vc_video link=&#8220;https:\/\/youtu.be\/VietFYc5Qfs&#8220;][\/vc_column][\/vc_row]<\/p>\n<\/div>","protected":false},"excerpt":{"rendered":"<p>Pylon f\u00fcr Obedience Trainings als auch Pr\u00fcfungen.<\/p>\n","protected":false},"featured_media":54344,"template":"","meta":[],"pwb-brand":[],"product_cat":[1011,2336],"product_tag":[],"class_list":{"0":"post-54936","1":"product","2":"type-product","3":"status-publish","4":"has-post-thumbnail","6":"product_cat-anderes-zubehoer","7":"product_cat-obedience-de","9":"first","10":"instock","11":"taxable","12":"shipping-taxable","13":"purchasable","14":"product-type-variable"},"brands":[],"_links":{"self":[{"href":"https:\/\/www.havohravo.com\/de\/wp-json\/wp\/v2\/product\/54936","targetHints":{"allow":["GET"]}}],"collection":[{"href":"https:\/\/www.havohravo.com\/de\/wp-json\/wp\/v2\/product"}],"about":[{"href":"https:\/\/www.havohravo.com\/de\/wp-json\/wp\/v2\/types\/product"}],"wp:featuredmedia":[{"embeddable":true,"href":"https:\/\/www.havohravo.com\/de\/wp-json\/wp\/v2\/media\/54344"}],"wp:attachment":[{"href":"https:\/\/www.havohravo.com\/de\/wp-json\/wp\/v2\/media?parent=54936"}],"wp:term":[{"taxonomy":"pwb-brand","embeddable":true,"href":"https:\/\/www.havohravo.com\/de\/wp-json\/wp\/v2\/pwb-brand?post=54936"},{"taxonomy":"product_cat","embeddable":true,"href":"https:\/\/www.havohravo.com\/de\/wp-json\/wp\/v2\/product_cat?post=54936"},{"taxonomy":"product_tag","embeddable":true,"href":"https:\/\/www.havohravo.com\/de\/wp-json\/wp\/v2\/product_tag?post=54936"}],"curies":[{"name":"wp","href":"https:\/\/api.w.org\/{rel}","templated":true}]}}