{"id":55695,"date":"2021-05-19T23:41:39","date_gmt":"2021-05-19T21:41:39","guid":{"rendered":"https:\/\/www.havohravo.com\/?post_type=product&#038;p=55695"},"modified":"2024-08-11T12:52:36","modified_gmt":"2024-08-11T10:52:36","slug":"magnethaken-mit-schutzkappe","status":"publish","type":"product","link":"https:\/\/www.havohravo.com\/de\/produkt\/magnethaken-mit-schutzkappe\/","title":{"rendered":"Magnethaken mit Schutzkappe"},"content":{"rendered":"<div class=\"wpb-content-wrapper\"><p>[vc_row][vc_column][vc_column_text]<\/p>\n<h3>Magnethaken<\/h3>\n<p id=\"inner-description\">Magnethaken wird mit einer Gummikappen als Kratzschutz geliefert und es ist das perfekte Zubeh\u00f6r zum Aluminet Schattennetz. Du kannst das Aluminet sicher am Auto befestigen, ohne den Lack des Fahrzeuges zu zerkratzen.<br \/>\nVergiss nicht die Magnethaken unbedingt vom Auto zu entfernen, bevor du losf\u00e4hrst.<\/p>\n<p>Durchmesser 32 mm, Haftkraft 30 kg.<\/p>\n<p class=\"mt-0\">Achtung: Bei unsachgem\u00e4\u00dfer oder grober Handhabung kann es zur Besch\u00e4digung von heiklen Oberfl\u00e4chen wie Autolack kommen. Besonders wenn das Auto verschmutzt ist, zieht der Gummischutz des Magnethakens die Schmutzpartikel \u00fcber den Lack, was zu Kratzern f\u00fchren kann. Achte deshalb darauf, dass das Fahrzeug m\u00f6glichst sauber ist und du den Magnethaken nicht unn\u00f6tig \u00fcber die Lackfl\u00e4che ziehst.<\/p>\n<p>[\/vc_column_text][vc_empty_space][\/vc_column][\/vc_row][vc_row][vc_column width=&#8220;1\/2&#8243;][vc_single_image image=&#8220;55705&#8243; img_size=&#8220;medium&#8220;][vc_empty_space][\/vc_column][vc_column width=&#8220;1\/2&#8243;][vc_single_image image=&#8220;55708&#8243; img_size=&#8220;medium&#8220;][vc_empty_space][\/vc_column][\/vc_row]<\/p>\n<\/div>","protected":false},"excerpt":{"rendered":"<p>Das perfekte Zubeh\u00f6r zum befestigen von Aluminet Schattennetz auf deinen Fahrzeug.<\/p>\n","protected":false},"featured_media":55702,"template":"","meta":[],"pwb-brand":[374],"product_cat":[1011,889],"product_tag":[],"class_list":{"0":"post-55695","1":"product","2":"type-product","3":"status-publish","4":"has-post-thumbnail","6":"pwb-brand-havohravo-de","7":"product_cat-anderes-zubehoer","8":"product_cat-andere-produkte-menschen","10":"first","11":"outofstock","12":"featured","13":"taxable","14":"shipping-taxable","15":"purchasable","16":"product-type-simple"},"brands":[{"id":374,"name":"havohravo","slug":"havohravo-de"}],"_links":{"self":[{"href":"https:\/\/www.havohravo.com\/de\/wp-json\/wp\/v2\/product\/55695","targetHints":{"allow":["GET"]}}],"collection":[{"href":"https:\/\/www.havohravo.com\/de\/wp-json\/wp\/v2\/product"}],"about":[{"href":"https:\/\/www.havohravo.com\/de\/wp-json\/wp\/v2\/types\/product"}],"wp:featuredmedia":[{"embeddable":true,"href":"https:\/\/www.havohravo.com\/de\/wp-json\/wp\/v2\/media\/55702"}],"wp:attachment":[{"href":"https:\/\/www.havohravo.com\/de\/wp-json\/wp\/v2\/media?parent=55695"}],"wp:term":[{"taxonomy":"pwb-brand","embeddable":true,"href":"https:\/\/www.havohravo.com\/de\/wp-json\/wp\/v2\/pwb-brand?post=55695"},{"taxonomy":"product_cat","embeddable":true,"href":"https:\/\/www.havohravo.com\/de\/wp-json\/wp\/v2\/product_cat?post=55695"},{"taxonomy":"product_tag","embeddable":true,"href":"https:\/\/www.havohravo.com\/de\/wp-json\/wp\/v2\/product_tag?post=55695"}],"curies":[{"name":"wp","href":"https:\/\/api.w.org\/{rel}","templated":true}]}}