{"id":56030,"date":"2021-05-30T11:52:06","date_gmt":"2021-05-30T09:52:06","guid":{"rendered":"https:\/\/www.havohravo.com\/?post_type=product&#038;p=56030"},"modified":"2026-04-30T06:58:48","modified_gmt":"2026-04-30T04:58:48","slug":"monster-leckerlibeutel","status":"publish","type":"product","link":"https:\/\/www.havohravo.com\/de\/produkt\/monster-leckerlibeutel\/","title":{"rendered":"Monster Leckerlibeutel"},"content":{"rendered":"<div class=\"wpb-content-wrapper\"><p>[vc_row][vc_column][vc_empty_space][\/vc_column][\/vc_row][vc_row][vc_column width=&#8220;1\/2&#8243;][vc_column_text]Dieser Leckerlibeutel ist wahrscheinlich die s\u00fc\u00dfeste Trainingstasche, die du je gesehen hast. Es h\u00e4ngt kopf\u00fcber von deiner Taille und erm\u00f6glicht w\u00e4hrend des Trainings einen einfachen Zugriff zu den Hundeleckerlis.<\/p>\n<ul>\n<li>Gr\u00f6\u00dfe: 11 cm (4,5\u2033) x 15 cm (6\u2033)<\/li>\n<li>Gewicht: 60 g (2,1 oz) \u2013 leicht<\/li>\n<\/ul>\n<p>[\/vc_column_text][vc_empty_space height=&#8220;24px&#8220;][vc_column_text]<strong>Charakteristik:<\/strong><\/p>\n<ul>\n<li>Nyloninnenschicht f\u00fcr einfache Reinigung<\/li>\n<li>Gro\u00dfz\u00fcgiges Volumen bietet Platz f\u00fcr viele Leckerlies<\/li>\n<li>Kordelzugverschluss<\/li>\n<li>Kleine innentasche f\u00fcr Kotbeutel<\/li>\n<li>G\u00fcrtel inklusive<\/li>\n<li>Material: Kunstfell<\/li>\n<\/ul>\n<p>[\/vc_column_text][\/vc_column][vc_column width=&#8220;1\/2&#8243;][vc_single_image image=&#8220;55964&#8243; img_size=&#8220;full&#8220;][vc_empty_space height=&#8220;24px&#8220;][vc_column_text]Alle Crafty Leckerlibeutel werden in Europa mit sorgf\u00e4ltig ausgew\u00e4hlten Stoffmischungen hergestellt, um h\u00f6chste Qualit\u00e4t und maximale Haltbarkeit zu gew\u00e4hrleisten.[\/vc_column_text][\/vc_column][\/vc_row]<\/p>\n<\/div>","protected":false},"excerpt":{"rendered":"<p>Warum langweiliges Trainingszubeh\u00f6r verwenden, wenn es auch funky Leckerli-Taschen gibt?<\/p>\n","protected":false},"featured_media":55997,"template":"","meta":[],"pwb-brand":[1837],"product_cat":[861,885],"product_tag":[],"class_list":{"0":"post-56030","1":"product","2":"type-product","3":"status-publish","4":"has-post-thumbnail","6":"pwb-brand-crafty-de","7":"product_cat-fur-menschen","8":"product_cat-taschen-und-futterbeutel","10":"first","11":"instock","12":"featured","13":"taxable","14":"shipping-taxable","15":"purchasable","16":"product-type-variable"},"brands":[{"id":1837,"name":"Crafty","slug":"crafty-de"}],"_links":{"self":[{"href":"https:\/\/www.havohravo.com\/de\/wp-json\/wp\/v2\/product\/56030","targetHints":{"allow":["GET"]}}],"collection":[{"href":"https:\/\/www.havohravo.com\/de\/wp-json\/wp\/v2\/product"}],"about":[{"href":"https:\/\/www.havohravo.com\/de\/wp-json\/wp\/v2\/types\/product"}],"wp:featuredmedia":[{"embeddable":true,"href":"https:\/\/www.havohravo.com\/de\/wp-json\/wp\/v2\/media\/55997"}],"wp:attachment":[{"href":"https:\/\/www.havohravo.com\/de\/wp-json\/wp\/v2\/media?parent=56030"}],"wp:term":[{"taxonomy":"pwb-brand","embeddable":true,"href":"https:\/\/www.havohravo.com\/de\/wp-json\/wp\/v2\/pwb-brand?post=56030"},{"taxonomy":"product_cat","embeddable":true,"href":"https:\/\/www.havohravo.com\/de\/wp-json\/wp\/v2\/product_cat?post=56030"},{"taxonomy":"product_tag","embeddable":true,"href":"https:\/\/www.havohravo.com\/de\/wp-json\/wp\/v2\/product_tag?post=56030"}],"curies":[{"name":"wp","href":"https:\/\/api.w.org\/{rel}","templated":true}]}}