{"id":57089,"date":"2021-08-29T23:05:14","date_gmt":"2021-08-29T21:05:14","guid":{"rendered":"https:\/\/www.havohravo.com\/?post_type=product&#038;p=57089"},"modified":"2025-05-07T22:18:03","modified_gmt":"2025-05-07T20:18:03","slug":"brustgeschirr-line-5-0","status":"publish","type":"product","link":"https:\/\/www.havohravo.com\/de\/produkt\/brustgeschirr-line-5-0\/","title":{"rendered":"Brustgeschirr Line 5.0"},"content":{"rendered":"<div class=\"wpb-content-wrapper\"><p>[vc_row][vc_column][vc_column_text]<\/p>\n<div class=\"wpb_text_column wpb_content_element \">\n<div class=\"wpb_wrapper\">\n<h3>Charakteristik<\/h3>\n<table>\n<tbody>\n<tr>\n<td width=\"301\"><strong>Brustgeschirrtyp:<\/strong><\/td>\n<td width=\"301\">Y-Form, kurzes Brustgeschirr<\/td>\n<\/tr>\n<tr>\n<td width=\"301\"><strong>Hundef\u00fchrigkeit:<\/strong><\/td>\n<td width=\"301\">erm\u00f6glicht gute Kontrolle \u00fcber dem Hund<\/td>\n<\/tr>\n<tr>\n<td width=\"301\"><strong>Geeignet f\u00fcr Zugsport:<\/strong><\/td>\n<td width=\"301\">Nein (nur f\u00fcr Hunde mit niedrigem Zug-Drive).<\/td>\n<\/tr>\n<tr>\n<td width=\"301\"><strong>Verstellbarer Halsumfang:<\/strong><\/td>\n<td width=\"301\">Nein<\/td>\n<\/tr>\n<tr>\n<td width=\"301\"><strong>Ausgestattet mit Griff:<\/strong><\/td>\n<td width=\"301\">Nein<\/td>\n<\/tr>\n<tr>\n<td width=\"301\"><strong>Geeignete Anwendung:<\/strong><\/td>\n<td width=\"301\">Alltag, Mantrailing, Wandern<\/td>\n<\/tr>\n<\/tbody>\n<\/table>\n<\/div>\n<\/div>\n<p>[\/vc_column_text][vc_empty_space][\/vc_column][\/vc_row][vc_row][vc_column width=&#8220;1\/2&#8243;][vc_column_text]<\/p>\n<h3>Brustgeschirr Line 5.0<\/h3>\n<p>Das Line harness 5.0 ist eine verbesserte Version des urspr\u00fcnglichen Brustgeschirrs Line, mit optimierter Passform f\u00fcr deinen Hund. Der Y-f\u00f6rmige Halsausschnitt erlaubt freie Schulterbewegung und minimale Atmungseinschr\u00e4nkung.<\/p>\n<p>Obwohl dieses Geschirr f\u00fcr Aktivit\u00e4ten wie Wandern und F\u00e4hrtenarbeit entwickelt wurde, kann es auch f\u00fcr Zugsport f\u00fcr Hunde, die nicht stark an der Leine ziehen, verwendet werden.<\/p>\n<p>Das Line harness 5.0 verf\u00fcgt \u00fcber mehrere Befestigungspunkte f\u00fcr die Leine &#8211; Standard-Befestigungspunkt auf dem R\u00fccken und Befestigungspunkt f\u00fcr eine Schleppleine unter der Brust. Ab Gr\u00f6\u00dfe 3 gibt es einen dritten Befestigungspunkt auf der Vorderseite f\u00fcr eine leichte Anti-Zug-Kontrolle.[\/vc_column_text][vc_empty_space height=&#8220;24&#8243;][\/vc_column][vc_column width=&#8220;1\/2&#8243;][vc_single_image image=&#8220;72136&#8243; img_size=&#8220;full&#8220;][vc_empty_space height=&#8220;24&#8243;][\/vc_column][\/vc_row][vc_row][vc_column][vc_column_text]<\/p>\n<h3>Richtige Passform<\/h3>\n<div class=\"_imgLayer_1titd_63\"><strong>HALS:<\/strong><br \/>\nBei einem mittelgro\u00dfen Hund (Gr\u00f6\u00dfe 4-6) sollten vertikal mindestens 2 Finger zwischen den Nacken des Hundes und das Geschirr passen. Etwas weniger f\u00fcr kleinere Hunde, mehr f\u00fcr gr\u00f6\u00dfere Hunde. Wichtig! Die Finger m\u00fcssen \u00fcbereinander liegen, zwischen Hals und Geschirr.<\/div>\n<p><strong>ACHSELN<\/strong><br \/>\nAchten darauf, dass dein Hund gen\u00fcgend Platz hat, um sich frei zu bewegen.<\/p>\n<p><strong>BRUSTKORB<\/strong><br \/>\nBei mittelgro\u00dfen Hunden solltest du mindestens 2 Finger senkrecht zwischen Brustkorb und Geschirr stecken k\u00f6nnen. Stelle es auf beiden Seiten so gleichm\u00e4\u00dfig wie m\u00f6glich ein. Nach der Ersteinstellung fixiere die Brustgurte gegen verrutschen, indem du das Ende des Gurtes einfach wieder durch den Verschluss durchf\u00e4delst.[\/vc_column_text][vc_empty_space height=&#8220;24&#8243;][vc_column_text]<\/p>\n<table cellspacing=\"0\" cellpadding=\"0\">\n<tbody>\n<tr>\n<td valign=\"bottom\"><strong>Gr\u00f6\u00dfe<\/strong><\/td>\n<td valign=\"bottom\"><strong>Halsumfang<\/strong><\/td>\n<td valign=\"bottom\"><strong>Brustumfang<\/strong><\/td>\n<td valign=\"bottom\"><strong>Hals\u00f6ffnung<\/strong><\/td>\n<\/tr>\n<tr>\n<td valign=\"bottom\">0<\/td>\n<td valign=\"bottom\">20-24 cm<\/td>\n<td valign=\"bottom\">27 &#8211; 43 cm<\/td>\n<td valign=\"bottom\">26 cm<\/td>\n<\/tr>\n<tr>\n<td valign=\"bottom\">1<\/td>\n<td valign=\"bottom\">23-27 cm<\/td>\n<td valign=\"bottom\">30 &#8211; 42 cm<\/td>\n<td valign=\"bottom\">30 cm<\/td>\n<\/tr>\n<tr>\n<td valign=\"bottom\">2<\/td>\n<td valign=\"bottom\">26-30 cm<\/td>\n<td valign=\"bottom\">36 &#8211; 54 cm<\/td>\n<td valign=\"bottom\">33 cm<\/td>\n<\/tr>\n<tr>\n<td valign=\"bottom\">3<\/td>\n<td valign=\"bottom\">28-32 cm<\/td>\n<td valign=\"bottom\">39 &#8211; 62 cm<\/td>\n<td valign=\"bottom\">36 cm<\/td>\n<\/tr>\n<tr>\n<td valign=\"bottom\">4<\/td>\n<td valign=\"bottom\">32-36 cm<\/td>\n<td valign=\"bottom\">41 &#8211; 68 cm<\/td>\n<td valign=\"bottom\">40 cm<\/td>\n<\/tr>\n<tr>\n<td valign=\"bottom\">5<\/td>\n<td valign=\"bottom\">36-40 cm<\/td>\n<td valign=\"bottom\">52 &#8211; 78 cm<\/td>\n<td valign=\"bottom\">45 cm<\/td>\n<\/tr>\n<tr>\n<td valign=\"bottom\">6<\/td>\n<td valign=\"bottom\">40-47 cm<\/td>\n<td valign=\"bottom\">56 &#8211; 87 cm<\/td>\n<td valign=\"bottom\">52 cm<\/td>\n<\/tr>\n<tr>\n<td valign=\"bottom\">7<\/td>\n<td valign=\"bottom\">46-51 cm<\/td>\n<td valign=\"bottom\">61 &#8211; 92 cm<\/td>\n<td valign=\"bottom\">57 cm<\/td>\n<\/tr>\n<tr>\n<td valign=\"bottom\">8<\/td>\n<td valign=\"bottom\">51-57 cm<\/td>\n<td valign=\"bottom\">67 &#8211; 102 cm<\/td>\n<td valign=\"bottom\">63 cm<\/td>\n<\/tr>\n<tr>\n<td valign=\"bottom\">9<\/td>\n<td valign=\"bottom\">57-63 cm<\/td>\n<td valign=\"bottom\">70 &#8211; 112 cm<\/td>\n<td valign=\"bottom\">70 cm<\/td>\n<\/tr>\n<\/tbody>\n<\/table>\n<p>[\/vc_column_text][vc_empty_space height=&#8220;24&#8243;][\/vc_column][\/vc_row]<\/p>\n<\/div>","protected":false},"excerpt":{"rendered":"<p>Ein ergonomisches und vielseitiges Kurzgeschirr f\u00fcrs Wandern, F\u00e4hrtenarbeit und f\u00fcr Alltagsaktivit\u00e4ten<\/p>\n","protected":false},"featured_media":73669,"template":"","meta":[],"pwb-brand":[378],"product_cat":[1675,879,883],"product_tag":[],"class_list":{"0":"post-57089","1":"product","2":"type-product","3":"status-publish","4":"has-post-thumbnail","6":"pwb-brand-non-stop-dogwear-de","7":"product_cat-kurze-brustgeschirre","8":"product_cat-hundemode","9":"product_cat-brustgeschirre","11":"first","12":"instock","13":"featured","14":"taxable","15":"shipping-taxable","16":"purchasable","17":"product-type-variable"},"brands":[{"id":378,"name":"Non-Stop Dogwear","slug":"non-stop-dogwear-de"}],"_links":{"self":[{"href":"https:\/\/www.havohravo.com\/de\/wp-json\/wp\/v2\/product\/57089","targetHints":{"allow":["GET"]}}],"collection":[{"href":"https:\/\/www.havohravo.com\/de\/wp-json\/wp\/v2\/product"}],"about":[{"href":"https:\/\/www.havohravo.com\/de\/wp-json\/wp\/v2\/types\/product"}],"wp:featuredmedia":[{"embeddable":true,"href":"https:\/\/www.havohravo.com\/de\/wp-json\/wp\/v2\/media\/73669"}],"wp:attachment":[{"href":"https:\/\/www.havohravo.com\/de\/wp-json\/wp\/v2\/media?parent=57089"}],"wp:term":[{"taxonomy":"pwb-brand","embeddable":true,"href":"https:\/\/www.havohravo.com\/de\/wp-json\/wp\/v2\/pwb-brand?post=57089"},{"taxonomy":"product_cat","embeddable":true,"href":"https:\/\/www.havohravo.com\/de\/wp-json\/wp\/v2\/product_cat?post=57089"},{"taxonomy":"product_tag","embeddable":true,"href":"https:\/\/www.havohravo.com\/de\/wp-json\/wp\/v2\/product_tag?post=57089"}],"curies":[{"name":"wp","href":"https:\/\/api.w.org\/{rel}","templated":true}]}}