{"id":57267,"date":"2021-08-29T23:50:53","date_gmt":"2021-08-29T21:50:53","guid":{"rendered":"https:\/\/www.havohravo.com\/?post_type=product&#038;p=57267"},"modified":"2025-05-07T22:19:34","modified_gmt":"2025-05-07T20:19:34","slug":"brustgeschirr-rock","status":"publish","type":"product","link":"https:\/\/www.havohravo.com\/de\/produkt\/brustgeschirr-rock\/","title":{"rendered":"Brustgeschirr Rock"},"content":{"rendered":"<div class=\"wpb-content-wrapper\"><p>[vc_row][vc_column][vc_column_text]<\/p>\n<h3>Charakteristik<\/h3>\n<table>\n<tbody>\n<tr>\n<td width=\"301\"><strong>Brustgeschirrtyp:<\/strong><\/td>\n<td width=\"301\">Y-Form, kurzes Brustgeschirr<\/td>\n<\/tr>\n<tr>\n<td width=\"301\"><strong>Hundef\u00fchrigkeit:<\/strong><\/td>\n<td width=\"301\">erm\u00f6glicht gute Kontrolle \u00fcber dem Hund<\/td>\n<\/tr>\n<tr>\n<td width=\"301\"><strong>Geeignet f\u00fcr Zugsport:<\/strong><\/td>\n<td width=\"301\">Nein<\/td>\n<\/tr>\n<tr>\n<td width=\"301\"><strong>Verstellbarer Halsumfang:<\/strong><\/td>\n<td width=\"301\">Ja<\/td>\n<\/tr>\n<tr>\n<td width=\"301\"><strong>Ausgestattet mit Griff:<\/strong><\/td>\n<td width=\"301\">Ja<\/td>\n<\/tr>\n<tr>\n<td width=\"301\"><strong>Geeignete Anwendung:<\/strong><\/td>\n<td width=\"301\">Alltag, Mantrailing, Wandern<\/td>\n<\/tr>\n<\/tbody>\n<\/table>\n<p>[\/vc_column_text][vc_empty_space height=&#8220;24px&#8220;][\/vc_column][\/vc_row][vc_row][vc_column width=&#8220;1\/2&#8243;][vc_column_text]<\/p>\n<h3>Brustgeschirr Rock<\/h3>\n<p>Das Rock Brustgeschirr ist ein gepolstertes Geschirr f\u00fcr ein aktives Alltag. Die drei Leinenbefestigungspunkte machen es sehr vielseitig &#8211; Aluminium-D-Ring auf dem R\u00fccken, eine Schlaufe f\u00fcr die Schleppleine unter der Brust, sowie ein drittes Punkt an der Vorderseite des Geschirrs f\u00fcr eine leichte Anti-Zug-Kontrolle.<\/p>\n<p>Dieses Geschirr ist aus sehr atmungsaktivem, schnell trocknendem Material gefertigt. Es passt einer Vielzahl von Hunden der meisten Rassen. Geeignet f\u00fcr Welpen.[\/vc_column_text][vc_empty_space height=&#8220;24&#8243;][\/vc_column][vc_column width=&#8220;1\/2&#8243;][vc_empty_space height=&#8220;24&#8243;][vc_single_image image=&#8220;72117&#8243; img_size=&#8220;full&#8220; alignment=&#8220;right&#8220;][vc_empty_space][\/vc_column][\/vc_row][vc_row][vc_column][vc_column_text]<\/p>\n<h3>Richtige Passform<\/h3>\n<div class=\"_imgLayer_1titd_63\"><strong>HALS:<\/strong><br \/>\nBei einem mittelgro\u00dfen Hund (Gr\u00f6\u00dfe M) sollten vertikal mindestens 2 Finger zwischen den Nacken des Hundes und das Geschirr passen. Etwas weniger f\u00fcr kleinere Hunde, mehr f\u00fcr gr\u00f6\u00dfere Hunde. Wichtig! Die Finger m\u00fcssen \u00fcbereinander liegen, zwischen Hals und Geschirr.<\/div>\n<p><strong>ACHSELN<\/strong><br \/>\nAchten darauf, dass dein Hund gen\u00fcgend Platz hat, um sich frei zu bewegen.<\/p>\n<p><strong>BRUSTKORB<\/strong><br \/>\nBei mittelgro\u00dfen Hunden solltest du mindestens 2 Finger senkrecht zwischen Brustkorb und Geschirr stecken k\u00f6nnen. Stelle es auf beiden Seiten so gleichm\u00e4\u00dfig wie m\u00f6glich ein. Nach der Ersteinstellung fixiere die Brustgurte gegen verrutschen, indem du das Ende des Gurtes einfach wieder durch den Verschluss durchf\u00e4delst.[\/vc_column_text][vc_empty_space height=&#8220;32&#8243;][vc_column_text]<\/p>\n<table cellspacing=\"0\" cellpadding=\"0\">\n<tbody>\n<tr>\n<td valign=\"bottom\"><strong>Gr\u00f6\u00dfe<\/strong><\/td>\n<td valign=\"bottom\"><strong>Halsumfang<\/strong><\/td>\n<td valign=\"bottom\"><strong>Brustumfang<\/strong><\/td>\n<\/tr>\n<tr>\n<td valign=\"bottom\">XS<\/td>\n<td valign=\"bottom\">29-36 cm<\/td>\n<td valign=\"bottom\">40-56 cm<\/td>\n<\/tr>\n<tr>\n<td valign=\"bottom\">S<\/td>\n<td valign=\"bottom\">36-48 cm<\/td>\n<td valign=\"bottom\">45-60 cm<\/td>\n<\/tr>\n<tr>\n<td valign=\"bottom\">M<\/td>\n<td valign=\"bottom\">43-60 cm<\/td>\n<td valign=\"bottom\">58-84 cm<\/td>\n<\/tr>\n<tr>\n<td valign=\"bottom\">L<\/td>\n<td valign=\"bottom\">51-69 cm<\/td>\n<td valign=\"bottom\">72-102 cm<\/td>\n<\/tr>\n<tr>\n<td valign=\"bottom\">XL<\/td>\n<td valign=\"bottom\">60-84 cm<\/td>\n<td valign=\"bottom\">74-108 cm<\/td>\n<\/tr>\n<\/tbody>\n<\/table>\n<p>[\/vc_column_text][vc_empty_space height=&#8220;24&#8243;][\/vc_column][\/vc_row]<\/p>\n<\/div>","protected":false},"excerpt":{"rendered":"<p>Ein vielseitiges gepolstertes Geschirr f\u00fcr den aktiven Alltag<\/p>\n","protected":false},"featured_media":57289,"template":"","meta":[],"pwb-brand":[378],"product_cat":[1675,879,883],"product_tag":[],"class_list":{"0":"post-57267","1":"product","2":"type-product","3":"status-publish","4":"has-post-thumbnail","6":"pwb-brand-non-stop-dogwear-de","7":"product_cat-kurze-brustgeschirre","8":"product_cat-hundemode","9":"product_cat-brustgeschirre","11":"first","12":"instock","13":"taxable","14":"shipping-taxable","15":"purchasable","16":"product-type-variable"},"brands":[{"id":378,"name":"Non-Stop Dogwear","slug":"non-stop-dogwear-de"}],"_links":{"self":[{"href":"https:\/\/www.havohravo.com\/de\/wp-json\/wp\/v2\/product\/57267","targetHints":{"allow":["GET"]}}],"collection":[{"href":"https:\/\/www.havohravo.com\/de\/wp-json\/wp\/v2\/product"}],"about":[{"href":"https:\/\/www.havohravo.com\/de\/wp-json\/wp\/v2\/types\/product"}],"wp:featuredmedia":[{"embeddable":true,"href":"https:\/\/www.havohravo.com\/de\/wp-json\/wp\/v2\/media\/57289"}],"wp:attachment":[{"href":"https:\/\/www.havohravo.com\/de\/wp-json\/wp\/v2\/media?parent=57267"}],"wp:term":[{"taxonomy":"pwb-brand","embeddable":true,"href":"https:\/\/www.havohravo.com\/de\/wp-json\/wp\/v2\/pwb-brand?post=57267"},{"taxonomy":"product_cat","embeddable":true,"href":"https:\/\/www.havohravo.com\/de\/wp-json\/wp\/v2\/product_cat?post=57267"},{"taxonomy":"product_tag","embeddable":true,"href":"https:\/\/www.havohravo.com\/de\/wp-json\/wp\/v2\/product_tag?post=57267"}],"curies":[{"name":"wp","href":"https:\/\/api.w.org\/{rel}","templated":true}]}}