{"id":57791,"date":"2021-08-30T01:35:40","date_gmt":"2021-08-29T23:35:40","guid":{"rendered":"https:\/\/www.havohravo.com\/?post_type=product&#038;p=57791"},"modified":"2021-08-30T01:54:35","modified_gmt":"2021-08-29T23:54:35","slug":"halsband-roam","status":"publish","type":"product","link":"https:\/\/www.havohravo.com\/de\/produkt\/halsband-roam\/","title":{"rendered":"Halsband Roam"},"content":{"rendered":"<div class=\"wpb-content-wrapper\"><p>[vc_row][vc_column][vc_empty_space][\/vc_column][\/vc_row][vc_row][vc_column width=&#8220;1\/2&#8243;][vc_column_text]<\/p>\n<h3>Halsband Roam<\/h3>\n<p>Verstellbares Halsband mit Schnalle f\u00fcr ein einfaches An- und Ablegen des Halsbandes. F\u00e4dele die Schnalle durch den D-Ring, wenn Du es Deinem Hund anziehst. Dadurch wird jeglicher Druck gleichm\u00e4\u00dfig \u00fcber die Oberfl\u00e4che des Halsbandes verteilt, wodurch es angenehm zu tragen ist.[\/vc_column_text][vc_empty_space height=&#8220;24&#8243;][\/vc_column][vc_column width=&#8220;5\/12&#8243; offset=&#8220;vc_col-sm-offset-1&#8243;][vc_column_text]<\/p>\n<h3>Charakteristik<\/h3>\n<ul>\n<li>Webband: Nylon<\/li>\n<li>Polsterung:\u202fNeopren<\/li>\n<li>Faden: Nylon<\/li>\n<li>Aluminum\u202fD-Ring<\/li>\n<li>Hypalon<\/li>\n<li>3M\u2122 \u202freflektierende Elemente<\/li>\n<\/ul>\n<p>[\/vc_column_text][vc_empty_space height=&#8220;24&#8243;][\/vc_column][\/vc_row][vc_row][vc_column width=&#8220;1\/2&#8243;][vc_empty_space height=&#8220;32&#8243;][vc_column_text]<\/p>\n<table style=\"width: 100%; height: 240px;\">\n<tbody>\n<tr style=\"height: 24px;\">\n<td style=\"width: 63px; height: 48px;\" valign=\"bottom\"><strong>Gr\u00f6\u00dfe<\/strong><\/td>\n<td style=\"width: 151px; height: 48px;\" valign=\"bottom\"><strong>Halsumfang<\/strong><\/td>\n<td style=\"width: 151px; height: 48px;\" valign=\"bottom\"><strong>Breite<\/strong><\/td>\n<\/tr>\n<tr style=\"height: 24px;\">\n<td style=\"width: 63px; height: 24px;\">XS<\/td>\n<td style=\"width: 151px; height: 24px;\">32-36 cm<\/td>\n<td style=\"width: 151px; height: 24px;\">2,1 cm<\/td>\n<\/tr>\n<tr style=\"height: 24px;\">\n<td style=\"width: 63px; height: 24px;\">S<\/td>\n<td style=\"width: 151px; height: 24px;\">36-40 cm<\/td>\n<td style=\"width: 151px; height: 24px;\">2,6 cm<\/td>\n<\/tr>\n<tr style=\"height: 24px;\">\n<td style=\"width: 63px; height: 24px;\">M<\/td>\n<td style=\"width: 151px; height: 24px;\">40-45 cm<\/td>\n<td style=\"width: 151px; height: 24px;\">2,8 cm<\/td>\n<\/tr>\n<tr style=\"height: 24px;\">\n<td style=\"width: 63px; height: 24px;\" valign=\"bottom\">L<\/td>\n<td style=\"width: 151px; height: 24px;\" valign=\"bottom\">45-50 cm<\/td>\n<td style=\"width: 151px; height: 24px;\">3,2 cm<\/td>\n<\/tr>\n<tr style=\"height: 24px;\">\n<td style=\"width: 63px; height: 24px;\" valign=\"bottom\">XL<\/td>\n<td style=\"width: 151px; height: 24px;\" valign=\"bottom\">50-55 cm<\/td>\n<td style=\"width: 151px; height: 24px;\">3,5 cm<\/td>\n<\/tr>\n<tr style=\"height: 24px;\">\n<td style=\"width: 63px; height: 24px;\" valign=\"bottom\">XXL<\/td>\n<td style=\"width: 151px; height: 24px;\" valign=\"bottom\">55-60 cm<\/td>\n<td style=\"width: 151px; height: 24px;\">3,5 cm<\/td>\n<\/tr>\n<\/tbody>\n<\/table>\n<p>[\/vc_column_text][vc_empty_space height=&#8220;24&#8243;][\/vc_column][vc_column width=&#8220;1\/2&#8243;][vc_empty_space height=&#8220;24px&#8220;][vc_single_image image=&#8220;57826&#8243; img_size=&#8220;full&#8220;][vc_empty_space height=&#8220;24px&#8220;][\/vc_column][\/vc_row]<\/p>\n<\/div>","protected":false},"excerpt":{"rendered":"<p>Ein solides, gepolstertes Halsband, das Druck auf den Hals des Hundes beim Ziehen verhindert. Das Halsband ist verstellbar und aus leichten Materialien mit einer ergonomischen Passform gefertigt, entwickelt f\u00fcr den aktiven Alltag von Hundebesitzern.<\/p>\n","protected":false},"featured_media":57832,"template":"","meta":[],"pwb-brand":[378],"product_cat":[879,882],"product_tag":[],"class_list":{"0":"post-57791","1":"product","2":"type-product","3":"status-publish","4":"has-post-thumbnail","6":"pwb-brand-non-stop-dogwear-de","7":"product_cat-hundemode","8":"product_cat-halsbander","10":"first","11":"instock","12":"featured","13":"taxable","14":"shipping-taxable","15":"purchasable","16":"product-type-variable"},"brands":[{"id":378,"name":"Non-Stop Dogwear","slug":"non-stop-dogwear-de"}],"_links":{"self":[{"href":"https:\/\/www.havohravo.com\/de\/wp-json\/wp\/v2\/product\/57791","targetHints":{"allow":["GET"]}}],"collection":[{"href":"https:\/\/www.havohravo.com\/de\/wp-json\/wp\/v2\/product"}],"about":[{"href":"https:\/\/www.havohravo.com\/de\/wp-json\/wp\/v2\/types\/product"}],"wp:featuredmedia":[{"embeddable":true,"href":"https:\/\/www.havohravo.com\/de\/wp-json\/wp\/v2\/media\/57832"}],"wp:attachment":[{"href":"https:\/\/www.havohravo.com\/de\/wp-json\/wp\/v2\/media?parent=57791"}],"wp:term":[{"taxonomy":"pwb-brand","embeddable":true,"href":"https:\/\/www.havohravo.com\/de\/wp-json\/wp\/v2\/pwb-brand?post=57791"},{"taxonomy":"product_cat","embeddable":true,"href":"https:\/\/www.havohravo.com\/de\/wp-json\/wp\/v2\/product_cat?post=57791"},{"taxonomy":"product_tag","embeddable":true,"href":"https:\/\/www.havohravo.com\/de\/wp-json\/wp\/v2\/product_tag?post=57791"}],"curies":[{"name":"wp","href":"https:\/\/api.w.org\/{rel}","templated":true}]}}