{"id":59799,"date":"2021-11-07T21:37:26","date_gmt":"2021-11-07T20:37:26","guid":{"rendered":"https:\/\/www.havohravo.com\/?post_type=product&#038;p=59799"},"modified":"2023-10-10T11:39:06","modified_gmt":"2023-10-10T09:39:06","slug":"bulla-full-bungee-leine-mit-ruckdampfer-fur-2-hunde","status":"publish","type":"product","link":"https:\/\/www.havohravo.com\/de\/produkt\/bulla-full-bungee-leine-mit-ruckdampfer-fur-2-hunde\/","title":{"rendered":"Bulla Full-Bungee Leine mit R\u00fcckd\u00e4mpfer f\u00fcr 2 Hunde"},"content":{"rendered":"<div class=\"wpb-content-wrapper\"><p>[vc_row][vc_column][vc_empty_space][\/vc_column][\/vc_row][vc_row][vc_column width=&#8220;1\/2&#8243;][vc_column_text]Die Full-Bungee-Leine von Bulla ist eine vielseitige Leine f\u00fcr die meisten Mushing-Disziplinen wie Canicross, Roller\/Bikej\u00f6ring oder Dogtrekking.<\/p>\n<h3>Charakteristik<\/h3>\n<ul>\n<li>R\u00fcckd\u00e4mpfer ist f\u00fcr Hunde geeignet, die nicht gerne gegen einen sehr steifen R\u00fcckd\u00e4mpfer arbeiten oder f\u00fcr kleinere Rassen.<\/li>\n<li>Erh\u00e4ltlich mit klassischem Bronzekarabiner oder leichtem Aluminium-Twist-Lock-Karabiner. Es eignet sich f\u00fcr Hunde mit 8 kg bis 35 kg K\u00f6rpergewicht.<\/li>\n<li>Breite 25 mm<\/li>\n<li>Mit der Zeit dehnt sich die Leine in der L\u00e4nge um ca. 2-3 cm, was normal ist und keine Fehlfunktion darstellt.<\/li>\n<\/ul>\n<p>[\/vc_column_text][vc_empty_space height=&#8220;24&#8243;][\/vc_column][vc_column width=&#8220;5\/12&#8243; offset=&#8220;vc_col-sm-offset-1&#8243;][vc_column_text]2,7 m f\u00fcr 2 Hunde mit Full-Bungee Konektorleine zum Hund<\/p>\n<h3>Farben<\/h3>\n<ul>\n<li>lila<\/li>\n<li>pink<\/li>\n<li>rot<\/li>\n<li>blau<\/li>\n<li>schwarz<\/li>\n<li>schwarz\/neon gelb<\/li>\n<\/ul>\n<p>[\/vc_column_text][vc_empty_space height=&#8220;24&#8243;][\/vc_column][\/vc_row]<\/p>\n<\/div>","protected":false},"excerpt":{"rendered":"<p>Full-Bungee Leine mit R\u00fcckd\u00e4mpfer ideal f\u00fcr 2 Hunde<\/p>\n","protected":false},"featured_media":59740,"template":"","meta":[],"pwb-brand":[1889],"product_cat":[1681,879,860],"product_tag":[],"class_list":{"0":"post-59799","1":"product","2":"type-product","3":"status-publish","4":"has-post-thumbnail","6":"pwb-brand-bulla-de","7":"product_cat-mit-rueckdaempfer","8":"product_cat-hundemode","9":"product_cat-leinen","11":"first","12":"instock","13":"taxable","14":"shipping-taxable","15":"purchasable","16":"product-type-variable"},"brands":[{"id":1889,"name":"Bulla","slug":"bulla-de"}],"_links":{"self":[{"href":"https:\/\/www.havohravo.com\/de\/wp-json\/wp\/v2\/product\/59799","targetHints":{"allow":["GET"]}}],"collection":[{"href":"https:\/\/www.havohravo.com\/de\/wp-json\/wp\/v2\/product"}],"about":[{"href":"https:\/\/www.havohravo.com\/de\/wp-json\/wp\/v2\/types\/product"}],"wp:featuredmedia":[{"embeddable":true,"href":"https:\/\/www.havohravo.com\/de\/wp-json\/wp\/v2\/media\/59740"}],"wp:attachment":[{"href":"https:\/\/www.havohravo.com\/de\/wp-json\/wp\/v2\/media?parent=59799"}],"wp:term":[{"taxonomy":"pwb-brand","embeddable":true,"href":"https:\/\/www.havohravo.com\/de\/wp-json\/wp\/v2\/pwb-brand?post=59799"},{"taxonomy":"product_cat","embeddable":true,"href":"https:\/\/www.havohravo.com\/de\/wp-json\/wp\/v2\/product_cat?post=59799"},{"taxonomy":"product_tag","embeddable":true,"href":"https:\/\/www.havohravo.com\/de\/wp-json\/wp\/v2\/product_tag?post=59799"}],"curies":[{"name":"wp","href":"https:\/\/api.w.org\/{rel}","templated":true}]}}