{"id":60050,"date":"2021-11-29T20:00:13","date_gmt":"2021-11-29T19:00:13","guid":{"rendered":"https:\/\/www.havohravo.com\/?post_type=product&#038;p=60050"},"modified":"2021-11-29T21:28:30","modified_gmt":"2021-11-29T20:28:30","slug":"flexiness-pawdisc","status":"publish","type":"product","link":"https:\/\/www.havohravo.com\/de\/produkt\/flexiness-pawdisc\/","title":{"rendered":"Flexiness\u00ae PawDisc"},"content":{"rendered":"<div class=\"wpb-content-wrapper\"><p>[vc_row][vc_column][vc_empty_space][\/vc_column][\/vc_row][vc_row][vc_column][vc_empty_space height=&#8220;16&#8243;][vc_column_text]<\/p>\n<h3>Flexiness\u00ae PawDisc<\/h3>\n<p>Die Flexiness\u00aePawDisc eignet sich hervorragend zum Gleichgewichtstraining und Muskelaufbau f\u00fcr kleine bis grosse Hunde. Die Stabilit\u00e4t der Disc kann je nach Menge der eingelassenen Luft ver\u00e4ndert werden. Die einzigartige Form verleiht der PawDisc gute Formstabilit\u00e4t, so dass der Rand auch bei gr\u00f6sserer Luftmenge nicht einknickt.<\/p>\n<p>Wie alle Flexiness\u00ae Produkte ist auch die PawDisc aus einem sehr stabilen PVC. Die Oberfl\u00e4che ist f\u00fcr besseren \u201aGrip\u2018 leicht aufgerau.<\/p>\n<h3>Gr\u00f6\u00dfe<\/h3>\n<p>45 x 9 cm[\/vc_column_text][vc_empty_space height=&#8220;16&#8243;][\/vc_column][\/vc_row]<\/p>\n<\/div>","protected":false},"excerpt":{"rendered":"<p>Tool f\u00fcr Anf\u00e4nger!<\/p>\n","protected":false},"featured_media":60065,"template":"","meta":[],"pwb-brand":[1672],"product_cat":[2153,874],"product_tag":[],"class_list":{"0":"post-60050","1":"product","2":"type-product","3":"status-publish","4":"has-post-thumbnail","6":"pwb-brand-flexiness-de","7":"product_cat-balancekissen-pads","8":"product_cat-hundefitness","10":"first","11":"onbackorder","12":"taxable","13":"shipping-taxable","14":"purchasable","15":"product-type-variable"},"brands":[{"id":1672,"name":"Flexiness","slug":"flexiness-de"}],"_links":{"self":[{"href":"https:\/\/www.havohravo.com\/de\/wp-json\/wp\/v2\/product\/60050","targetHints":{"allow":["GET"]}}],"collection":[{"href":"https:\/\/www.havohravo.com\/de\/wp-json\/wp\/v2\/product"}],"about":[{"href":"https:\/\/www.havohravo.com\/de\/wp-json\/wp\/v2\/types\/product"}],"wp:featuredmedia":[{"embeddable":true,"href":"https:\/\/www.havohravo.com\/de\/wp-json\/wp\/v2\/media\/60065"}],"wp:attachment":[{"href":"https:\/\/www.havohravo.com\/de\/wp-json\/wp\/v2\/media?parent=60050"}],"wp:term":[{"taxonomy":"pwb-brand","embeddable":true,"href":"https:\/\/www.havohravo.com\/de\/wp-json\/wp\/v2\/pwb-brand?post=60050"},{"taxonomy":"product_cat","embeddable":true,"href":"https:\/\/www.havohravo.com\/de\/wp-json\/wp\/v2\/product_cat?post=60050"},{"taxonomy":"product_tag","embeddable":true,"href":"https:\/\/www.havohravo.com\/de\/wp-json\/wp\/v2\/product_tag?post=60050"}],"curies":[{"name":"wp","href":"https:\/\/api.w.org\/{rel}","templated":true}]}}