{"id":60785,"date":"2022-01-14T10:00:10","date_gmt":"2022-01-14T09:00:10","guid":{"rendered":"https:\/\/www.havohravo.com\/?post_type=product&#038;p=60785"},"modified":"2026-03-29T11:54:14","modified_gmt":"2026-03-29T09:54:14","slug":"protector-bootie","status":"publish","type":"product","link":"https:\/\/www.havohravo.com\/de\/produkt\/protector-bootie\/","title":{"rendered":"Protector Bootie"},"content":{"rendered":"<div class=\"wpb-content-wrapper\"><p>[vc_row][vc_column][vc_empty_space][\/vc_column][\/vc_row][vc_row][vc_column width=&#8220;1\/2&#8243;][vc_column_text]<\/p>\n<h3>Protector Bootie<\/h3>\n<p>Diese Hundebooties sind aus extrem schnittfestem Material hergestellt und f\u00fcr zus\u00e4tzlichen Schutz in Nitrilkautschuk getaucht. Der Kautschuk macht die Booties wasserdicht und bietet Deinem Hund auch auf rutschigen Oberfl\u00e4chen guten Halt. Auf der Innenseite hat das Produkt keine N\u00e4hte, um ein Scheuern zu vermeiden. Das weiche Material gew\u00e4hrleistet guten Bodenkontakt f\u00fcr die Pfoten. Befestigt werden die Booties mit elastischem Klettverschluss, der einen guten Sitz an den Pfoten gew\u00e4hrleistet.<\/p>\n<p>Set von 4 St\u00fcck.[\/vc_column_text][vc_empty_space height=&#8220;24&#8243;][\/vc_column][vc_column width=&#8220;5\/12&#8243; offset=&#8220;vc_col-sm-offset-1&#8243;][vc_column_text]<\/p>\n<h3>Charakteristik und Vorteile<\/h3>\n<ul>\n<li>Leicht und sehr stabil.<\/li>\n<li>Vorbeugung von Pfotenverletzungen.<\/li>\n<li>Ideal f\u00fcr alle Aktivit\u00e4ten, die nicht im Schnee stattfinden.<\/li>\n<\/ul>\n<p>[\/vc_column_text][vc_empty_space height=&#8220;24&#8243;][\/vc_column][\/vc_row][vc_row][vc_column][vc_empty_space height=&#8220;32&#8243;][vc_column_text]<\/p>\n<h3>Wie soll ich die Pfote abmessen?<\/h3>\n<p>Lass den Hund stehen am besten auf einem weissen Blatt Papier. Markiere mit einem Stift jeweils die seitlichen Eckpunkte und anschliessend die Zehenspitze und das Pfotenende. Verbinde diese Punkte und messe die Abst\u00e4nde. Somit erhaltest du die Pfotenbreite und Pfotenl\u00e4nge des Hundes.<\/p>\n<p>[\/vc_column_text][vc_empty_space height=&#8220;24&#8243;][vc_column_text]<\/p>\n<table cellspacing=\"0\" cellpadding=\"0\">\n<tbody>\n<tr>\n<td valign=\"bottom\"><strong>Gr\u00f6\u00dfe<\/strong><\/td>\n<td valign=\"bottom\"><strong>Breite<\/strong><\/td>\n<\/tr>\n<tr>\n<td valign=\"bottom\">XS<\/td>\n<td valign=\"bottom\">3-4 cm<\/td>\n<\/tr>\n<tr>\n<td valign=\"bottom\">S<\/td>\n<td valign=\"bottom\">4-5 cm<\/td>\n<\/tr>\n<tr>\n<td valign=\"bottom\">M<\/td>\n<td valign=\"bottom\">5-6 cm<\/td>\n<\/tr>\n<tr>\n<td valign=\"bottom\">L<\/td>\n<td valign=\"bottom\">6-7 cm<\/td>\n<\/tr>\n<tr>\n<td valign=\"bottom\">XL<\/td>\n<td valign=\"bottom\">7-8 cm<\/td>\n<\/tr>\n<tr>\n<td valign=\"bottom\">XXL<\/td>\n<td valign=\"bottom\">8-9 cm<\/td>\n<\/tr>\n<\/tbody>\n<\/table>\n<p>[\/vc_column_text][vc_empty_space height=&#8220;24&#8243;][\/vc_column][\/vc_row][vc_row][vc_column width=&#8220;1\/2&#8243;][vc_single_image image=&#8220;60773&#8243; img_size=&#8220;full&#8220;][\/vc_column][vc_column width=&#8220;1\/2&#8243;][vc_single_image image=&#8220;76899&#8243; img_size=&#8220;full&#8220;][\/vc_column][\/vc_row][vc_row][vc_column][vc_empty_space height=&#8220;24px&#8220;][vc_video link=&#8220;https:\/\/youtu.be\/VmxEWbxCCXI&#8220;][vc_empty_space height=&#8220;24px&#8220;][vc_video link=&#8220;https:\/\/youtu.be\/wIB66rO6gUo&#8220;][\/vc_column][\/vc_row]<\/p>\n<\/div>","protected":false},"excerpt":{"rendered":"<p>Haltbare Booties, die die Pfoten Deines Hundes vor rauhen Oberfl\u00e4chen, Glasscherben, Salz und hei\u00dfem Asphalt sch\u00fctzen.<\/p>\n","protected":false},"featured_media":60813,"template":"","meta":[],"pwb-brand":[378],"product_cat":[2108,879],"product_tag":[925,1990],"class_list":{"0":"post-60785","1":"product","2":"type-product","3":"status-publish","4":"has-post-thumbnail","6":"pwb-brand-non-stop-dogwear-de","7":"product_cat-schuhe","8":"product_cat-hundemode","9":"product_tag-sicherheit","10":"product_tag-sommer","12":"first","13":"instock","14":"taxable","15":"shipping-taxable","16":"purchasable","17":"product-type-variable"},"brands":[{"id":378,"name":"Non-Stop Dogwear","slug":"non-stop-dogwear-de"}],"_links":{"self":[{"href":"https:\/\/www.havohravo.com\/de\/wp-json\/wp\/v2\/product\/60785","targetHints":{"allow":["GET"]}}],"collection":[{"href":"https:\/\/www.havohravo.com\/de\/wp-json\/wp\/v2\/product"}],"about":[{"href":"https:\/\/www.havohravo.com\/de\/wp-json\/wp\/v2\/types\/product"}],"wp:featuredmedia":[{"embeddable":true,"href":"https:\/\/www.havohravo.com\/de\/wp-json\/wp\/v2\/media\/60813"}],"wp:attachment":[{"href":"https:\/\/www.havohravo.com\/de\/wp-json\/wp\/v2\/media?parent=60785"}],"wp:term":[{"taxonomy":"pwb-brand","embeddable":true,"href":"https:\/\/www.havohravo.com\/de\/wp-json\/wp\/v2\/pwb-brand?post=60785"},{"taxonomy":"product_cat","embeddable":true,"href":"https:\/\/www.havohravo.com\/de\/wp-json\/wp\/v2\/product_cat?post=60785"},{"taxonomy":"product_tag","embeddable":true,"href":"https:\/\/www.havohravo.com\/de\/wp-json\/wp\/v2\/product_tag?post=60785"}],"curies":[{"name":"wp","href":"https:\/\/api.w.org\/{rel}","templated":true}]}}