{"id":6083,"date":"2018-12-31T20:15:26","date_gmt":"2018-12-31T19:15:26","guid":{"rendered":"https:\/\/www.havohravo.com\/product\/orbiloc-karabiner\/"},"modified":"2021-02-21T14:24:32","modified_gmt":"2021-02-21T13:24:32","slug":"orbiloc-karabiner","status":"publish","type":"product","link":"https:\/\/www.havohravo.com\/de\/produkt\/orbiloc-karabiner\/","title":{"rendered":"Orbiloc Karabiner"},"content":{"rendered":"<div class=\"wpb-content-wrapper\"><p>[vc_row][vc_column][vc_empty_space][\/vc_column][\/vc_row][vc_row][vc_column width=&#8220;1\/2&#8243;][vc_column_text]<\/p>\n<h3>Orbiloc Karabiner<\/h3>\n<p>Der Orbiloc Karabiner besteht aus zwei Teilen; Der Orbiloc Karabiner Befestigung, und der Orbiloc Karabiner.<\/p>\n<p>Wir raten davon ab, das Sicherheitslicht mit dem Orbiloc Karabiner direkt am Halsband von kleineren Hunden zu befestigen, da es hin und her baumeln und die Brust des Hundes verletzen k\u00f6nnte.<\/p>\n<p>Kompatibel mit Orbiloc Dual Safety Light.<\/p>\n<p>Hergestellt in D\u00e4nemark.[\/vc_column_text][vc_empty_space height=&#8220;24&#8243;][\/vc_column][vc_column width=&#8220;1\/2&#8243;][vc_column_text]<\/p>\n<h3 class=\"p1\"><span class=\"s1\">Packungsinhalt<\/span><\/h3>\n<ul style=\"font-weight: 400;\">\n<li>1 Orbiloc Karabiner<\/li>\n<li>1 Orbiloc Karabiner Befestigung<\/li>\n<\/ul>\n<p>[\/vc_column_text][vc_empty_space height=&#8220;24&#8243;][\/vc_column][\/vc_row]<\/p>\n<\/div>","protected":false},"excerpt":{"rendered":"<p>F\u00fcr universales Anbringen (empfohlen f\u00fcr Hund mit langem Haar oder f\u00fcr Rucks\u00e4cke).<\/p>\n","protected":false},"featured_media":40267,"template":"","meta":[],"pwb-brand":[380],"product_cat":[2109,879],"product_tag":[925],"class_list":{"0":"post-6083","1":"product","2":"type-product","3":"status-publish","4":"has-post-thumbnail","6":"pwb-brand-orbiloc-de","7":"product_cat-sicherheitslicht_shirts","8":"product_cat-hundemode","9":"product_tag-sicherheit","11":"first","12":"instock","13":"taxable","14":"shipping-taxable","15":"purchasable","16":"product-type-simple"},"brands":[{"id":380,"name":"orbiloc","slug":"orbiloc-de"}],"_links":{"self":[{"href":"https:\/\/www.havohravo.com\/de\/wp-json\/wp\/v2\/product\/6083","targetHints":{"allow":["GET"]}}],"collection":[{"href":"https:\/\/www.havohravo.com\/de\/wp-json\/wp\/v2\/product"}],"about":[{"href":"https:\/\/www.havohravo.com\/de\/wp-json\/wp\/v2\/types\/product"}],"wp:featuredmedia":[{"embeddable":true,"href":"https:\/\/www.havohravo.com\/de\/wp-json\/wp\/v2\/media\/40267"}],"wp:attachment":[{"href":"https:\/\/www.havohravo.com\/de\/wp-json\/wp\/v2\/media?parent=6083"}],"wp:term":[{"taxonomy":"pwb-brand","embeddable":true,"href":"https:\/\/www.havohravo.com\/de\/wp-json\/wp\/v2\/pwb-brand?post=6083"},{"taxonomy":"product_cat","embeddable":true,"href":"https:\/\/www.havohravo.com\/de\/wp-json\/wp\/v2\/product_cat?post=6083"},{"taxonomy":"product_tag","embeddable":true,"href":"https:\/\/www.havohravo.com\/de\/wp-json\/wp\/v2\/product_tag?post=6083"}],"curies":[{"name":"wp","href":"https:\/\/api.w.org\/{rel}","templated":true}]}}