{"id":61094,"date":"2022-01-20T20:25:37","date_gmt":"2022-01-20T19:25:37","guid":{"rendered":"https:\/\/www.havohravo.com\/?post_type=product&#038;p=61094"},"modified":"2026-03-24T21:53:02","modified_gmt":"2026-03-24T20:53:02","slug":"nella-allround-hundemantel-grau","status":"publish","type":"product","link":"https:\/\/www.havohravo.com\/de\/produkt\/nella-allround-hundemantel-grau\/","title":{"rendered":"Nella Allround Hundemantel &#8211; Grau"},"content":{"rendered":"<div class=\"wpb-content-wrapper\"><p>[vc_row][vc_column][vc_empty_space][\/vc_column][\/vc_row][vc_row][vc_column width=&#8220;1\/2&#8243;][vc_column_text]Nella hat ein Design, das eine hervorragende Bewegungsfreiheit f\u00fcr die Vorderbeine bietet. Dieses Modell eignet sich f\u00fcr Hunde mit einer tief sitzenden Rute, da es einen gro\u00dfen Teil bedeckt um die Rute optimal warm zu halten. Dies kann bei Problemen wie Wasserruten, Problemen bei kaltem Wetter und nach Wasserarbeiten vorbeugen oder bei deren Linderung helfen.<\/p>\n<p>Der Mantel l\u00e4sst sich leicht anziehen und mit einer Schnalle am R\u00fccken anpassen. Klettverschl\u00fcsse an den Seiten sorgen daf\u00fcr, dass sie ohne Verdrehen an Ort und Stelle bleibt. Der Mantel hat eine wasser- und windabweisende Oberfl\u00e4che und einen angenehm geformten Kragen mit einem Kordelzug, um Regen und Schnee fernzuhalten. Die Innenseite hat ein Iontex\u00ae-infundiertes Futter, um die Durchblutung anzuregen. Dies kann dem Hund helfen eine optimale Temperatur aufrecht- und die Muskeln bei jedem Wetter flexibel zu halten. Das macht Nella zum perfekten Mantel f\u00fcr allt\u00e4gliche Abenteuer!<\/p>\n<p>Durch smarte \u00d6ffnungen l\u00e4sst sich die Leine sowohl an einem Halsband oder auch an einem Brustgeschirr Ihres Hundes befestigen.<br \/>\nDer Mantel ist aus allen Winkeln mit reflektierenden Paspeln und Logo sichtbar.<br \/>\nErh\u00e4ltlich in 2 Farben: schwarz und grau.<br \/>\nDer graue Mantel hat ein unauff\u00e4lliges, aber bei Lichteinfall reflektierendes Muster.<\/p>\n<p>Nella Dog Coat ist f\u00fcr schlank bis normal gebaute Hund konzipiert. Wenn dein Hund einen breiten oder tieferen Brust-Halsbereich hat, w\u00e4hle diesen Mantel bitte eine Nummer gr\u00f6\u00dfer.[\/vc_column_text][vc_empty_space height=&#8220;24&#8243;][vc_single_image image=&#8220;61150&#8243; img_size=&#8220;full&#8220;][\/vc_column][vc_column width=&#8220;5\/12&#8243; offset=&#8220;vc_col-sm-offset-1&#8243;][vc_column_text]<\/p>\n<div class=\"wpb_text_column wpb_content_element \">\n<div class=\"wpb_wrapper\">\n<h3>Richtige Gr\u00f6\u00dfe bestimmen:<\/h3>\n<p>Um richtige Gr\u00f6\u00dfe zu bestimmen, messen sie bitte knapp ohne zus\u00e4tzliche Zentimeter dazu zu rechnen.<\/p>\n<p>4. L\u00e4nge vom Widerrist (Schulterblatt) zum Ruteanfang. <strong>Messen sie keinen Teil vom Hals oder Rute mit!<strong><\/p>\n<\/div>\n<\/div>\n<p>[\/vc_column_text][vc_empty_space height=&#8220;24&#8243;][vc_single_image image=&#8220;2142&#8243; img_size=&#8220;full&#8220;][vc_empty_space height=&#8220;24&#8243;][vc_column_text]<\/p>\n<div class=\"wpb_text_column wpb_content_element \">\n<div class=\"wpb_wrapper\">\n<h3>Charakteristik:<\/h3>\n<ul>\n<li>Iontex\u00ae Technologie<\/li>\n<li>Entwickelt f\u00fcr Bewegung<\/li>\n<li>Wasser- und windabweisend (3000 mm Wassers\u00e4ule)<\/li>\n<li>Einstellbare L\u00e4nge<\/li>\n<li>Reflektierende Details<\/li>\n<\/ul>\n<\/div>\n<\/div>\n<p>[\/vc_column_text][\/vc_column][\/vc_row]<\/p>\n<\/div>","protected":false},"excerpt":{"rendered":"<p>Perfekter Mantel f\u00fcr allt\u00e4gliche Abenteuer!<\/p>\n","protected":false},"featured_media":61148,"template":"","meta":[],"pwb-brand":[360],"product_cat":[2164,2166,879,881],"product_tag":[1228],"class_list":{"0":"post-61094","1":"product","2":"type-product","3":"status-publish","4":"has-post-thumbnail","6":"pwb-brand-back-on-track-de","7":"product_cat-uebergangsmaentel","8":"product_cat-regenmantel","9":"product_cat-hundemode","10":"product_cat-mantel-und-jacken","11":"product_tag-ausverkauf","13":"first","14":"instock","15":"sale","16":"featured","17":"taxable","18":"shipping-taxable","19":"purchasable","20":"product-type-variable"},"brands":[{"id":360,"name":"Back On Track","slug":"back-on-track-de"}],"_links":{"self":[{"href":"https:\/\/www.havohravo.com\/de\/wp-json\/wp\/v2\/product\/61094","targetHints":{"allow":["GET"]}}],"collection":[{"href":"https:\/\/www.havohravo.com\/de\/wp-json\/wp\/v2\/product"}],"about":[{"href":"https:\/\/www.havohravo.com\/de\/wp-json\/wp\/v2\/types\/product"}],"wp:featuredmedia":[{"embeddable":true,"href":"https:\/\/www.havohravo.com\/de\/wp-json\/wp\/v2\/media\/61148"}],"wp:attachment":[{"href":"https:\/\/www.havohravo.com\/de\/wp-json\/wp\/v2\/media?parent=61094"}],"wp:term":[{"taxonomy":"pwb-brand","embeddable":true,"href":"https:\/\/www.havohravo.com\/de\/wp-json\/wp\/v2\/pwb-brand?post=61094"},{"taxonomy":"product_cat","embeddable":true,"href":"https:\/\/www.havohravo.com\/de\/wp-json\/wp\/v2\/product_cat?post=61094"},{"taxonomy":"product_tag","embeddable":true,"href":"https:\/\/www.havohravo.com\/de\/wp-json\/wp\/v2\/product_tag?post=61094"}],"curies":[{"name":"wp","href":"https:\/\/api.w.org\/{rel}","templated":true}]}}