{"id":61865,"date":"2022-03-24T17:03:57","date_gmt":"2022-03-24T16:03:57","guid":{"rendered":"https:\/\/www.havohravo.com\/?post_type=product&#038;p=61865"},"modified":"2026-04-11T21:21:38","modified_gmt":"2026-04-11T19:21:38","slug":"faux-fur-tug-40-cm","status":"publish","type":"product","link":"https:\/\/www.havohravo.com\/de\/produkt\/faux-fur-tug-40-cm\/","title":{"rendered":"Faux Fur Tug 40 cm"},"content":{"rendered":"<div class=\"wpb-content-wrapper\"><p>[vc_row][vc_column][vc_empty_space][\/vc_column][\/vc_row][vc_row][vc_column width=&#8220;2\/3&#8243; offset=&#8220;vc_col-sm-offset-2 vc_col-xs-12&#8243;][vc_column_text]<\/p>\n<h3>Faux Fur Tug 40 cm<\/h3>\n<p>Zerspielzeug f\u00fcr Hunde, die kuscheliges Spielzeug lieben und echtes Fell nicht m\u00f6gen!<\/p>\n<p>Das Zerspielzeug besteht aus havohravo\u00ae Tuggy-Griff und Kunstfellteil.<br \/>\nGriff ist unterlegt mit Fleece f\u00fcr angenehmes Gef\u00fchl in der Hand.\u00a0Integrierter R\u00fcckd\u00e4mpfer schont die Wirbels\u00e4ule vom Hund als auch Mensch beim abrupten Zug.<\/p>\n<p>Dieses Spielzeug besteht aus Kunstfell.<\/p>\n<p>Das Spielzeug dient zum aktiven Spiel zwischen dem Hundef\u00fchrer und dem Hund.<\/p>\n<p>Lassen sie den Hund nicht unbeaufsichtig damit spielen. Falls das Spielzeug besch\u00e4digt wird, nehmen sie es dem Hund weg. Es ist kein Kinderspielzeug.<\/p>\n<p>Dieses Produkt eignet sich nur f\u00fcr Handw\u00e4sche. Waschen sie es im kalten Wasser und h\u00e4ngen es zum trocknen auf.<\/p>\n<p>Wir liefern das Spielzeug in Farbkombination nach Zufall. Falls sie bestimmte Farbkombination w\u00fcnschen, geben sie es bitte bei dem Bestellungsprozess an.<\/p>\n<p><strong>Gr\u00f6\u00dfe:<\/strong><br \/>\nGesamtl\u00e4nge: ca. 55 cm[\/vc_column_text][vc_empty_space height=&#8220;32&#8243;][\/vc_column][\/vc_row]<\/p>\n<\/div>","protected":false},"excerpt":{"rendered":"<p>Zerspielzeug f\u00fcr Hunde, die\u00a0 kuscheliges Spielzeug lieben!<\/p>\n","protected":false},"featured_media":61867,"template":"","meta":[],"pwb-brand":[374],"product_cat":[1925,866],"product_tag":[1926],"class_list":{"0":"post-61865","1":"product","2":"type-product","3":"status-publish","4":"has-post-thumbnail","6":"pwb-brand-havohravo-de","7":"product_cat-spielzeug-aus-kunstfell","8":"product_cat-hundespielzeug","9":"product_tag-kunstfell","11":"first","12":"outofstock","13":"taxable","14":"shipping-taxable","15":"purchasable","16":"product-type-simple"},"brands":[{"id":374,"name":"havohravo","slug":"havohravo-de"}],"_links":{"self":[{"href":"https:\/\/www.havohravo.com\/de\/wp-json\/wp\/v2\/product\/61865","targetHints":{"allow":["GET"]}}],"collection":[{"href":"https:\/\/www.havohravo.com\/de\/wp-json\/wp\/v2\/product"}],"about":[{"href":"https:\/\/www.havohravo.com\/de\/wp-json\/wp\/v2\/types\/product"}],"wp:featuredmedia":[{"embeddable":true,"href":"https:\/\/www.havohravo.com\/de\/wp-json\/wp\/v2\/media\/61867"}],"wp:attachment":[{"href":"https:\/\/www.havohravo.com\/de\/wp-json\/wp\/v2\/media?parent=61865"}],"wp:term":[{"taxonomy":"pwb-brand","embeddable":true,"href":"https:\/\/www.havohravo.com\/de\/wp-json\/wp\/v2\/pwb-brand?post=61865"},{"taxonomy":"product_cat","embeddable":true,"href":"https:\/\/www.havohravo.com\/de\/wp-json\/wp\/v2\/product_cat?post=61865"},{"taxonomy":"product_tag","embeddable":true,"href":"https:\/\/www.havohravo.com\/de\/wp-json\/wp\/v2\/product_tag?post=61865"}],"curies":[{"name":"wp","href":"https:\/\/api.w.org\/{rel}","templated":true}]}}