{"id":6241,"date":"2018-12-31T00:46:44","date_gmt":"2018-12-30T23:46:44","guid":{"rendered":"https:\/\/www.havohravo.com\/product\/bob-hunde-loop\/"},"modified":"2023-08-28T21:32:42","modified_gmt":"2023-08-28T19:32:42","slug":"benji-nackenwarmer","status":"publish","type":"product","link":"https:\/\/www.havohravo.com\/de\/produkt\/benji-nackenwarmer\/","title":{"rendered":"Benji Nackenw\u00e4rmer"},"content":{"rendered":"<div class=\"wpb-content-wrapper\"><p>[vc_row][vc_column][vc_empty_space][\/vc_column][\/vc_row][vc_row][vc_column width=&#8220;1\/2&#8243;][vc_column_text]<\/p>\n<h3>Benji Nackenw\u00e4rmer<\/h3>\n<p>Leidet dein Hund an Verspannungen in der Nackenpartie, oder m\u00f6chtest du deinem Hund einfach etwas Gutes tun?<\/p>\n<ul>\n<li>Back on Track Nackenw\u00e4rmer kann helfen die Blutzirkulation zu verbessern und unterst\u00fctzt den Hund vor allem an kalten Tagen und im Alter.<\/li>\n<li>Durch Welltex- Technologie, in Kombination mit der eigenen K\u00f6rperw\u00e4rme des Hundes, wird dein Hund w\u00e4hrend der Bewegung und in den Erholungsphasen optimal unterst\u00fctzt.<\/li>\n<li>Der Loop ist aus sehr weichem Fleece \u00a0hergestellt und \u00a0im Nackenbereich anatomisch geformt. Au\u00dferdem verf\u00fcgt der Nackw\u00e4rmer rundherum \u00fcber Elastikband im Frontbereich.<\/li>\n<li>Der Dog Loop ist f\u00fcr Hunde mit einer langen Nackenpartie entwickelt worden, die Elastikb\u00e4nder erm\u00f6glichen es aber, den Loop auf verschiedene Hunderassen und Gr\u00f6\u00dfen einzustellen.<\/li>\n<\/ul>\n<p>[\/vc_column_text][vc_empty_space height=&#8220;24&#8243;][\/vc_column][vc_column width=&#8220;5\/12&#8243; offset=&#8220;vc_col-sm-offset-1&#8243;][vc_column_text]<\/p>\n<h3 style=\"text-align: left;\">Gr\u00f6\u00dfen<\/h3>\n<p>Messe den Halsumfang des Hundes ungef\u00e4hr in der Mitte herum (wo normalerweise das Halsband platziert wird). Das Ma\u00dfband sollte genauso um den Hals liegen wie ein Halsband \u2013 nicht zu eng.<\/p>\n<p>XS: 27-32 cm<br \/>\nS: 33-37 cm<br \/>\nM: 38-43 cm<br \/>\nL: 44-53 cm<br \/>\nXL: 54-63[\/vc_column_text][vc_empty_space height=&#8220;24&#8243;][vc_single_image image=&#8220;69159&#8243; img_size=&#8220;large&#8220;][vc_empty_space height=&#8220;24&#8243;][\/vc_column][\/vc_row]<\/p>\n<\/div>","protected":false},"excerpt":{"rendered":"<p>Perfekt f\u00fcr Hunde mit k\u00e4lteempfindlichen Ohren oder Verspannungen im Nackenbereich<\/p>\n","protected":false},"featured_media":69161,"template":"","meta":[],"pwb-brand":[360],"product_cat":[2165,879,882,881,880],"product_tag":[],"class_list":{"0":"post-6241","1":"product","2":"type-product","3":"status-publish","4":"has-post-thumbnail","6":"pwb-brand-back-on-track-de","7":"product_cat-basiclayer-de","8":"product_cat-hundemode","9":"product_cat-halsbander","10":"product_cat-mantel-und-jacken","11":"product_cat-bandagen","13":"first","14":"onbackorder","15":"taxable","16":"shipping-taxable","17":"purchasable","18":"product-type-variable"},"brands":[{"id":360,"name":"Back On Track","slug":"back-on-track-de"}],"_links":{"self":[{"href":"https:\/\/www.havohravo.com\/de\/wp-json\/wp\/v2\/product\/6241","targetHints":{"allow":["GET"]}}],"collection":[{"href":"https:\/\/www.havohravo.com\/de\/wp-json\/wp\/v2\/product"}],"about":[{"href":"https:\/\/www.havohravo.com\/de\/wp-json\/wp\/v2\/types\/product"}],"wp:featuredmedia":[{"embeddable":true,"href":"https:\/\/www.havohravo.com\/de\/wp-json\/wp\/v2\/media\/69161"}],"wp:attachment":[{"href":"https:\/\/www.havohravo.com\/de\/wp-json\/wp\/v2\/media?parent=6241"}],"wp:term":[{"taxonomy":"pwb-brand","embeddable":true,"href":"https:\/\/www.havohravo.com\/de\/wp-json\/wp\/v2\/pwb-brand?post=6241"},{"taxonomy":"product_cat","embeddable":true,"href":"https:\/\/www.havohravo.com\/de\/wp-json\/wp\/v2\/product_cat?post=6241"},{"taxonomy":"product_tag","embeddable":true,"href":"https:\/\/www.havohravo.com\/de\/wp-json\/wp\/v2\/product_tag?post=6241"}],"curies":[{"name":"wp","href":"https:\/\/api.w.org\/{rel}","templated":true}]}}