{"id":6276,"date":"2018-12-31T00:07:15","date_gmt":"2018-12-30T23:07:15","guid":{"rendered":"https:\/\/www.havohravo.com\/product\/physio-waist-support\/"},"modified":"2020-03-19T18:50:33","modified_gmt":"2020-03-19T17:50:33","slug":"physio-waist-support","status":"publish","type":"product","link":"https:\/\/www.havohravo.com\/de\/produkt\/physio-waist-support\/","title":{"rendered":"physio Kreuzschoner"},"content":{"rendered":"<div class=\"wpb-content-wrapper\"><p>[vc_row][vc_column][vc_empty_space][\/vc_column][\/vc_row][vc_row][vc_column width=&#8220;1\/2&#8243;][vc_column_text]<\/p>\n<h3>Physio Kreuzschoner<\/h3>\n<ul>\n<li>Elastischer Kreuzschoner mit Welltex- Material.<\/li>\n<li>Sehr feiner, flexibler Stoff, welcher eng am K\u00f6rper anliegt.<\/li>\n<li>Der Kreuzschoner eignet sich perfekt zum Tragen unter K\u00f6rperbetonter Kleidung oder Ihrem Lieblingsoutfit. Hergestellt aus unserem bekannten 4-Way-Stretch Material. Horizontale, elastische N\u00e4hte sorgen f\u00fcr ein angenehmes Tragegef\u00fchl bei gleichzeitiger Unterst\u00fctzung von Kreuz- und Bauchmuskeln.<\/li>\n<li>Sowohl f\u00fcr Ruhephasen als auch in der Bewegung und w\u00e4hrend des Trainings geeignet.<\/li>\n<\/ul>\n<h3>Gr\u00f6\u00dfe<\/h3>\n<p>Masse\u00a0<b>C<\/b>\u00a0&#8211; siehe Abbildung rechts<\/p>\n<p>S 59 &#8211; 69 cm<br \/>\nM 69 \u2013 79 cm<br \/>\nL 79 &#8211; 89 cm<br \/>\nXL 89 &#8211; 99 cm<br \/>\nXXL 99 &#8211; 109 cm[\/vc_column_text][vc_empty_space height=&#8220;24&#8243;][vc_column_text]<\/p>\n<h3 style=\"text-align: left;\">Mehr Infos<\/h3>\n<p>[\/vc_column_text][vc_empty_space height=&#8220;4&#8243;]\r\n\t\t\t<div class=\"nm-lightbox\" data-mfp-type=\"image\" data-mfp-src=\"https:\/\/www.havohravo.com\/wp-content\/uploads\/2018\/10\/backontrack_welltex.jpg\"><a href=\"#\">Wie funktioniert die Welltex\u00ae Technologie!<\/a>\r\n\t\t\t<\/div>\r\n\t\t\t<div class=\"nm-lightbox\" data-mfp-type=\"image\" data-mfp-src=\"https:\/\/www.havohravo.com\/wp-content\/uploads\/2018\/10\/backontrack_manufacturing.jpg\"><a href=\"#\">Wie wird es hergestellt<\/a>\r\n\t\t\t<\/div>[vc_empty_space height=&#8220;24&#8243;][\/vc_column][vc_column width=&#8220;5\/12&#8243; offset=&#8220;vc_col-sm-offset-1&#8243;][vc_column_text]<\/p>\n<h3>Richtige Gr\u00f6\u00dfe bestimmen:<\/h3>\n<p>Um richtige Gr\u00f6\u00dfe zu bestimmen, messen sie bitte knapp ohne zus\u00e4tzliche Zentimeter dazu zu rechnen.[\/vc_column_text][vc_empty_space height=&#8220;32&#8243;][vc_single_image image=&#8220;2062&#8243; img_size=&#8220;full&#8220;][vc_empty_space height=&#8220;24&#8243;][\/vc_column][\/vc_row]<\/p>\n<\/div>","protected":false},"excerpt":{"rendered":"<p>Eng und sehr leicht, ideal zum Verwenden bei Verletzung im unteren R\u00fcckenbereich.<\/p>\n","protected":false},"featured_media":6283,"template":"","meta":[],"pwb-brand":[360],"product_cat":[861,886],"product_tag":[],"class_list":{"0":"post-6276","1":"product","2":"type-product","3":"status-publish","4":"has-post-thumbnail","6":"pwb-brand-back-on-track-de","7":"product_cat-fur-menschen","8":"product_cat-menschen-bandagen","10":"first","11":"instock","12":"taxable","13":"shipping-taxable","14":"purchasable","15":"product-type-variable"},"brands":[{"id":360,"name":"Back On Track","slug":"back-on-track-de"}],"_links":{"self":[{"href":"https:\/\/www.havohravo.com\/de\/wp-json\/wp\/v2\/product\/6276","targetHints":{"allow":["GET"]}}],"collection":[{"href":"https:\/\/www.havohravo.com\/de\/wp-json\/wp\/v2\/product"}],"about":[{"href":"https:\/\/www.havohravo.com\/de\/wp-json\/wp\/v2\/types\/product"}],"wp:featuredmedia":[{"embeddable":true,"href":"https:\/\/www.havohravo.com\/de\/wp-json\/wp\/v2\/media\/6283"}],"wp:attachment":[{"href":"https:\/\/www.havohravo.com\/de\/wp-json\/wp\/v2\/media?parent=6276"}],"wp:term":[{"taxonomy":"pwb-brand","embeddable":true,"href":"https:\/\/www.havohravo.com\/de\/wp-json\/wp\/v2\/pwb-brand?post=6276"},{"taxonomy":"product_cat","embeddable":true,"href":"https:\/\/www.havohravo.com\/de\/wp-json\/wp\/v2\/product_cat?post=6276"},{"taxonomy":"product_tag","embeddable":true,"href":"https:\/\/www.havohravo.com\/de\/wp-json\/wp\/v2\/product_tag?post=6276"}],"curies":[{"name":"wp","href":"https:\/\/api.w.org\/{rel}","templated":true}]}}