{"id":6295,"date":"2018-12-30T23:51:54","date_gmt":"2018-12-30T22:51:54","guid":{"rendered":"https:\/\/www.havohravo.com\/product\/boxer-shorts-manner-mike\/"},"modified":"2019-04-10T00:28:49","modified_gmt":"2019-04-09T22:28:49","slug":"boxer-shorts-manner-mike","status":"publish","type":"product","link":"https:\/\/www.havohravo.com\/de\/produkt\/boxer-shorts-manner-mike\/","title":{"rendered":"Boxer Shorts M\u00e4nner Mike"},"content":{"rendered":"<div class=\"wpb-content-wrapper\"><p>[vc_row][vc_column][vc_empty_space][\/vc_column][\/vc_row][vc_row][vc_column width=&#8220;7\/12&#8243; offset=&#8220;vc_col-lg-offset-0 vc_col-lg-6&#8243;][vc_column_text]<\/p>\n<h3>Boxer Shorts M\u00e4nner Mike<\/h3>\n<ul>\n<li>Die Boxer Shorts Mike ist aus weichem, schnelltrocknendem Iontex- Material hergestellt.<\/li>\n<li>Iontex kann die Blutzirkulation erh\u00f6hen,ist antibakteriell und hoch atmungsaktiv. Um eine gute Luftzirkulation gew\u00e4hrleisten zu k\u00f6nnen, verf\u00fcgt die Boxershorts \u00fcber Netzeins\u00e4tze.<\/li>\n<li>Das Material ist weich und angenehm auf der Haut zu tragen<\/li>\n<\/ul>\n<p>[\/vc_column_text][vc_empty_space height=&#8220;24&#8243;][vc_column_text]<\/p>\n<div class=\"wpb_text_column wpb_content_element \">\n<div class=\"wpb_wrapper\">\n<h3>Richtige Gr\u00f6\u00dfe bestimmen:<\/h3>\n<p>Um richtige Gr\u00f6\u00dfe zu bestimmen, messen sie bitte knapp ohne zus\u00e4tzliche Zentimeter dazu zu rechnen.<\/p>\n<\/div>\n<\/div>\n<p>[\/vc_column_text][vc_empty_space height=&#8220;24&#8243;][\/vc_column][vc_column width=&#8220;5\/12&#8243; offset=&#8220;vc_col-lg-5&#8243;][vc_single_image image=&#8220;2144&#8243; img_size=&#8220;full&#8220; alignment=&#8220;center&#8220;][vc_empty_space height=&#8220;24&#8243;][\/vc_column][\/vc_row][vc_row][vc_column][vc_column_text el_class=&#8220;table-container&#8220;]<\/p>\n<h3>Gr\u00f6\u00dfen<\/h3>\n<table>\n<tbody>\n<tr>\n<td width=\"25\"><\/td>\n<td style=\"width: 120px;\" width=\"113\"><strong>MEN\/UNISEX<\/strong><\/td>\n<td width=\"87\"><strong>XS<\/strong><\/td>\n<td width=\"100\"><strong>S<\/strong><\/td>\n<td width=\"100\"><strong>M<\/strong><\/td>\n<td width=\"100\"><strong>L<\/strong><\/td>\n<td width=\"100\"><strong>XL<\/strong><\/td>\n<td width=\"100\"><strong>XXL<\/strong><\/td>\n<td width=\"100\"><strong>XXXL<\/strong><\/td>\n<\/tr>\n<tr>\n<td width=\"25\">1<\/td>\n<td style=\"width: 120px;\" width=\"113\"><strong>Kopfumfang<\/strong><\/td>\n<td width=\"87\"><\/td>\n<td width=\"100\">54-56 cm<\/td>\n<td width=\"100\">57-59 cm<\/td>\n<td width=\"100\">59-61 cm<\/td>\n<td width=\"100\"><\/td>\n<td width=\"100\"><\/td>\n<td width=\"100\"><\/td>\n<\/tr>\n<tr>\n<td width=\"25\"><\/td>\n<td style=\"width: 120px;\" width=\"113\"><strong>T-Shirt Gr\u00f6\u00dfe<\/strong><\/td>\n<td width=\"87\">42-44<\/td>\n<td width=\"100\">44-46<\/td>\n<td width=\"100\">46-48<\/td>\n<td width=\"100\">48-50<\/td>\n<td width=\"100\">50-52<\/td>\n<td width=\"100\">52-54<\/td>\n<td width=\"100\">54-56<\/td>\n<\/tr>\n<tr>\n<td width=\"25\">4<\/td>\n<td style=\"width: 120px;\" width=\"113\"><strong>T-Shirt L\u00e4nge<\/strong><\/td>\n<td width=\"87\">67 cm<\/td>\n<td width=\"100\">68 cm<\/td>\n<td width=\"100\">69 cm<\/td>\n<td width=\"100\">70 cm<\/td>\n<td width=\"100\">71 cm<\/td>\n<td width=\"100\">72 cm<\/td>\n<td width=\"100\">73 cm<\/td>\n<\/tr>\n<tr>\n<td width=\"25\">2<\/td>\n<td style=\"width: 120px;\" width=\"113\"><strong>Halsumfang<\/strong><\/td>\n<td width=\"87\">33 cm<\/td>\n<td width=\"100\">35 cm<\/td>\n<td width=\"100\">39 cm<\/td>\n<td width=\"100\">43 cm<\/td>\n<td width=\"100\">45 cm<\/td>\n<td width=\"100\">48 cm<\/td>\n<td width=\"100\">50 cm<\/td>\n<\/tr>\n<tr>\n<td width=\"25\">9<\/td>\n<td style=\"width: 120px;\" width=\"113\"><strong>Arm L\u00e4nge<\/strong><\/td>\n<td width=\"87\">51 cm<\/td>\n<td width=\"100\">52 cm<\/td>\n<td width=\"100\">53 cm<\/td>\n<td width=\"100\">54 cm<\/td>\n<td width=\"100\">55 cm<\/td>\n<td width=\"100\">56 cm<\/td>\n<td width=\"100\"><\/td>\n<\/tr>\n<tr>\n<td width=\"25\">3<\/td>\n<td style=\"width: 120px;\" width=\"113\"><strong>\u00c4rmel\u00f6ffnung<\/strong><\/td>\n<td width=\"87\">46-47 cm<\/td>\n<td width=\"100\">48-49 cm<\/td>\n<td width=\"100\">50-51 cm<\/td>\n<td width=\"100\">51-53 cm<\/td>\n<td width=\"100\">54-55 cm<\/td>\n<td width=\"100\">56-57 cm<\/td>\n<td width=\"100\">57-58 cm<\/td>\n<\/tr>\n<tr>\n<td width=\"25\">5<\/td>\n<td style=\"width: 120px;\" width=\"113\"><strong>Brust<\/strong><\/td>\n<td width=\"87\">90-94 cm<\/td>\n<td width=\"100\">95-99 cm<\/td>\n<td width=\"100\">100-104 cm<\/td>\n<td width=\"100\">105-109 cm<\/td>\n<td width=\"100\">110-114 cm<\/td>\n<td width=\"100\">115-119 cm<\/td>\n<td width=\"100\">120-124 cm<\/td>\n<\/tr>\n<tr>\n<td width=\"25\">6<\/td>\n<td style=\"width: 120px;\" width=\"113\"><strong>Taile<\/strong><\/td>\n<td width=\"87\">90-94 cm<\/td>\n<td width=\"100\">95-99 cm<\/td>\n<td width=\"100\">100-104 cm<\/td>\n<td width=\"100\">105-109 cm<\/td>\n<td width=\"100\">110-114 cm<\/td>\n<td width=\"100\">115-119 cm<\/td>\n<td width=\"100\">120-124 cm<\/td>\n<\/tr>\n<tr>\n<td width=\"25\">8<\/td>\n<td style=\"width: 120px;\" width=\"113\"><strong>Handumfang<\/strong><\/td>\n<td width=\"87\">5-6 cm<\/td>\n<td width=\"100\">6-7 cm<\/td>\n<td width=\"100\">7-8 cm<\/td>\n<td width=\"100\">8-9 cm<\/td>\n<td width=\"100\">9-10 cm<\/td>\n<td width=\"100\"><\/td>\n<td width=\"100\"><\/td>\n<\/tr>\n<tr>\n<td width=\"25\">7<\/td>\n<td style=\"width: 120px;\" width=\"113\"><strong>H\u00fcftenumfang<\/strong><\/td>\n<td width=\"87\">79-85 cm<\/td>\n<td width=\"100\">86-92 cm<\/td>\n<td width=\"100\">93-99 cm<\/td>\n<td width=\"100\">100-106 cm<\/td>\n<td width=\"100\">107-113 cm<\/td>\n<td width=\"100\">114-120 cm<\/td>\n<td width=\"100\">121-126 cm<\/td>\n<\/tr>\n<tr>\n<td width=\"25\">10<\/td>\n<td style=\"width: 120px;\" width=\"113\"><strong>Beinl\u00e4nge an Innenseite<\/strong><\/td>\n<td width=\"87\">73 cm<\/td>\n<td width=\"100\">74 cm<\/td>\n<td width=\"100\">74 cm<\/td>\n<td width=\"100\">76 cm<\/td>\n<td width=\"100\">76 cm<\/td>\n<td width=\"100\">78 cm<\/td>\n<td width=\"100\">78 cm<\/td>\n<\/tr>\n<\/tbody>\n<\/table>\n<p>[\/vc_column_text][vc_empty_space height=&#8220;24&#8243;][\/vc_column][\/vc_row]<\/p>\n<\/div>","protected":false},"excerpt":{"rendered":"<p>Hilfreich bei Verspannungen in der H\u00fcfte, oberfl\u00e4chliche Schmerzen im H\u00fcftenbereich oder Blasenschmerzen und Prostatabeschwerden, die durch K\u00e4lte verursacht sind.<\/p>\n","protected":false},"featured_media":6301,"template":"","meta":[],"pwb-brand":[360],"product_cat":[1707,861,887],"product_tag":[],"class_list":{"0":"post-6295","1":"product","2":"type-product","3":"status-publish","4":"has-post-thumbnail","6":"pwb-brand-back-on-track-de","7":"product_cat-hosen","8":"product_cat-fur-menschen","9":"product_cat-bekleidung","11":"first","12":"onbackorder","13":"taxable","14":"shipping-taxable","15":"purchasable","16":"product-type-variable"},"brands":[{"id":360,"name":"Back On Track","slug":"back-on-track-de"}],"_links":{"self":[{"href":"https:\/\/www.havohravo.com\/de\/wp-json\/wp\/v2\/product\/6295","targetHints":{"allow":["GET"]}}],"collection":[{"href":"https:\/\/www.havohravo.com\/de\/wp-json\/wp\/v2\/product"}],"about":[{"href":"https:\/\/www.havohravo.com\/de\/wp-json\/wp\/v2\/types\/product"}],"wp:featuredmedia":[{"embeddable":true,"href":"https:\/\/www.havohravo.com\/de\/wp-json\/wp\/v2\/media\/6301"}],"wp:attachment":[{"href":"https:\/\/www.havohravo.com\/de\/wp-json\/wp\/v2\/media?parent=6295"}],"wp:term":[{"taxonomy":"pwb-brand","embeddable":true,"href":"https:\/\/www.havohravo.com\/de\/wp-json\/wp\/v2\/pwb-brand?post=6295"},{"taxonomy":"product_cat","embeddable":true,"href":"https:\/\/www.havohravo.com\/de\/wp-json\/wp\/v2\/product_cat?post=6295"},{"taxonomy":"product_tag","embeddable":true,"href":"https:\/\/www.havohravo.com\/de\/wp-json\/wp\/v2\/product_tag?post=6295"}],"curies":[{"name":"wp","href":"https:\/\/api.w.org\/{rel}","templated":true}]}}