{"id":63041,"date":"2022-04-11T22:21:28","date_gmt":"2022-04-11T20:21:28","guid":{"rendered":"https:\/\/www.havohravo.com\/?post_type=product&#038;p=63041"},"modified":"2024-04-30T17:06:05","modified_gmt":"2024-04-30T15:06:05","slug":"schlange-fur-wilde-zerrspiele","status":"publish","type":"product","link":"https:\/\/www.havohravo.com\/de\/produkt\/schlange-fur-wilde-zerrspiele\/","title":{"rendered":"Schlange &#8211; f\u00fcr wilde Zerrspiele"},"content":{"rendered":"<div class=\"wpb-content-wrapper\"><p>[vc_row][vc_column][vc_empty_space][\/vc_column][\/vc_row][vc_row][vc_column width=&#8220;2\/3&#8243; offset=&#8220;vc_col-sm-offset-2 vc_col-xs-12&#8243;][vc_column_text]<\/p>\n<h3>Schlange<\/h3>\n<p>Perfektes Spielzeug f\u00fcr kleine als auch gro\u00dfe Hunde. Garantiert Spa\u00df f\u00fcr Einzelg\u00e4nger oder auch das ganze Rudel. Hergestellt aus Softshell f\u00fcr Hunde die gerne stark zerren!<br \/>\nL\u00e4nge der Schlange ist 100 cm und es enth\u00e4lt 6 Plastikquitschies in dem ganzen K\u00f6rper.<\/p>\n<p>Spielzeug ist gef\u00fcttert und enth\u00e4lt im Innenteil einen PP Gurtband, damit es beim Zerren stabil bleibt.<\/p>\n<p>Das Spielzeug dient zum aktiven Spiel zwischen dem Hundef\u00fchrer und dem Hund.Lassen sie den Hund nicht unbeaufsichtig damit spielen. Falls das Spielzeug besch\u00e4digt wird, nehmen sie es dem Hund weg. Es ist kein Kinderspielzeug.<\/p>\n<h4>Gr\u00f6\u00dfe:<\/h4>\n<p>L\u00e4nge: ca 100 cm<br \/>\nBreite: 4 cm<\/p>\n<h4>Material<\/h4>\n<p>Softshell &#8211; 100 % Polyester[\/vc_column_text][vc_empty_space height=&#8220;32&#8243;][\/vc_column][\/vc_row]<\/p>\n<\/div>","protected":false},"excerpt":{"rendered":"<p>Zerspielzeug f\u00fcr Hunde, die\u00a0 kuscheliges Spielzeug lieben!<\/p>\n","protected":false},"featured_media":63030,"template":"","meta":[],"pwb-brand":[1009],"product_cat":[1178,866],"product_tag":[1179],"class_list":{"0":"post-63041","1":"product","2":"type-product","3":"status-publish","4":"has-post-thumbnail","6":"pwb-brand-piskacipotvurky","7":"product_cat-pluschtierchen","8":"product_cat-hundespielzeug","9":"product_tag-quitschi","11":"first","12":"outofstock","13":"featured","14":"taxable","15":"shipping-taxable","16":"purchasable","17":"product-type-variable"},"brands":[{"id":1009,"name":"Piskaci Potvurky","slug":"piskacipotvurky"}],"_links":{"self":[{"href":"https:\/\/www.havohravo.com\/de\/wp-json\/wp\/v2\/product\/63041","targetHints":{"allow":["GET"]}}],"collection":[{"href":"https:\/\/www.havohravo.com\/de\/wp-json\/wp\/v2\/product"}],"about":[{"href":"https:\/\/www.havohravo.com\/de\/wp-json\/wp\/v2\/types\/product"}],"wp:featuredmedia":[{"embeddable":true,"href":"https:\/\/www.havohravo.com\/de\/wp-json\/wp\/v2\/media\/63030"}],"wp:attachment":[{"href":"https:\/\/www.havohravo.com\/de\/wp-json\/wp\/v2\/media?parent=63041"}],"wp:term":[{"taxonomy":"pwb-brand","embeddable":true,"href":"https:\/\/www.havohravo.com\/de\/wp-json\/wp\/v2\/pwb-brand?post=63041"},{"taxonomy":"product_cat","embeddable":true,"href":"https:\/\/www.havohravo.com\/de\/wp-json\/wp\/v2\/product_cat?post=63041"},{"taxonomy":"product_tag","embeddable":true,"href":"https:\/\/www.havohravo.com\/de\/wp-json\/wp\/v2\/product_tag?post=63041"}],"curies":[{"name":"wp","href":"https:\/\/api.w.org\/{rel}","templated":true}]}}