{"id":6321,"date":"2018-12-30T23:29:02","date_gmt":"2018-12-30T22:29:02","guid":{"rendered":"https:\/\/www.havohravo.com\/product\/kniestrumpf-noah-weite-wade\/"},"modified":"2019-04-22T18:22:38","modified_gmt":"2019-04-22T16:22:38","slug":"kniestrumpf-noah-weite-wade","status":"publish","type":"product","link":"https:\/\/www.havohravo.com\/de\/produkt\/kniestrumpf-noah-weite-wade\/","title":{"rendered":"Kniestrumpf Noah, Weite Wade"},"content":{"rendered":"<div class=\"wpb-content-wrapper\"><p>[vc_row][vc_column][vc_empty_space][\/vc_column][\/vc_row][vc_row][vc_column width=&#8220;1\/2&#8243;][vc_column_text]<\/p>\n<h3>Kneestrumpf Noah, weite Wade<\/h3>\n<p>Die Kniestr\u00fcmpfe Noah, hergestellt aus extra festem Welltex Material verf\u00fcgen au\u00dferdem \u00fcber ein angenehmes Stretch-Frottee-Fu\u00dfbett.<br \/>\nDie Str\u00fcmpfe sind die perfekten Begleiter f\u00fcr Reiter und aktive Athleten in allen Outdoor-Sportarten w\u00e4hrend der kalten Wintermonate.<\/p>\n<p>Hergestellt aus folgenden Stoffen mit eingeschmolzenen Keramikpartikeln: 88% Polyester, 7% Elasthan und 5% Nylon. Erh\u00e4ltlich in Schwarz mit einem wei\u00dfen Back on Track Logo auf der Wade.[\/vc_column_text][vc_empty_space height=&#8220;24&#8243;][\/vc_column][vc_column width=&#8220;1\/2&#8243;][vc_column_text]<\/p>\n<h3>Material<\/h3>\n<p>88% Polyamide, 7% Elastane, 5% Nylon<br \/>\nMaschinenwaschbar bei 40 Grad im Schonwaschgang.<\/p>\n<h3>Gr\u00f6\u00dfe<\/h3>\n<p>S\u00a035-37 cm<br \/>\nM 38-39 cm<br \/>\nL 40-42 cm<br \/>\nXL 43-45 cm[\/vc_column_text][\/vc_column][\/vc_row][vc_row][vc_column][vc_empty_space][vc_video link=&#8220;https:\/\/youtu.be\/Ky_X85yfUUo&#8220;][\/vc_column][\/vc_row]<\/p>\n<\/div>","protected":false},"excerpt":{"rendered":"<p>Noah sind ideale Trainingssocken f\u00fcr\u00a0aktive Athleten in allen Outdoor-Sportarten.<\/p>\n<p>Verf\u00fcgbare Farbe: schwarz<\/p>\n","protected":false},"featured_media":6326,"template":"","meta":[],"pwb-brand":[360],"product_cat":[1706,861,887],"product_tag":[],"class_list":{"0":"post-6321","1":"product","2":"type-product","3":"status-publish","4":"has-post-thumbnail","6":"pwb-brand-back-on-track-de","7":"product_cat-socken","8":"product_cat-fur-menschen","9":"product_cat-bekleidung","11":"first","12":"onbackorder","13":"taxable","14":"shipping-taxable","15":"purchasable","16":"product-type-variable"},"brands":[{"id":360,"name":"Back On Track","slug":"back-on-track-de"}],"_links":{"self":[{"href":"https:\/\/www.havohravo.com\/de\/wp-json\/wp\/v2\/product\/6321","targetHints":{"allow":["GET"]}}],"collection":[{"href":"https:\/\/www.havohravo.com\/de\/wp-json\/wp\/v2\/product"}],"about":[{"href":"https:\/\/www.havohravo.com\/de\/wp-json\/wp\/v2\/types\/product"}],"wp:featuredmedia":[{"embeddable":true,"href":"https:\/\/www.havohravo.com\/de\/wp-json\/wp\/v2\/media\/6326"}],"wp:attachment":[{"href":"https:\/\/www.havohravo.com\/de\/wp-json\/wp\/v2\/media?parent=6321"}],"wp:term":[{"taxonomy":"pwb-brand","embeddable":true,"href":"https:\/\/www.havohravo.com\/de\/wp-json\/wp\/v2\/pwb-brand?post=6321"},{"taxonomy":"product_cat","embeddable":true,"href":"https:\/\/www.havohravo.com\/de\/wp-json\/wp\/v2\/product_cat?post=6321"},{"taxonomy":"product_tag","embeddable":true,"href":"https:\/\/www.havohravo.com\/de\/wp-json\/wp\/v2\/product_tag?post=6321"}],"curies":[{"name":"wp","href":"https:\/\/api.w.org\/{rel}","templated":true}]}}