{"id":6337,"date":"2018-12-30T23:05:07","date_gmt":"2018-12-30T22:05:07","guid":{"rendered":"https:\/\/www.havohravo.com\/product\/socken-billie\/"},"modified":"2019-04-15T20:21:20","modified_gmt":"2019-04-15T18:21:20","slug":"socken-billie","status":"publish","type":"product","link":"https:\/\/www.havohravo.com\/de\/produkt\/socken-billie\/","title":{"rendered":"Socken Billie"},"content":{"rendered":"<div class=\"wpb-content-wrapper\"><p>[vc_row][vc_column][vc_empty_space][\/vc_column][\/vc_row][vc_row][vc_column width=&#8220;1\/2&#8243;][vc_column_text]<\/p>\n<h3>Socken Billie<\/h3>\n<ul>\n<li>Mit leichtem Stretch und lockeren Schaft f\u00fcr Druckentlastung\u00a0 und zur Minimierung von Blasenbildung auf der Haut und den F\u00fc\u00dfen.<\/li>\n<li>Schwedisches Design entwickelt mit Diabetes Patienten im Zusammenhang mit der Problematik von geschwollenen Beinen.<\/li>\n<li>Die feuchtigkeitsregulierenden und geruchshemmenden Eigenschaften k\u00f6nnen das Risiko von bakteriellen und oberfl\u00e4chlichen Infektionen mindern und die Produktion von\u00a0 Stickstoffmonoxid, sowie die Durchblutung f\u00f6rdern.<\/li>\n<li>Perfekt f\u00fcr gestresste F\u00fc\u00dfe, tags\u00fcber und w\u00e4hrend der Nacht.<\/li>\n<li>Verleihen ein angenehmes Gef\u00fchl.<\/li>\n<li>Perfekte Passform.<\/li>\n<li>Super Qualit\u00e4t.<\/li>\n<\/ul>\n<p>[\/vc_column_text][vc_empty_space height=&#8220;24&#8243;][\/vc_column][vc_column width=&#8220;1\/2&#8243;][vc_column_text]<\/p>\n<h3>Material:<\/h3>\n<p>78% Polyester, 17% Polyamide, 3% Elastane, 2% Baumwolle<br \/>\nMaschinenwaschbar bei 40 Grad im Schonwaschgang.<\/p>\n<h3>Gr\u00f6\u00dfe:<\/h3>\n<p>S\u00a035-38 cm<br \/>\nM 39-42 cm<br \/>\nL 43-45 cm[\/vc_column_text][\/vc_column][\/vc_row]<\/p>\n<\/div>","protected":false},"excerpt":{"rendered":"<p>Schwedisches Design entwickelt mit Diabetes Patienten im Zusammenhang mit der Problematik von geschwollenen Beinen.<\/p>\n","protected":false},"featured_media":6341,"template":"","meta":[],"pwb-brand":[360],"product_cat":[1706,861,887],"product_tag":[],"class_list":{"0":"post-6337","1":"product","2":"type-product","3":"status-publish","4":"has-post-thumbnail","6":"pwb-brand-back-on-track-de","7":"product_cat-socken","8":"product_cat-fur-menschen","9":"product_cat-bekleidung","11":"first","12":"onbackorder","13":"taxable","14":"shipping-taxable","15":"purchasable","16":"product-type-variable"},"brands":[{"id":360,"name":"Back On Track","slug":"back-on-track-de"}],"_links":{"self":[{"href":"https:\/\/www.havohravo.com\/de\/wp-json\/wp\/v2\/product\/6337","targetHints":{"allow":["GET"]}}],"collection":[{"href":"https:\/\/www.havohravo.com\/de\/wp-json\/wp\/v2\/product"}],"about":[{"href":"https:\/\/www.havohravo.com\/de\/wp-json\/wp\/v2\/types\/product"}],"wp:featuredmedia":[{"embeddable":true,"href":"https:\/\/www.havohravo.com\/de\/wp-json\/wp\/v2\/media\/6341"}],"wp:attachment":[{"href":"https:\/\/www.havohravo.com\/de\/wp-json\/wp\/v2\/media?parent=6337"}],"wp:term":[{"taxonomy":"pwb-brand","embeddable":true,"href":"https:\/\/www.havohravo.com\/de\/wp-json\/wp\/v2\/pwb-brand?post=6337"},{"taxonomy":"product_cat","embeddable":true,"href":"https:\/\/www.havohravo.com\/de\/wp-json\/wp\/v2\/product_cat?post=6337"},{"taxonomy":"product_tag","embeddable":true,"href":"https:\/\/www.havohravo.com\/de\/wp-json\/wp\/v2\/product_tag?post=6337"}],"curies":[{"name":"wp","href":"https:\/\/api.w.org\/{rel}","templated":true}]}}